{"id":1120,"date":"2011-02-08T15:37:18","date_gmt":"2011-02-08T15:37:18","guid":{"rendered":"https:\/\/bosnjacki.rs\/bosnjacki_wp\/?page_id=1120"},"modified":"2015-03-25T17:57:36","modified_gmt":"2015-03-25T16:57:36","slug":"luj-xv","status":"publish","type":"page","link":"https:\/\/bosnjacki.rs\/en\/dnevne-sobe\/fotelje\/luj-xv\/","title":{"rendered":"Louis XV"},"content":{"rendered":"<p><strong><div id='gallery-2' class='gallery galleryid-1120 gallery-columns-3 gallery-size-thumbnail'><figure class='gallery-item'>\n\t\t\t<div class='gallery-icon portrait'>\n\t\t\t\t<a href='https:\/\/bosnjacki.rs\/wp-content\/uploads\/2011\/02\/DSC08587.jpg'><img loading=\"lazy\" decoding=\"async\" width=\"300\" height=\"300\" src=\"https:\/\/bosnjacki.rs\/wp-content\/uploads\/2011\/02\/DSC08587-300x300.jpg\" class=\"attachment-thumbnail size-thumbnail\" alt=\"\" srcset=\"https:\/\/bosnjacki.rs\/wp-content\/uploads\/2011\/02\/DSC08587-300x300.jpg 300w, https:\/\/bosnjacki.rs\/wp-content\/uploads\/2011\/02\/DSC08587-72x72.jpg 72w\" sizes=\"auto, (max-width: 300px) 100vw, 300px\" \/><\/a>\n\t\t\t<\/div><\/figure><figure class='gallery-item'>\n\t\t\t<div class='gallery-icon portrait'>\n\t\t\t\t<a href='https:\/\/bosnjacki.rs\/wp-content\/uploads\/2011\/02\/DSC08593.jpg'><img loading=\"lazy\" decoding=\"async\" width=\"300\" height=\"300\" src=\"https:\/\/bosnjacki.rs\/wp-content\/uploads\/2011\/02\/DSC08593-300x300.jpg\" class=\"attachment-thumbnail size-thumbnail\" alt=\"\" srcset=\"https:\/\/bosnjacki.rs\/wp-content\/uploads\/2011\/02\/DSC08593-300x300.jpg 300w, https:\/\/bosnjacki.rs\/wp-content\/uploads\/2011\/02\/DSC08593-72x72.jpg 72w\" sizes=\"auto, (max-width: 300px) 100vw, 300px\" \/><\/a>\n\t\t\t<\/div><\/figure><figure class='gallery-item'>\n\t\t\t<div class='gallery-icon portrait'>\n\t\t\t\t<a href='https:\/\/bosnjacki.rs\/wp-content\/uploads\/2011\/02\/image-e6ef0206f9a35d3fae06ffc63132e482215ace64d8c8ceb9d6ad253cdc301bfb-V.jpg'><img loading=\"lazy\" decoding=\"async\" width=\"300\" height=\"300\" src=\"https:\/\/bosnjacki.rs\/wp-content\/uploads\/2011\/02\/image-e6ef0206f9a35d3fae06ffc63132e482215ace64d8c8ceb9d6ad253cdc301bfb-V-300x300.jpg\" class=\"attachment-thumbnail size-thumbnail\" alt=\"\" srcset=\"https:\/\/bosnjacki.rs\/wp-content\/uploads\/2011\/02\/image-e6ef0206f9a35d3fae06ffc63132e482215ace64d8c8ceb9d6ad253cdc301bfb-V-300x300.jpg 300w, https:\/\/bosnjacki.rs\/wp-content\/uploads\/2011\/02\/image-e6ef0206f9a35d3fae06ffc63132e482215ace64d8c8ceb9d6ad253cdc301bfb-V-72x72.jpg 72w\" sizes=\"auto, (max-width: 300px) 100vw, 300px\" \/><\/a>\n\t\t\t<\/div><\/figure>\n\t\t<\/div>\n<\/p>","protected":false},"excerpt":{"rendered":"Opis proizvoda: Ru\u010dno radjen duborez. Mebl \u0161tof ili ko\u017ea. Boja drveta po izboru. Tehni\u010dke specifikacije: Materijali: masiv tre\u0161nja. Dostupnost proizvoda: Po porud\u017ebini \u041e\u043f\u0438\u0441\u0430\u043d\u0438\u0435 \u0442\u043e\u0432\u0430\u0440\u0430: \u0420\u0443\u0447\u043d\u0430\u044f \u0440\u0435\u0437\u044c\u0431\u0430 \u043f\u043e \u0434\u0435\u0440\u0435\u0432\u0443. \u041e\u0431\u0438\u0432\u043a\u0430 \u0442\u043a\u0430\u043d\u044c \u0438\u043b\u0438 \u043a\u043e\u0436\u0430. \u0426\u0432\u0435\u0442 \u0434\u0435\u0440\u0435\u0432\u0430 \u043d\u0430 \u0432\u044b\u0431\u043e\u0440. \u0422\u0435\u0445\u043d\u0438\u0447\u0435\u0441\u043a\u0438\u0435 \u0445\u0430\u0440\u0430\u043a\u0442\u0435\u0440\u0438\u0441\u0442\u0438\u043a\u0438: \u041c\u0430\u0442\u0435\u0440\u0438\u0430\u043b\u044b: \u043c\u0430\u0441\u0441\u0438\u0432 \u0447\u0435\u0440\u0435\u0448\u043d\u0438. \u041d\u0430\u043b\u0438\u0447\u0438\u0435 \u0442\u043e\u0432\u0430\u0440\u0430: \u041f\u043e\u0434 \u0437\u0430\u043a\u0430\u0437","protected":false},"author":2,"featured_media":5285,"parent":49,"menu_order":0,"comment_status":"open","ping_status":"open","template":"page-product.php","meta":{"footnotes":""},"class_list":["post-1120","page","type-page","status-publish","has-post-thumbnail","hentry"],"_links":{"self":[{"href":"https:\/\/bosnjacki.rs\/en\/wp-json\/wp\/v2\/pages\/1120","targetHints":{"allow":["GET"]}}],"collection":[{"href":"https:\/\/bosnjacki.rs\/en\/wp-json\/wp\/v2\/pages"}],"about":[{"href":"https:\/\/bosnjacki.rs\/en\/wp-json\/wp\/v2\/types\/page"}],"author":[{"embeddable":true,"href":"https:\/\/bosnjacki.rs\/en\/wp-json\/wp\/v2\/users\/2"}],"replies":[{"embeddable":true,"href":"https:\/\/bosnjacki.rs\/en\/wp-json\/wp\/v2\/comments?post=1120"}],"version-history":[{"count":9,"href":"https:\/\/bosnjacki.rs\/en\/wp-json\/wp\/v2\/pages\/1120\/revisions"}],"predecessor-version":[{"id":5286,"href":"https:\/\/bosnjacki.rs\/en\/wp-json\/wp\/v2\/pages\/1120\/revisions\/5286"}],"up":[{"embeddable":true,"href":"https:\/\/bosnjacki.rs\/en\/wp-json\/wp\/v2\/pages\/49"}],"wp:featuredmedia":[{"embeddable":true,"href":"https:\/\/bosnjacki.rs\/en\/wp-json\/wp\/v2\/media\/5285"}],"wp:attachment":[{"href":"https:\/\/bosnjacki.rs\/en\/wp-json\/wp\/v2\/media?parent=1120"}],"curies":[{"name":"wp","href":"https:\/\/api.w.org\/{rel}","templated":true}]}}