{"id":1195,"date":"2011-02-08T16:11:40","date_gmt":"2011-02-08T16:11:40","guid":{"rendered":"https:\/\/bosnjacki.rs\/bosnjacki_wp\/?page_id=1195"},"modified":"2015-11-24T10:48:41","modified_gmt":"2015-11-24T09:48:41","slug":"luj-xv","status":"publish","type":"page","link":"https:\/\/bosnjacki.rs\/en\/spavace-sobe\/kreveti\/luj-xv\/","title":{"rendered":"Louis XV"},"content":{"rendered":"<p><\/p>\n<p><strong><div id='gallery-2' class='gallery galleryid-1195 gallery-columns-3 gallery-size-thumbnail'><figure class='gallery-item'>\n\t\t\t<div class='gallery-icon landscape'>\n\t\t\t\t<a href='https:\/\/bosnjacki.rs\/wp-content\/uploads\/2011\/02\/004.jpg'><img loading=\"lazy\" decoding=\"async\" width=\"300\" height=\"300\" src=\"https:\/\/bosnjacki.rs\/wp-content\/uploads\/2011\/02\/004-300x300.jpg\" class=\"attachment-thumbnail size-thumbnail\" alt=\"\" srcset=\"https:\/\/bosnjacki.rs\/wp-content\/uploads\/2011\/02\/004-300x300.jpg 300w, https:\/\/bosnjacki.rs\/wp-content\/uploads\/2011\/02\/004-72x72.jpg 72w\" sizes=\"auto, (max-width: 300px) 100vw, 300px\" \/><\/a>\n\t\t\t<\/div><\/figure><figure class='gallery-item'>\n\t\t\t<div class='gallery-icon landscape'>\n\t\t\t\t<a href='https:\/\/bosnjacki.rs\/wp-content\/uploads\/2011\/02\/001.jpg'><img loading=\"lazy\" decoding=\"async\" width=\"300\" height=\"300\" src=\"https:\/\/bosnjacki.rs\/wp-content\/uploads\/2011\/02\/001-300x300.jpg\" class=\"attachment-thumbnail size-thumbnail\" alt=\"\" srcset=\"https:\/\/bosnjacki.rs\/wp-content\/uploads\/2011\/02\/001-300x300.jpg 300w, https:\/\/bosnjacki.rs\/wp-content\/uploads\/2011\/02\/001-72x72.jpg 72w\" sizes=\"auto, (max-width: 300px) 100vw, 300px\" \/><\/a>\n\t\t\t<\/div><\/figure><figure class='gallery-item'>\n\t\t\t<div class='gallery-icon landscape'>\n\t\t\t\t<a href='https:\/\/bosnjacki.rs\/wp-content\/uploads\/2011\/02\/003.jpg'><img loading=\"lazy\" decoding=\"async\" width=\"300\" height=\"300\" src=\"https:\/\/bosnjacki.rs\/wp-content\/uploads\/2011\/02\/003-300x300.jpg\" class=\"attachment-thumbnail size-thumbnail\" alt=\"\" srcset=\"https:\/\/bosnjacki.rs\/wp-content\/uploads\/2011\/02\/003-300x300.jpg 300w, https:\/\/bosnjacki.rs\/wp-content\/uploads\/2011\/02\/003-72x72.jpg 72w\" sizes=\"auto, (max-width: 300px) 100vw, 300px\" \/><\/a>\n\t\t\t<\/div><\/figure>\n\t\t<\/div>\n<br \/>\n<\/p>","protected":false},"excerpt":{"rendered":"Opis proizvoda: Vrsta drveta, dimenzije i boja po izboru. Duborez ru\u010dne izrade. Tehni\u010dke specifikacije: Materijali: medijapan, furnir, masiv tre\u0161nja. Dostupnost proizvoda: Po porud\u017ebini","protected":false},"author":2,"featured_media":4749,"parent":71,"menu_order":0,"comment_status":"open","ping_status":"open","template":"page-product.php","meta":{"footnotes":""},"class_list":["post-1195","page","type-page","status-publish","has-post-thumbnail","hentry"],"_links":{"self":[{"href":"https:\/\/bosnjacki.rs\/en\/wp-json\/wp\/v2\/pages\/1195","targetHints":{"allow":["GET"]}}],"collection":[{"href":"https:\/\/bosnjacki.rs\/en\/wp-json\/wp\/v2\/pages"}],"about":[{"href":"https:\/\/bosnjacki.rs\/en\/wp-json\/wp\/v2\/types\/page"}],"author":[{"embeddable":true,"href":"https:\/\/bosnjacki.rs\/en\/wp-json\/wp\/v2\/users\/2"}],"replies":[{"embeddable":true,"href":"https:\/\/bosnjacki.rs\/en\/wp-json\/wp\/v2\/comments?post=1195"}],"version-history":[{"count":6,"href":"https:\/\/bosnjacki.rs\/en\/wp-json\/wp\/v2\/pages\/1195\/revisions"}],"predecessor-version":[{"id":1201,"href":"https:\/\/bosnjacki.rs\/en\/wp-json\/wp\/v2\/pages\/1195\/revisions\/1201"}],"up":[{"embeddable":true,"href":"https:\/\/bosnjacki.rs\/en\/wp-json\/wp\/v2\/pages\/71"}],"wp:featuredmedia":[{"embeddable":true,"href":"https:\/\/bosnjacki.rs\/en\/wp-json\/wp\/v2\/media\/4749"}],"wp:attachment":[{"href":"https:\/\/bosnjacki.rs\/en\/wp-json\/wp\/v2\/media?parent=1195"}],"curies":[{"name":"wp","href":"https:\/\/api.w.org\/{rel}","templated":true}]}}