{"id":5043,"date":"2014-09-16T10:02:29","date_gmt":"2014-09-16T09:02:29","guid":{"rendered":"https:\/\/bosnjacki.rs\/?page_id=5043"},"modified":"2015-11-18T14:34:37","modified_gmt":"2015-11-18T13:34:37","slug":"royal-12-i-3","status":"publish","type":"page","link":"https:\/\/bosnjacki.rs\/en\/spavace-sobe\/natkasne\/royal-12-i-3\/","title":{"rendered":"Royal 1,2 and 3"},"content":{"rendered":"<p><div id='gallery-2' class='gallery galleryid-5043 gallery-columns-3 gallery-size-thumbnail'><figure class='gallery-item'>\n\t\t\t<div class='gallery-icon landscape'>\n\t\t\t\t<a href='https:\/\/bosnjacki.rs\/wp-content\/uploads\/2014\/09\/Royal-1.jpg'><img loading=\"lazy\" decoding=\"async\" width=\"300\" height=\"300\" src=\"https:\/\/bosnjacki.rs\/wp-content\/uploads\/2014\/09\/Royal-1-300x300.jpg\" class=\"attachment-thumbnail size-thumbnail\" alt=\"\" srcset=\"https:\/\/bosnjacki.rs\/wp-content\/uploads\/2014\/09\/Royal-1-300x300.jpg 300w, https:\/\/bosnjacki.rs\/wp-content\/uploads\/2014\/09\/Royal-1-72x72.jpg 72w\" sizes=\"auto, (max-width: 300px) 100vw, 300px\" \/><\/a>\n\t\t\t<\/div><\/figure><figure class='gallery-item'>\n\t\t\t<div class='gallery-icon landscape'>\n\t\t\t\t<a href='https:\/\/bosnjacki.rs\/wp-content\/uploads\/2014\/09\/Royal-2.jpg'><img loading=\"lazy\" decoding=\"async\" width=\"300\" height=\"300\" src=\"https:\/\/bosnjacki.rs\/wp-content\/uploads\/2014\/09\/Royal-2-300x300.jpg\" class=\"attachment-thumbnail size-thumbnail\" alt=\"\" srcset=\"https:\/\/bosnjacki.rs\/wp-content\/uploads\/2014\/09\/Royal-2-300x300.jpg 300w, https:\/\/bosnjacki.rs\/wp-content\/uploads\/2014\/09\/Royal-2-72x72.jpg 72w\" sizes=\"auto, (max-width: 300px) 100vw, 300px\" \/><\/a>\n\t\t\t<\/div><\/figure><figure class='gallery-item'>\n\t\t\t<div class='gallery-icon landscape'>\n\t\t\t\t<a href='https:\/\/bosnjacki.rs\/wp-content\/uploads\/2014\/09\/Royal-31.jpg'><img loading=\"lazy\" decoding=\"async\" width=\"300\" height=\"300\" src=\"https:\/\/bosnjacki.rs\/wp-content\/uploads\/2014\/09\/Royal-31-300x300.jpg\" class=\"attachment-thumbnail size-thumbnail\" alt=\"\" srcset=\"https:\/\/bosnjacki.rs\/wp-content\/uploads\/2014\/09\/Royal-31-300x300.jpg 300w, https:\/\/bosnjacki.rs\/wp-content\/uploads\/2014\/09\/Royal-31-72x72.jpg 72w\" sizes=\"auto, (max-width: 300px) 100vw, 300px\" \/><\/a>\n\t\t\t<\/div><\/figure>\n\t\t<\/div>\n<br \/>\n<\/p>","protected":false},"excerpt":{"rendered":"Opis proizvoda: Povr\u0161inska obrada na fotografiji antiko efekat. Vrsta drveta, povr\u0161inska obrada i dimenzije po izboru. Tehni\u010dke specifikacije: Materijali: masiv tre\u0161nja, medijapan. Dostupnost proizvoda:. Po porud\u017ebini. &nbsp;","protected":false},"author":2,"featured_media":5049,"parent":73,"menu_order":0,"comment_status":"open","ping_status":"closed","template":"page-product.php","meta":{"footnotes":""},"class_list":["post-5043","page","type-page","status-publish","has-post-thumbnail","hentry"],"_links":{"self":[{"href":"https:\/\/bosnjacki.rs\/en\/wp-json\/wp\/v2\/pages\/5043","targetHints":{"allow":["GET"]}}],"collection":[{"href":"https:\/\/bosnjacki.rs\/en\/wp-json\/wp\/v2\/pages"}],"about":[{"href":"https:\/\/bosnjacki.rs\/en\/wp-json\/wp\/v2\/types\/page"}],"author":[{"embeddable":true,"href":"https:\/\/bosnjacki.rs\/en\/wp-json\/wp\/v2\/users\/2"}],"replies":[{"embeddable":true,"href":"https:\/\/bosnjacki.rs\/en\/wp-json\/wp\/v2\/comments?post=5043"}],"version-history":[{"count":3,"href":"https:\/\/bosnjacki.rs\/en\/wp-json\/wp\/v2\/pages\/5043\/revisions"}],"predecessor-version":[{"id":6038,"href":"https:\/\/bosnjacki.rs\/en\/wp-json\/wp\/v2\/pages\/5043\/revisions\/6038"}],"up":[{"embeddable":true,"href":"https:\/\/bosnjacki.rs\/en\/wp-json\/wp\/v2\/pages\/73"}],"wp:featuredmedia":[{"embeddable":true,"href":"https:\/\/bosnjacki.rs\/en\/wp-json\/wp\/v2\/media\/5049"}],"wp:attachment":[{"href":"https:\/\/bosnjacki.rs\/en\/wp-json\/wp\/v2\/media?parent=5043"}],"curies":[{"name":"wp","href":"https:\/\/api.w.org\/{rel}","templated":true}]}}