{"id":681,"date":"2011-02-08T09:23:53","date_gmt":"2011-02-08T09:23:53","guid":{"rendered":"https:\/\/bosnjacki.rs\/bosnjacki_wp\/?page_id=681"},"modified":"2016-02-03T10:09:47","modified_gmt":"2016-02-03T09:09:47","slug":"prestige","status":"publish","type":"page","link":"https:\/\/bosnjacki.rs\/en\/dnevne-sobe\/taburei\/prestige\/","title":{"rendered":"Prestige"},"content":{"rendered":"<p><div id='gallery-2' class='gallery galleryid-681 gallery-columns-3 gallery-size-thumbnail'><figure class='gallery-item'>\n\t\t\t<div class='gallery-icon landscape'>\n\t\t\t\t<a href='https:\/\/bosnjacki.rs\/wp-content\/uploads\/2011\/02\/0121Q.jpg'><img loading=\"lazy\" decoding=\"async\" width=\"300\" height=\"300\" src=\"https:\/\/bosnjacki.rs\/wp-content\/uploads\/2011\/02\/0121Q-300x300.jpg\" class=\"attachment-thumbnail size-thumbnail\" alt=\"\" srcset=\"https:\/\/bosnjacki.rs\/wp-content\/uploads\/2011\/02\/0121Q-300x300.jpg 300w, https:\/\/bosnjacki.rs\/wp-content\/uploads\/2011\/02\/0121Q-72x72.jpg 72w\" sizes=\"auto, (max-width: 300px) 100vw, 300px\" \/><\/a>\n\t\t\t<\/div><\/figure><figure class='gallery-item'>\n\t\t\t<div class='gallery-icon landscape'>\n\t\t\t\t<a href='https:\/\/bosnjacki.rs\/wp-content\/uploads\/2011\/02\/Prestige-2.jpg'><img loading=\"lazy\" decoding=\"async\" width=\"300\" height=\"300\" src=\"https:\/\/bosnjacki.rs\/wp-content\/uploads\/2011\/02\/Prestige-2-300x300.jpg\" class=\"attachment-thumbnail size-thumbnail\" alt=\"\" srcset=\"https:\/\/bosnjacki.rs\/wp-content\/uploads\/2011\/02\/Prestige-2-300x300.jpg 300w, https:\/\/bosnjacki.rs\/wp-content\/uploads\/2011\/02\/Prestige-2-72x72.jpg 72w, https:\/\/bosnjacki.rs\/wp-content\/uploads\/2011\/02\/Prestige-2.jpg 600w\" sizes=\"auto, (max-width: 300px) 100vw, 300px\" \/><\/a>\n\t\t\t<\/div><\/figure><figure class='gallery-item'>\n\t\t\t<div class='gallery-icon landscape'>\n\t\t\t\t<a href='https:\/\/bosnjacki.rs\/wp-content\/uploads\/2011\/02\/Prestige-3.jpg'><img loading=\"lazy\" decoding=\"async\" width=\"300\" height=\"300\" src=\"https:\/\/bosnjacki.rs\/wp-content\/uploads\/2011\/02\/Prestige-3-300x300.jpg\" class=\"attachment-thumbnail size-thumbnail\" alt=\"\" srcset=\"https:\/\/bosnjacki.rs\/wp-content\/uploads\/2011\/02\/Prestige-3-300x300.jpg 300w, https:\/\/bosnjacki.rs\/wp-content\/uploads\/2011\/02\/Prestige-3-768x768.jpg 768w, https:\/\/bosnjacki.rs\/wp-content\/uploads\/2011\/02\/Prestige-3-72x72.jpg 72w, https:\/\/bosnjacki.rs\/wp-content\/uploads\/2011\/02\/Prestige-3.jpg 900w\" sizes=\"auto, (max-width: 300px) 100vw, 300px\" \/><\/a>\n\t\t\t<\/div><\/figure>\n\t\t<\/div>\n<br \/>\n<\/p>","protected":false},"excerpt":{"rendered":"Opis proizvoda: Mebl \u0161tof ili ko\u017ea. Boja drveta po izboru. Tehni\u010dke specifikacije: Materijali: \u0161tof, ko\u017ea, tre\u0161nja Dostupnost proizvoda: Po porud\u017ebini \u041e\u043f\u0438\u0441\u0430\u043d\u0438\u0435 \u0442\u043e\u0432\u0430\u0440\u0430: \u041e\u0431\u0438\u0432\u043a\u0430 \u0442\u043a\u0430\u043d\u044c \u0438\u043b\u0438 \u043a\u043e\u0436\u0430. \u0426\u0432\u0435\u0442 \u0434\u0435\u0440\u0435\u0432\u0430 \u043d\u0430 \u0432\u044b\u0431\u043e\u0440. \u0422\u0435\u0445\u043d\u0438\u0447\u0435\u0441\u043a\u0438\u0435 \u0445\u0430\u0440\u0430\u043a\u0442\u0435\u0440\u0438\u0441\u0442\u0438\u043a\u0438: \u041c\u0430\u0442\u0435\u0440\u0438\u0430\u043b\u044b: \u0442\u043a\u0430\u043d\u044c, \u043a\u043e\u0436\u0430, \u043c\u0430\u0441\u0441\u0438\u0432 \u043f\u0440\u043e\u043f\u0430\u0440\u0435\u043d\u043d\u043e\u0433\u043e \u0431\u0443\u043a\u0430. \u041d\u0430\u043b\u0438\u0447\u0438\u0435 \u0442\u043e\u0432\u0430\u0440\u0430: \u041f\u043e\u0434 \u0437\u0430\u043a\u0430\u0437","protected":false},"author":2,"featured_media":6841,"parent":52,"menu_order":0,"comment_status":"open","ping_status":"open","template":"page-product.php","meta":{"footnotes":""},"class_list":["post-681","page","type-page","status-publish","has-post-thumbnail","hentry"],"_links":{"self":[{"href":"https:\/\/bosnjacki.rs\/en\/wp-json\/wp\/v2\/pages\/681","targetHints":{"allow":["GET"]}}],"collection":[{"href":"https:\/\/bosnjacki.rs\/en\/wp-json\/wp\/v2\/pages"}],"about":[{"href":"https:\/\/bosnjacki.rs\/en\/wp-json\/wp\/v2\/types\/page"}],"author":[{"embeddable":true,"href":"https:\/\/bosnjacki.rs\/en\/wp-json\/wp\/v2\/users\/2"}],"replies":[{"embeddable":true,"href":"https:\/\/bosnjacki.rs\/en\/wp-json\/wp\/v2\/comments?post=681"}],"version-history":[{"count":6,"href":"https:\/\/bosnjacki.rs\/en\/wp-json\/wp\/v2\/pages\/681\/revisions"}],"predecessor-version":[{"id":6842,"href":"https:\/\/bosnjacki.rs\/en\/wp-json\/wp\/v2\/pages\/681\/revisions\/6842"}],"up":[{"embeddable":true,"href":"https:\/\/bosnjacki.rs\/en\/wp-json\/wp\/v2\/pages\/52"}],"wp:featuredmedia":[{"embeddable":true,"href":"https:\/\/bosnjacki.rs\/en\/wp-json\/wp\/v2\/media\/6841"}],"wp:attachment":[{"href":"https:\/\/bosnjacki.rs\/en\/wp-json\/wp\/v2\/media?parent=681"}],"curies":[{"name":"wp","href":"https:\/\/api.w.org\/{rel}","templated":true}]}}