{"id":7608,"date":"2017-03-29T12:49:05","date_gmt":"2017-03-29T11:49:05","guid":{"rendered":"https:\/\/bosnjacki.rs\/?page_id=7608"},"modified":"2017-03-29T12:49:05","modified_gmt":"2017-03-29T11:49:05","slug":"galia","status":"publish","type":"page","link":"https:\/\/bosnjacki.rs\/en\/dnevne-sobe\/taburei\/galia\/","title":{"rendered":"Galia"},"content":{"rendered":"<p><div id='gallery-2' class='gallery galleryid-7608 gallery-columns-3 gallery-size-thumbnail'><figure class='gallery-item'>\n\t\t\t<div class='gallery-icon landscape'>\n\t\t\t\t<a href='https:\/\/bosnjacki.rs\/wp-content\/uploads\/2017\/03\/Galia.jpg'><img loading=\"lazy\" decoding=\"async\" width=\"300\" height=\"300\" src=\"https:\/\/bosnjacki.rs\/wp-content\/uploads\/2017\/03\/Galia-300x300.jpg\" class=\"attachment-thumbnail size-thumbnail\" alt=\"\" srcset=\"https:\/\/bosnjacki.rs\/wp-content\/uploads\/2017\/03\/Galia-300x300.jpg 300w, https:\/\/bosnjacki.rs\/wp-content\/uploads\/2017\/03\/Galia-72x72.jpg 72w, https:\/\/bosnjacki.rs\/wp-content\/uploads\/2017\/03\/Galia.jpg 720w\" sizes=\"auto, (max-width: 300px) 100vw, 300px\" \/><\/a>\n\t\t\t<\/div><\/figure><figure class='gallery-item'>\n\t\t\t<div class='gallery-icon landscape'>\n\t\t\t\t<a href='https:\/\/bosnjacki.rs\/wp-content\/uploads\/2017\/03\/Galia-2.jpg'><img loading=\"lazy\" decoding=\"async\" width=\"300\" height=\"300\" src=\"https:\/\/bosnjacki.rs\/wp-content\/uploads\/2017\/03\/Galia-2-300x300.jpg\" class=\"attachment-thumbnail size-thumbnail\" alt=\"\" srcset=\"https:\/\/bosnjacki.rs\/wp-content\/uploads\/2017\/03\/Galia-2-300x300.jpg 300w, https:\/\/bosnjacki.rs\/wp-content\/uploads\/2017\/03\/Galia-2-72x72.jpg 72w, https:\/\/bosnjacki.rs\/wp-content\/uploads\/2017\/03\/Galia-2.jpg 720w\" sizes=\"auto, (max-width: 300px) 100vw, 300px\" \/><\/a>\n\t\t\t<\/div><\/figure>\n\t\t<\/div>\n<br \/>\n<\/p>","protected":false},"excerpt":{"rendered":"Opis proizvoda: Mebl \u0161tof ili ko\u017ea. Boja drveta po izboru. Dim. 67x56x40h Tehni\u010dke specifikacije: Materijali: \u0161tof, ko\u017ea, masiv parena bukva. Dostupnost proizvoda: Po porud\u017ebini &nbsp;","protected":false},"author":2,"featured_media":7610,"parent":52,"menu_order":0,"comment_status":"open","ping_status":"closed","template":"page-product.php","meta":{"footnotes":""},"class_list":["post-7608","page","type-page","status-publish","has-post-thumbnail","hentry"],"_links":{"self":[{"href":"https:\/\/bosnjacki.rs\/en\/wp-json\/wp\/v2\/pages\/7608","targetHints":{"allow":["GET"]}}],"collection":[{"href":"https:\/\/bosnjacki.rs\/en\/wp-json\/wp\/v2\/pages"}],"about":[{"href":"https:\/\/bosnjacki.rs\/en\/wp-json\/wp\/v2\/types\/page"}],"author":[{"embeddable":true,"href":"https:\/\/bosnjacki.rs\/en\/wp-json\/wp\/v2\/users\/2"}],"replies":[{"embeddable":true,"href":"https:\/\/bosnjacki.rs\/en\/wp-json\/wp\/v2\/comments?post=7608"}],"version-history":[{"count":1,"href":"https:\/\/bosnjacki.rs\/en\/wp-json\/wp\/v2\/pages\/7608\/revisions"}],"predecessor-version":[{"id":7611,"href":"https:\/\/bosnjacki.rs\/en\/wp-json\/wp\/v2\/pages\/7608\/revisions\/7611"}],"up":[{"embeddable":true,"href":"https:\/\/bosnjacki.rs\/en\/wp-json\/wp\/v2\/pages\/52"}],"wp:featuredmedia":[{"embeddable":true,"href":"https:\/\/bosnjacki.rs\/en\/wp-json\/wp\/v2\/media\/7610"}],"wp:attachment":[{"href":"https:\/\/bosnjacki.rs\/en\/wp-json\/wp\/v2\/media?parent=7608"}],"curies":[{"name":"wp","href":"https:\/\/api.w.org\/{rel}","templated":true}]}}