{"id":1040,"date":"2011-02-08T14:39:00","date_gmt":"2011-02-08T14:39:00","guid":{"rendered":"https:\/\/bosnjacki.rs\/bosnjacki_wp\/?page_id=1040"},"modified":"2015-11-20T13:18:08","modified_gmt":"2015-11-20T12:18:08","slug":"ilan-ugaona","status":"publish","type":"page","link":"https:\/\/bosnjacki.rs\/rs\/dekoracija-prostora\/maske-za-radijator\/ilan-ugaona\/","title":{"rendered":"Ilan ugaona"},"content":{"rendered":"<p><div id='gallery-1' class='gallery galleryid-1040 gallery-columns-3 gallery-size-thumbnail'><figure class='gallery-item'>\n\t\t\t<div class='gallery-icon portrait'>\n\t\t\t\t<a href='https:\/\/bosnjacki.rs\/wp-content\/uploads\/2011\/02\/DSCN1764.jpg'><img loading=\"lazy\" decoding=\"async\" width=\"215\" height=\"300\" src=\"https:\/\/bosnjacki.rs\/wp-content\/uploads\/2011\/02\/DSCN1764-215x300.jpg\" class=\"attachment-thumbnail size-thumbnail\" alt=\"\" \/><\/a>\n\t\t\t<\/div><\/figure><figure class='gallery-item'>\n\t\t\t<div class='gallery-icon landscape'>\n\t\t\t\t<a href='https:\/\/bosnjacki.rs\/wp-content\/uploads\/2011\/02\/il.jpg'><img loading=\"lazy\" decoding=\"async\" width=\"300\" height=\"300\" src=\"https:\/\/bosnjacki.rs\/wp-content\/uploads\/2011\/02\/il-300x300.jpg\" class=\"attachment-thumbnail size-thumbnail\" alt=\"\" srcset=\"https:\/\/bosnjacki.rs\/wp-content\/uploads\/2011\/02\/il-300x300.jpg 300w, https:\/\/bosnjacki.rs\/wp-content\/uploads\/2011\/02\/il-72x72.jpg 72w\" sizes=\"auto, (max-width: 300px) 100vw, 300px\" \/><\/a>\n\t\t\t<\/div><\/figure>\n\t\t<\/div>\n<p><strong>Opis proizvoda:<\/strong><br \/>\nDimenzije i boja drveta po izboru.<br \/>\nRu\u010dno secovan furnir.<\/p>\n<p><strong>Tehni\u010dke specifikacije:<\/strong><br \/>\nMaterijali: masiv tre\u0161nja, furnir tre\u0161nja i orah<\/p>\n<p><strong>Dostupnost proizvoda:<\/strong><br \/>\nPo porud\u017ebini<\/p>","protected":false},"excerpt":{"rendered":"<p>Opis proizvoda: Dimenzije i boja drveta po izboru. Ru\u010dno secovan furnir. Tehni\u010dke specifikacije: Materijali: masiv tre\u0161nja, furnir tre\u0161nja i orah Dostupnost proizvoda: Po porud\u017ebini<\/p>\n","protected":false},"author":2,"featured_media":3395,"parent":136,"menu_order":0,"comment_status":"open","ping_status":"open","template":"page-product.php","meta":{"footnotes":""},"class_list":["post-1040","page","type-page","status-publish","has-post-thumbnail","hentry"],"_links":{"self":[{"href":"https:\/\/bosnjacki.rs\/rs\/wp-json\/wp\/v2\/pages\/1040","targetHints":{"allow":["GET"]}}],"collection":[{"href":"https:\/\/bosnjacki.rs\/rs\/wp-json\/wp\/v2\/pages"}],"about":[{"href":"https:\/\/bosnjacki.rs\/rs\/wp-json\/wp\/v2\/types\/page"}],"author":[{"embeddable":true,"href":"https:\/\/bosnjacki.rs\/rs\/wp-json\/wp\/v2\/users\/2"}],"replies":[{"embeddable":true,"href":"https:\/\/bosnjacki.rs\/rs\/wp-json\/wp\/v2\/comments?post=1040"}],"version-history":[{"count":7,"href":"https:\/\/bosnjacki.rs\/rs\/wp-json\/wp\/v2\/pages\/1040\/revisions"}],"predecessor-version":[{"id":6249,"href":"https:\/\/bosnjacki.rs\/rs\/wp-json\/wp\/v2\/pages\/1040\/revisions\/6249"}],"up":[{"embeddable":true,"href":"https:\/\/bosnjacki.rs\/rs\/wp-json\/wp\/v2\/pages\/136"}],"wp:featuredmedia":[{"embeddable":true,"href":"https:\/\/bosnjacki.rs\/rs\/wp-json\/wp\/v2\/media\/3395"}],"wp:attachment":[{"href":"https:\/\/bosnjacki.rs\/rs\/wp-json\/wp\/v2\/media?parent=1040"}],"curies":[{"name":"wp","href":"https:\/\/api.w.org\/{rel}","templated":true}]}}