{"id":13359,"date":"2017-02-19T10:30:25","date_gmt":"2017-02-19T10:30:25","guid":{"rendered":"http:\/\/themicart.com\/test1\/?page_id=7788"},"modified":"2020-06-19T06:47:48","modified_gmt":"2020-06-19T05:47:48","slug":"home-1","status":"publish","type":"page","link":"https:\/\/bosnjacki.rs\/rs\/","title":{"rendered":"Front Page"},"content":{"rendered":"<p>[vc_row][vc_column]<div class=\"\"><div class=\"row\"><div class=\"col-md-12 title-link-box clearfix dark\"><h2 class=\"section-title\">Aktuelnosti<\/h2><a class=\"btn-read-more\" href=\"https:\/\/bosnjacki.rs\/rs\/\">Pro\u010ditaj vi\u0161e<\/a><\/div><\/div><div class=\"divider-light dark\"><\/div><div class=\"row\"><div id=\"news\"><div class=\"col-sm-4\"><a href=\"https:\/\/bosnjacki.rs\/rs\/posebna-ponuda-trpezarijski-stolovi-15\/\"><article class=\"blog-post-box spacing-30 dark\"><p class=\"blog-date\"><span>29\/01\/2020<\/span><\/p><div class=\"content-box-info\"><h3 class=\"box-heading\">IZRADA KUHINJA PO MERI<\/h3><p><\/p><\/div><\/article><\/a><\/div><div class=\"col-sm-4\"><a href=\"https:\/\/bosnjacki.rs\/rs\/izrada-namestaja-prema-specijalnom-zahtevu\/\"><article class=\"blog-post-box spacing-30 dark\"><p class=\"blog-date\"><span>11\/10\/2019<\/span><\/p><div class=\"content-box-info\"><h3 class=\"box-heading\">IZRADA NAME\u0160TAJA PREMA SPECIJALNIM ZAHTEVIMA!<\/h3><p>70 godina iskustva, znanja i kvaliteta: vrhunski name\u0161taj i jedinstven enterijer.<\/p><\/div><\/article><\/a><\/div><div class=\"col-sm-4\"><a href=\"https:\/\/bosnjacki.rs\/rs\/outlet\/\"><article class=\"blog-post-box spacing-30 dark\"><p class=\"blog-date\"><span>02\/10\/2019<\/span><\/p><div class=\"content-box-info\"><h3 class=\"box-heading\">OUTLET<\/h3><p>Ponuda OUTLET sekcije: va\u0161a \u0161ansa da kupite vrhunski name\u0161taj po odli\u010dnim cenama.\r\n\r\nKOLI\u010cINE SU OGRANI\u010cENE!<\/p><\/div><\/article><\/a><\/div><\/div><\/div><\/div>[vc_row_inner][vc_column_inner][\/vc_column_inner][\/vc_row_inner][\/vc_column][\/vc_row][vc_row][vc_column width=&#8220;1\/4&#8243;]<span class=\"subtitle dash-true style-light text-default\">Expertise<\/span>[vc_column_text]Vi\u0161e od 70 godina iskustva i zadovoljnih klijenata garancija je na\u0161eg kvaliteta.[\/vc_column_text][\/vc_column][vc_column width=&#8220;1\/4&#8243;]<div class=\"number-box style-default spacing-30\"><div class=\"number-box-number\">2500+<\/div><div class=\"content-box\"><div class=\"content-box-info\"><h3>Projekata<\/h3><\/div><\/div><\/div>[\/vc_column][vc_column width=&#8220;1\/4&#8243;]<div class=\"number-box style-default spacing-30\"><div class=\"number-box-number\">70+<\/div><div class=\"content-box\"><div class=\"content-box-info\"><h3>Godina u industriji<\/h3><\/div><\/div><\/div>[\/vc_column][vc_column width=&#8220;1\/4&#8243;]<div class=\"number-box style-default spacing-30\"><div class=\"number-box-number\">Luxury<\/div><div class=\"content-box\"><div class=\"content-box-info\"><h3>Handmade<\/h3><\/div><\/div><\/div>[\/vc_column][\/vc_row]IZRADA KUHINJA PO MERI<\/h3><p><\/p><\/div><\/article><\/a><\/div><div class=\"col-sm-4\"><a href=\"https:\/\/bosnjacki.rs\/rs\/izrada-namestaja-prema-specijalnom-zahtevu\/\"><article class=\"blog-post-box spacing-30 dark\"><p class=\"blog-date\"><span>11\/10\/2019<\/span><\/p><div class=\"content-box-info\"><h3 class=\"box-heading\">IZRADA NAME\u0160TAJA PREMA SPECIJALNIM ZAHTEVIMA!<\/h3><p>70 godina iskustva, znanja i kvaliteta: vrhunski name\u0161taj i jedinstven enterijer.<\/p><\/div><\/article><\/a><\/div><div class=\"col-sm-4\"><a href=\"https:\/\/bosnjacki.rs\/rs\/outlet\/\"><article class=\"blog-post-box spacing-30 dark\"><p class=\"blog-date\"><span>02\/10\/2019<\/span><\/p><div class=\"content-box-info\"><h3 class=\"box-heading\">OUTLET<\/h3><p>Ponuda OUTLET sekcije: va\u0161a \u0161ansa da kupite vrhunski name\u0161taj po odli\u010dnim cenama.\r\n\r\nKOLI\u010cINE SU OGRANI\u010cENE!<\/p><\/div><\/article><\/a><\/div><\/div><\/div><\/div>[\/vc_column][\/vc_row]IZRADA KUHINJA PO MERI<\/h3><p><\/p><\/div><\/article><\/a><\/div><div class=\"col-sm-4\"><a href=\"https:\/\/bosnjacki.rs\/rs\/izrada-namestaja-prema-specijalnom-zahtevu\/\"><article class=\"blog-post-box spacing-30 dark\"><p class=\"blog-date\"><span>11\/10\/2019<\/span><\/p><div class=\"content-box-info\"><h3 class=\"box-heading\">IZRADA NAME\u0160TAJA PREMA SPECIJALNIM ZAHTEVIMA!<\/h3><p>70 godina iskustva, znanja i kvaliteta: vrhunski name\u0161taj i jedinstven enterijer.<\/p><\/div><\/article><\/a><\/div><div class=\"col-sm-4\"><a href=\"https:\/\/bosnjacki.rs\/rs\/outlet\/\"><article class=\"blog-post-box spacing-30 dark\"><p class=\"blog-date\"><span>02\/10\/2019<\/span><\/p><div class=\"content-box-info\"><h3 class=\"box-heading\">OUTLET<\/h3><p>Ponuda OUTLET sekcije: va\u0161a \u0161ansa da kupite vrhunski name\u0161taj po odli\u010dnim cenama.\r\n\r\nKOLI\u010cINE SU OGRANI\u010cENE!<\/p><\/div><\/article><\/a><\/div><\/div><\/div><\/div>[\/vc_column][\/vc_row]<\/p>","protected":false},"excerpt":{"rendered":"<p>[vc_row][vc_column][vc_row_inner][vc_column_inner][\/vc_column_inner][\/vc_row_inner][\/vc_column][\/vc_row][vc_row][vc_column width=&#8220;1\/4&#8243;][vc_column_text]Vi\u0161e od 70 godina iskustva i zadovoljnih klijenata garancija je na\u0161eg kvaliteta.[\/vc_column_text][\/vc_column][vc_column width=&#8220;1\/4&#8243;][\/vc_column][vc_column width=&#8220;1\/4&#8243;][\/vc_column][vc_column width=&#8220;1\/4&#8243;][\/vc_column][\/vc_row]<\/p>\n","protected":false},"author":1,"featured_media":0,"parent":0,"menu_order":0,"comment_status":"closed","ping_status":"closed","template":"page-slider.php","meta":{"footnotes":""},"class_list":["post-13359","page","type-page","status-publish","hentry"],"_links":{"self":[{"href":"https:\/\/bosnjacki.rs\/rs\/wp-json\/wp\/v2\/pages\/13359","targetHints":{"allow":["GET"]}}],"collection":[{"href":"https:\/\/bosnjacki.rs\/rs\/wp-json\/wp\/v2\/pages"}],"about":[{"href":"https:\/\/bosnjacki.rs\/rs\/wp-json\/wp\/v2\/types\/page"}],"author":[{"embeddable":true,"href":"https:\/\/bosnjacki.rs\/rs\/wp-json\/wp\/v2\/users\/1"}],"replies":[{"embeddable":true,"href":"https:\/\/bosnjacki.rs\/rs\/wp-json\/wp\/v2\/comments?post=13359"}],"version-history":[{"count":64,"href":"https:\/\/bosnjacki.rs\/rs\/wp-json\/wp\/v2\/pages\/13359\/revisions"}],"predecessor-version":[{"id":14185,"href":"https:\/\/bosnjacki.rs\/rs\/wp-json\/wp\/v2\/pages\/13359\/revisions\/14185"}],"wp:attachment":[{"href":"https:\/\/bosnjacki.rs\/rs\/wp-json\/wp\/v2\/media?parent=13359"}],"curies":[{"name":"wp","href":"https:\/\/api.w.org\/{rel}","templated":true}]}}