{"id":14138,"date":"2020-05-19T13:35:36","date_gmt":"2020-05-19T12:35:36","guid":{"rendered":"https:\/\/bosnjacki.rs\/?page_id=14138"},"modified":"2020-05-19T13:36:49","modified_gmt":"2020-05-19T12:36:49","slug":"klajv","status":"publish","type":"page","link":"https:\/\/bosnjacki.rs\/rs\/dnevne-sobe\/sofe\/klajv\/","title":{"rendered":"Klajv"},"content":{"rendered":"<p><div id='gallery-1' class='gallery galleryid-14138 gallery-columns-3 gallery-size-thumbnail'><figure class='gallery-item'>\n\t\t\t<div class='gallery-icon landscape'>\n\t\t\t\t<a href='https:\/\/bosnjacki.rs\/wp-content\/uploads\/2020\/05\/IMG_7231.jpg'><img loading=\"lazy\" decoding=\"async\" width=\"300\" height=\"300\" src=\"https:\/\/bosnjacki.rs\/wp-content\/uploads\/2020\/05\/IMG_7231-300x300.jpg\" class=\"attachment-thumbnail size-thumbnail\" alt=\"\" srcset=\"https:\/\/bosnjacki.rs\/wp-content\/uploads\/2020\/05\/IMG_7231-300x300.jpg 300w, https:\/\/bosnjacki.rs\/wp-content\/uploads\/2020\/05\/IMG_7231-72x72.jpg 72w\" sizes=\"auto, (max-width: 300px) 100vw, 300px\" \/><\/a>\n\t\t\t<\/div><\/figure><figure class='gallery-item'>\n\t\t\t<div class='gallery-icon landscape'>\n\t\t\t\t<a href='https:\/\/bosnjacki.rs\/wp-content\/uploads\/2020\/05\/IMG_7232.jpg'><img loading=\"lazy\" decoding=\"async\" width=\"300\" height=\"300\" src=\"https:\/\/bosnjacki.rs\/wp-content\/uploads\/2020\/05\/IMG_7232-300x300.jpg\" class=\"attachment-thumbnail size-thumbnail\" alt=\"\" srcset=\"https:\/\/bosnjacki.rs\/wp-content\/uploads\/2020\/05\/IMG_7232-300x300.jpg 300w, https:\/\/bosnjacki.rs\/wp-content\/uploads\/2020\/05\/IMG_7232-72x72.jpg 72w\" sizes=\"auto, (max-width: 300px) 100vw, 300px\" \/><\/a>\n\t\t\t<\/div><\/figure><figure class='gallery-item'>\n\t\t\t<div class='gallery-icon landscape'>\n\t\t\t\t<a href='https:\/\/bosnjacki.rs\/wp-content\/uploads\/2020\/05\/IMG_7287-1.jpg'><img loading=\"lazy\" decoding=\"async\" width=\"300\" height=\"300\" src=\"https:\/\/bosnjacki.rs\/wp-content\/uploads\/2020\/05\/IMG_7287-1-300x300.jpg\" class=\"attachment-thumbnail size-thumbnail\" alt=\"\" srcset=\"https:\/\/bosnjacki.rs\/wp-content\/uploads\/2020\/05\/IMG_7287-1-300x300.jpg 300w, https:\/\/bosnjacki.rs\/wp-content\/uploads\/2020\/05\/IMG_7287-1-72x72.jpg 72w\" sizes=\"auto, (max-width: 300px) 100vw, 300px\" \/><\/a>\n\t\t\t<\/div><\/figure>\n\t\t<\/div>\n<p><strong>Opis proizvoda:<\/strong><br \/>\nBoja drveta i mebl \u0161tof ili ko\u017ea po izboru. Dim.\u00a0220x80x85h. Ru\u010dno radjen duborez.<\/p>\n<p><strong>Tehni\u010dke specifikacije:<\/strong><br \/>\nMaterijali: \u0161tof, parena bukva.<\/p>\n<p><strong>Dostupnost proizvoda:<\/strong><br \/>\nPo porud\u017ebini.<\/p>","protected":false},"excerpt":{"rendered":"<p>Opis proizvoda: Boja drveta i mebl \u0161tof ili ko\u017ea po izboru. Dim.\u00a0220x80x85h. Ru\u010dno radjen duborez. Tehni\u010dke specifikacije: Materijali: \u0161tof, parena bukva. Dostupnost proizvoda: Po porud\u017ebini.<\/p>\n","protected":false},"author":2,"featured_media":14139,"parent":62,"menu_order":0,"comment_status":"closed","ping_status":"closed","template":"page-services.php","meta":{"footnotes":""},"class_list":["post-14138","page","type-page","status-publish","has-post-thumbnail","hentry"],"_links":{"self":[{"href":"https:\/\/bosnjacki.rs\/rs\/wp-json\/wp\/v2\/pages\/14138","targetHints":{"allow":["GET"]}}],"collection":[{"href":"https:\/\/bosnjacki.rs\/rs\/wp-json\/wp\/v2\/pages"}],"about":[{"href":"https:\/\/bosnjacki.rs\/rs\/wp-json\/wp\/v2\/types\/page"}],"author":[{"embeddable":true,"href":"https:\/\/bosnjacki.rs\/rs\/wp-json\/wp\/v2\/users\/2"}],"replies":[{"embeddable":true,"href":"https:\/\/bosnjacki.rs\/rs\/wp-json\/wp\/v2\/comments?post=14138"}],"version-history":[{"count":2,"href":"https:\/\/bosnjacki.rs\/rs\/wp-json\/wp\/v2\/pages\/14138\/revisions"}],"predecessor-version":[{"id":14143,"href":"https:\/\/bosnjacki.rs\/rs\/wp-json\/wp\/v2\/pages\/14138\/revisions\/14143"}],"up":[{"embeddable":true,"href":"https:\/\/bosnjacki.rs\/rs\/wp-json\/wp\/v2\/pages\/62"}],"wp:featuredmedia":[{"embeddable":true,"href":"https:\/\/bosnjacki.rs\/rs\/wp-json\/wp\/v2\/media\/14139"}],"wp:attachment":[{"href":"https:\/\/bosnjacki.rs\/rs\/wp-json\/wp\/v2\/media?parent=14138"}],"curies":[{"name":"wp","href":"https:\/\/api.w.org\/{rel}","templated":true}]}}