{"id":14188,"date":"2020-06-23T07:58:01","date_gmt":"2020-06-23T06:58:01","guid":{"rendered":"https:\/\/bosnjacki.rs\/?page_id=14188"},"modified":"2020-06-23T07:58:01","modified_gmt":"2020-06-23T06:58:01","slug":"diamante","status":"publish","type":"page","link":"https:\/\/bosnjacki.rs\/rs\/dnevne-sobe\/komode\/diamante\/","title":{"rendered":"Diamante"},"content":{"rendered":"<p><div id='gallery-1' class='gallery galleryid-14188 gallery-columns-3 gallery-size-thumbnail'><figure class='gallery-item'>\n\t\t\t<div class='gallery-icon portrait'>\n\t\t\t\t<a href='https:\/\/bosnjacki.rs\/wp-content\/uploads\/2020\/06\/Diamante-side.jpg'><img loading=\"lazy\" decoding=\"async\" width=\"300\" height=\"300\" src=\"https:\/\/bosnjacki.rs\/wp-content\/uploads\/2020\/06\/Diamante-side-300x300.jpg\" class=\"attachment-thumbnail size-thumbnail\" alt=\"\" srcset=\"https:\/\/bosnjacki.rs\/wp-content\/uploads\/2020\/06\/Diamante-side-300x300.jpg 300w, https:\/\/bosnjacki.rs\/wp-content\/uploads\/2020\/06\/Diamante-side-72x72.jpg 72w\" sizes=\"auto, (max-width: 300px) 100vw, 300px\" \/><\/a>\n\t\t\t<\/div><\/figure><figure class='gallery-item'>\n\t\t\t<div class='gallery-icon portrait'>\n\t\t\t\t<a href='https:\/\/bosnjacki.rs\/wp-content\/uploads\/2020\/06\/Diamante-detail.jpg'><img loading=\"lazy\" decoding=\"async\" width=\"300\" height=\"300\" src=\"https:\/\/bosnjacki.rs\/wp-content\/uploads\/2020\/06\/Diamante-detail-300x300.jpg\" class=\"attachment-thumbnail size-thumbnail\" alt=\"\" srcset=\"https:\/\/bosnjacki.rs\/wp-content\/uploads\/2020\/06\/Diamante-detail-300x300.jpg 300w, https:\/\/bosnjacki.rs\/wp-content\/uploads\/2020\/06\/Diamante-detail-768x769.jpg 768w, https:\/\/bosnjacki.rs\/wp-content\/uploads\/2020\/06\/Diamante-detail-72x72.jpg 72w, https:\/\/bosnjacki.rs\/wp-content\/uploads\/2020\/06\/Diamante-detail.jpg 900w\" sizes=\"auto, (max-width: 300px) 100vw, 300px\" \/><\/a>\n\t\t\t<\/div><\/figure><figure class='gallery-item'>\n\t\t\t<div class='gallery-icon portrait'>\n\t\t\t\t<a href='https:\/\/bosnjacki.rs\/wp-content\/uploads\/2020\/06\/Diamante-handle-detail.jpg'><img loading=\"lazy\" decoding=\"async\" width=\"300\" height=\"300\" src=\"https:\/\/bosnjacki.rs\/wp-content\/uploads\/2020\/06\/Diamante-handle-detail-300x300.jpg\" class=\"attachment-thumbnail size-thumbnail\" alt=\"\" srcset=\"https:\/\/bosnjacki.rs\/wp-content\/uploads\/2020\/06\/Diamante-handle-detail-300x300.jpg 300w, https:\/\/bosnjacki.rs\/wp-content\/uploads\/2020\/06\/Diamante-handle-detail-768x769.jpg 768w, https:\/\/bosnjacki.rs\/wp-content\/uploads\/2020\/06\/Diamante-handle-detail-72x72.jpg 72w, https:\/\/bosnjacki.rs\/wp-content\/uploads\/2020\/06\/Diamante-handle-detail.jpg 900w\" sizes=\"auto, (max-width: 300px) 100vw, 300px\" \/><\/a>\n\t\t\t<\/div><\/figure>\n\t\t<\/div>\n<p><strong>Opis proizvoda:<br \/>\n<\/strong>Povr\u0161inska obrada kao na fotografiji. Dim.239x56x88h<\/p>\n<p><strong>Tehni\u010dke specifikacije:<\/strong><br \/>\nMaterijali: masiv parena bukva, medijapan, mesing.<\/p>\n<p><strong>Dostupnost proizvoda:<\/strong><br \/>\nPo porud\u017ebini.<\/p>","protected":false},"excerpt":{"rendered":"<p>Opis proizvoda: Povr\u0161inska obrada kao na fotografiji. Dim.239x56x88h Tehni\u010dke specifikacije: Materijali: masiv parena bukva, medijapan, mesing. Dostupnost proizvoda: Po porud\u017ebini.<\/p>\n","protected":false},"author":2,"featured_media":14191,"parent":56,"menu_order":0,"comment_status":"closed","ping_status":"closed","template":"page-services.php","meta":{"footnotes":""},"class_list":["post-14188","page","type-page","status-publish","has-post-thumbnail","hentry"],"_links":{"self":[{"href":"https:\/\/bosnjacki.rs\/rs\/wp-json\/wp\/v2\/pages\/14188","targetHints":{"allow":["GET"]}}],"collection":[{"href":"https:\/\/bosnjacki.rs\/rs\/wp-json\/wp\/v2\/pages"}],"about":[{"href":"https:\/\/bosnjacki.rs\/rs\/wp-json\/wp\/v2\/types\/page"}],"author":[{"embeddable":true,"href":"https:\/\/bosnjacki.rs\/rs\/wp-json\/wp\/v2\/users\/2"}],"replies":[{"embeddable":true,"href":"https:\/\/bosnjacki.rs\/rs\/wp-json\/wp\/v2\/comments?post=14188"}],"version-history":[{"count":1,"href":"https:\/\/bosnjacki.rs\/rs\/wp-json\/wp\/v2\/pages\/14188\/revisions"}],"predecessor-version":[{"id":14192,"href":"https:\/\/bosnjacki.rs\/rs\/wp-json\/wp\/v2\/pages\/14188\/revisions\/14192"}],"up":[{"embeddable":true,"href":"https:\/\/bosnjacki.rs\/rs\/wp-json\/wp\/v2\/pages\/56"}],"wp:featuredmedia":[{"embeddable":true,"href":"https:\/\/bosnjacki.rs\/rs\/wp-json\/wp\/v2\/media\/14191"}],"wp:attachment":[{"href":"https:\/\/bosnjacki.rs\/rs\/wp-json\/wp\/v2\/media?parent=14188"}],"curies":[{"name":"wp","href":"https:\/\/api.w.org\/{rel}","templated":true}]}}