{"id":14380,"date":"2020-11-03T15:15:20","date_gmt":"2020-11-03T14:15:20","guid":{"rendered":"https:\/\/bosnjacki.rs\/?page_id=14380"},"modified":"2025-03-26T13:10:52","modified_gmt":"2025-03-26T12:10:52","slug":"klaus","status":"publish","type":"page","link":"https:\/\/bosnjacki.rs\/rs\/radne-sobe\/radne-stolice\/klaus\/","title":{"rendered":"Klaus"},"content":{"rendered":"<p>&nbsp;<\/p>\n<div id='gallery-1' class='gallery galleryid-14380 gallery-columns-3 gallery-size-thumbnail'><figure class='gallery-item'>\n\t\t\t<div class='gallery-icon landscape'>\n\t\t\t\t<a href='https:\/\/bosnjacki.rs\/wp-content\/uploads\/2025\/03\/Klaus.jpg'><img loading=\"lazy\" decoding=\"async\" width=\"300\" height=\"300\" src=\"https:\/\/bosnjacki.rs\/wp-content\/uploads\/2025\/03\/Klaus-300x300.jpg\" class=\"attachment-thumbnail size-thumbnail\" alt=\"\" srcset=\"https:\/\/bosnjacki.rs\/wp-content\/uploads\/2025\/03\/Klaus-300x300.jpg 300w, https:\/\/bosnjacki.rs\/wp-content\/uploads\/2025\/03\/Klaus-1024x1024.jpg 1024w, https:\/\/bosnjacki.rs\/wp-content\/uploads\/2025\/03\/Klaus-768x768.jpg 768w, https:\/\/bosnjacki.rs\/wp-content\/uploads\/2025\/03\/Klaus-1536x1536.jpg 1536w, https:\/\/bosnjacki.rs\/wp-content\/uploads\/2025\/03\/Klaus-72x72.jpg 72w, https:\/\/bosnjacki.rs\/wp-content\/uploads\/2025\/03\/Klaus.jpg 1920w\" sizes=\"auto, (max-width: 300px) 100vw, 300px\" \/><\/a>\n\t\t\t<\/div><\/figure><figure class='gallery-item'>\n\t\t\t<div class='gallery-icon portrait'>\n\t\t\t\t<a href='https:\/\/bosnjacki.rs\/wp-content\/uploads\/2025\/03\/Klaus2.jpg'><img loading=\"lazy\" decoding=\"async\" width=\"300\" height=\"300\" src=\"https:\/\/bosnjacki.rs\/wp-content\/uploads\/2025\/03\/Klaus2-300x300.jpg\" class=\"attachment-thumbnail size-thumbnail\" alt=\"\" srcset=\"https:\/\/bosnjacki.rs\/wp-content\/uploads\/2025\/03\/Klaus2-300x300.jpg 300w, https:\/\/bosnjacki.rs\/wp-content\/uploads\/2025\/03\/Klaus2-72x72.jpg 72w\" sizes=\"auto, (max-width: 300px) 100vw, 300px\" \/><\/a>\n\t\t\t<\/div><\/figure><figure class='gallery-item'>\n\t\t\t<div class='gallery-icon portrait'>\n\t\t\t\t<a href='https:\/\/bosnjacki.rs\/wp-content\/uploads\/2025\/03\/Klaus-Copy.jpg'><img loading=\"lazy\" decoding=\"async\" width=\"300\" height=\"300\" src=\"https:\/\/bosnjacki.rs\/wp-content\/uploads\/2025\/03\/Klaus-Copy-300x300.jpg\" class=\"attachment-thumbnail size-thumbnail\" alt=\"\" srcset=\"https:\/\/bosnjacki.rs\/wp-content\/uploads\/2025\/03\/Klaus-Copy-300x300.jpg 300w, https:\/\/bosnjacki.rs\/wp-content\/uploads\/2025\/03\/Klaus-Copy-582x580.jpg 582w, https:\/\/bosnjacki.rs\/wp-content\/uploads\/2025\/03\/Klaus-Copy-72x72.jpg 72w\" sizes=\"auto, (max-width: 300px) 100vw, 300px\" \/><\/a>\n\t\t\t<\/div><\/figure>\n\t\t<\/div>\n\n<p>&nbsp;<\/p>\n<p>Boja drveta, mebl \u0161tof ili ko\u017ea po izboru. Dim.78x80x110h<\/p>\n<p><strong>Tehni\u010dke specifikacije:<\/strong><br \/>\nMaterijali: mebl \u0161tof, masiv bukva.<\/p>\n<p><strong>Dostupnost proizvoda:<\/strong><br \/>\nPo porud\u017ebini<\/p>","protected":false},"excerpt":{"rendered":"<p>&nbsp; &nbsp; Boja drveta, mebl \u0161tof ili ko\u017ea po izboru. Dim.78x80x110h Tehni\u010dke specifikacije: Materijali: mebl \u0161tof, masiv bukva. Dostupnost proizvoda: Po porud\u017ebini<\/p>\n","protected":false},"author":2,"featured_media":15900,"parent":95,"menu_order":0,"comment_status":"closed","ping_status":"closed","template":"page-services.php","meta":{"footnotes":""},"class_list":["post-14380","page","type-page","status-publish","has-post-thumbnail","hentry"],"_links":{"self":[{"href":"https:\/\/bosnjacki.rs\/rs\/wp-json\/wp\/v2\/pages\/14380","targetHints":{"allow":["GET"]}}],"collection":[{"href":"https:\/\/bosnjacki.rs\/rs\/wp-json\/wp\/v2\/pages"}],"about":[{"href":"https:\/\/bosnjacki.rs\/rs\/wp-json\/wp\/v2\/types\/page"}],"author":[{"embeddable":true,"href":"https:\/\/bosnjacki.rs\/rs\/wp-json\/wp\/v2\/users\/2"}],"replies":[{"embeddable":true,"href":"https:\/\/bosnjacki.rs\/rs\/wp-json\/wp\/v2\/comments?post=14380"}],"version-history":[{"count":2,"href":"https:\/\/bosnjacki.rs\/rs\/wp-json\/wp\/v2\/pages\/14380\/revisions"}],"predecessor-version":[{"id":15902,"href":"https:\/\/bosnjacki.rs\/rs\/wp-json\/wp\/v2\/pages\/14380\/revisions\/15902"}],"up":[{"embeddable":true,"href":"https:\/\/bosnjacki.rs\/rs\/wp-json\/wp\/v2\/pages\/95"}],"wp:featuredmedia":[{"embeddable":true,"href":"https:\/\/bosnjacki.rs\/rs\/wp-json\/wp\/v2\/media\/15900"}],"wp:attachment":[{"href":"https:\/\/bosnjacki.rs\/rs\/wp-json\/wp\/v2\/media?parent=14380"}],"curies":[{"name":"wp","href":"https:\/\/api.w.org\/{rel}","templated":true}]}}