{"id":14477,"date":"2020-11-25T10:54:59","date_gmt":"2020-11-25T09:54:59","guid":{"rendered":"https:\/\/bosnjacki.rs\/?page_id=14477"},"modified":"2020-11-30T11:49:29","modified_gmt":"2020-11-30T10:49:29","slug":"esenca","status":"publish","type":"page","link":"https:\/\/bosnjacki.rs\/rs\/spavace-sobe\/kreveti\/esenca\/","title":{"rendered":"Esenca"},"content":{"rendered":"<p><div id='gallery-1' class='gallery galleryid-14477 gallery-columns-3 gallery-size-thumbnail'><figure class='gallery-item'>\n\t\t\t<div class='gallery-icon landscape'>\n\t\t\t\t<a href='https:\/\/bosnjacki.rs\/wp-content\/uploads\/2020\/11\/Esenca-francuz2.jpg'><img loading=\"lazy\" decoding=\"async\" width=\"300\" height=\"300\" src=\"https:\/\/bosnjacki.rs\/wp-content\/uploads\/2020\/11\/Esenca-francuz2-300x300.jpg\" class=\"attachment-thumbnail size-thumbnail\" alt=\"\" srcset=\"https:\/\/bosnjacki.rs\/wp-content\/uploads\/2020\/11\/Esenca-francuz2-300x300.jpg 300w, https:\/\/bosnjacki.rs\/wp-content\/uploads\/2020\/11\/Esenca-francuz2-72x72.jpg 72w\" sizes=\"auto, (max-width: 300px) 100vw, 300px\" \/><\/a>\n\t\t\t<\/div><\/figure><figure class='gallery-item'>\n\t\t\t<div class='gallery-icon landscape'>\n\t\t\t\t<a href='https:\/\/bosnjacki.rs\/wp-content\/uploads\/2020\/11\/ESSENZA-letto-legno-queen.jpg'><img loading=\"lazy\" decoding=\"async\" width=\"300\" height=\"300\" src=\"https:\/\/bosnjacki.rs\/wp-content\/uploads\/2020\/11\/ESSENZA-letto-legno-queen-300x300.jpg\" class=\"attachment-thumbnail size-thumbnail\" alt=\"\" srcset=\"https:\/\/bosnjacki.rs\/wp-content\/uploads\/2020\/11\/ESSENZA-letto-legno-queen-300x300.jpg 300w, https:\/\/bosnjacki.rs\/wp-content\/uploads\/2020\/11\/ESSENZA-letto-legno-queen-72x72.jpg 72w\" sizes=\"auto, (max-width: 300px) 100vw, 300px\" \/><\/a>\n\t\t\t<\/div><\/figure><figure class='gallery-item'>\n\t\t\t<div class='gallery-icon landscape'>\n\t\t\t\t<a href='https:\/\/bosnjacki.rs\/wp-content\/uploads\/2020\/11\/ESSENZA-letto-legno.jpg'><img loading=\"lazy\" decoding=\"async\" width=\"300\" height=\"300\" src=\"https:\/\/bosnjacki.rs\/wp-content\/uploads\/2020\/11\/ESSENZA-letto-legno-300x300.jpg\" class=\"attachment-thumbnail size-thumbnail\" alt=\"\" srcset=\"https:\/\/bosnjacki.rs\/wp-content\/uploads\/2020\/11\/ESSENZA-letto-legno-300x300.jpg 300w, https:\/\/bosnjacki.rs\/wp-content\/uploads\/2020\/11\/ESSENZA-letto-legno-72x72.jpg 72w\" sizes=\"auto, (max-width: 300px) 100vw, 300px\" \/><\/a>\n\t\t\t<\/div><\/figure><figure class='gallery-item'>\n\t\t\t<div class='gallery-icon landscape'>\n\t\t\t\t<a href='https:\/\/bosnjacki.rs\/wp-content\/uploads\/2020\/11\/ESSENZA-letto-singolo.jpg'><img loading=\"lazy\" decoding=\"async\" width=\"300\" height=\"300\" src=\"https:\/\/bosnjacki.rs\/wp-content\/uploads\/2020\/11\/ESSENZA-letto-singolo-300x300.jpg\" class=\"attachment-thumbnail size-thumbnail\" alt=\"\" srcset=\"https:\/\/bosnjacki.rs\/wp-content\/uploads\/2020\/11\/ESSENZA-letto-singolo-300x300.jpg 300w, https:\/\/bosnjacki.rs\/wp-content\/uploads\/2020\/11\/ESSENZA-letto-singolo-72x72.jpg 72w\" sizes=\"auto, (max-width: 300px) 100vw, 300px\" \/><\/a>\n\t\t\t<\/div><\/figure>\n\t\t<\/div>\n<p><strong>Opis proizvoda:<br \/>\n<\/strong>Dim. du\u0161eka 110x90cm, 160\u00d7200cm, 180\u00d7200 cm i 200x200cm.<\/p>\n<p><strong>Tehni\u010dke specifikacije:<\/strong><\/p>\n<p>Materijali: MDF jasen i MDF sa mermernim efektom i ekskluzivnom zavr\u0161nom obradom sa \u017eilama u zlatnom sjaju.<\/p>\n<p>Svi elementi u zlatu su od metala i aluminijuma potpuno ru\u010dno obojeni zlatnom bojom sa sjajnim efektom.<\/p>\n<p><strong>Dostupnost proizvoda:<\/strong><br \/>\nPo porud\u017ebini.<\/p>","protected":false},"excerpt":{"rendered":"<p>Opis proizvoda: Dim. du\u0161eka 110x90cm, 160\u00d7200cm, 180\u00d7200 cm i 200x200cm. Tehni\u010dke specifikacije: Materijali: MDF jasen i MDF sa mermernim efektom i ekskluzivnom zavr\u0161nom obradom sa \u017eilama u zlatnom sjaju. Svi elementi u zlatu su od metala i aluminijuma potpuno ru\u010dno obojeni zlatnom bojom sa sjajnim efektom. Dostupnost proizvoda: Po porud\u017ebini.<\/p>\n","protected":false},"author":2,"featured_media":14473,"parent":71,"menu_order":0,"comment_status":"closed","ping_status":"closed","template":"page-services.php","meta":{"footnotes":""},"class_list":["post-14477","page","type-page","status-publish","has-post-thumbnail","hentry"],"_links":{"self":[{"href":"https:\/\/bosnjacki.rs\/rs\/wp-json\/wp\/v2\/pages\/14477","targetHints":{"allow":["GET"]}}],"collection":[{"href":"https:\/\/bosnjacki.rs\/rs\/wp-json\/wp\/v2\/pages"}],"about":[{"href":"https:\/\/bosnjacki.rs\/rs\/wp-json\/wp\/v2\/types\/page"}],"author":[{"embeddable":true,"href":"https:\/\/bosnjacki.rs\/rs\/wp-json\/wp\/v2\/users\/2"}],"replies":[{"embeddable":true,"href":"https:\/\/bosnjacki.rs\/rs\/wp-json\/wp\/v2\/comments?post=14477"}],"version-history":[{"count":2,"href":"https:\/\/bosnjacki.rs\/rs\/wp-json\/wp\/v2\/pages\/14477\/revisions"}],"predecessor-version":[{"id":14517,"href":"https:\/\/bosnjacki.rs\/rs\/wp-json\/wp\/v2\/pages\/14477\/revisions\/14517"}],"up":[{"embeddable":true,"href":"https:\/\/bosnjacki.rs\/rs\/wp-json\/wp\/v2\/pages\/71"}],"wp:featuredmedia":[{"embeddable":true,"href":"https:\/\/bosnjacki.rs\/rs\/wp-json\/wp\/v2\/media\/14473"}],"wp:attachment":[{"href":"https:\/\/bosnjacki.rs\/rs\/wp-json\/wp\/v2\/media?parent=14477"}],"curies":[{"name":"wp","href":"https:\/\/api.w.org\/{rel}","templated":true}]}}