{"id":15058,"date":"2021-11-18T14:19:50","date_gmt":"2021-11-18T13:19:50","guid":{"rendered":"https:\/\/bosnjacki.rs\/?page_id=15058"},"modified":"2021-11-18T14:19:50","modified_gmt":"2021-11-18T13:19:50","slug":"daria","status":"publish","type":"page","link":"https:\/\/bosnjacki.rs\/rs\/dnevne-sobe\/sofe\/daria\/","title":{"rendered":"Daria"},"content":{"rendered":"<p><div id='gallery-1' class='gallery galleryid-15058 gallery-columns-3 gallery-size-thumbnail'><figure class='gallery-item'>\n\t\t\t<div class='gallery-icon landscape'>\n\t\t\t\t<a href='https:\/\/bosnjacki.rs\/wp-content\/uploads\/2021\/11\/Daria.jpg'><img loading=\"lazy\" decoding=\"async\" width=\"300\" height=\"300\" src=\"https:\/\/bosnjacki.rs\/wp-content\/uploads\/2021\/11\/Daria-300x300.jpg\" class=\"attachment-thumbnail size-thumbnail\" alt=\"\" srcset=\"https:\/\/bosnjacki.rs\/wp-content\/uploads\/2021\/11\/Daria-300x300.jpg 300w, https:\/\/bosnjacki.rs\/wp-content\/uploads\/2021\/11\/Daria-1024x1024.jpg 1024w, https:\/\/bosnjacki.rs\/wp-content\/uploads\/2021\/11\/Daria-768x768.jpg 768w, https:\/\/bosnjacki.rs\/wp-content\/uploads\/2021\/11\/Daria-72x72.jpg 72w, https:\/\/bosnjacki.rs\/wp-content\/uploads\/2021\/11\/Daria.jpg 1290w\" sizes=\"auto, (max-width: 300px) 100vw, 300px\" \/><\/a>\n\t\t\t<\/div><\/figure><figure class='gallery-item'>\n\t\t\t<div class='gallery-icon landscape'>\n\t\t\t\t<a href='https:\/\/bosnjacki.rs\/wp-content\/uploads\/2021\/11\/Daria2.jpg'><img loading=\"lazy\" decoding=\"async\" width=\"300\" height=\"300\" src=\"https:\/\/bosnjacki.rs\/wp-content\/uploads\/2021\/11\/Daria2-300x300.jpg\" class=\"attachment-thumbnail size-thumbnail\" alt=\"\" srcset=\"https:\/\/bosnjacki.rs\/wp-content\/uploads\/2021\/11\/Daria2-300x300.jpg 300w, https:\/\/bosnjacki.rs\/wp-content\/uploads\/2021\/11\/Daria2-72x72.jpg 72w\" sizes=\"auto, (max-width: 300px) 100vw, 300px\" \/><\/a>\n\t\t\t<\/div><\/figure><figure class='gallery-item'>\n\t\t\t<div class='gallery-icon landscape'>\n\t\t\t\t<a href='https:\/\/bosnjacki.rs\/wp-content\/uploads\/2021\/11\/Daria3.jpg'><img loading=\"lazy\" decoding=\"async\" width=\"300\" height=\"300\" src=\"https:\/\/bosnjacki.rs\/wp-content\/uploads\/2021\/11\/Daria3-300x300.jpg\" class=\"attachment-thumbnail size-thumbnail\" alt=\"\" srcset=\"https:\/\/bosnjacki.rs\/wp-content\/uploads\/2021\/11\/Daria3-300x300.jpg 300w, https:\/\/bosnjacki.rs\/wp-content\/uploads\/2021\/11\/Daria3-72x72.jpg 72w\" sizes=\"auto, (max-width: 300px) 100vw, 300px\" \/><\/a>\n\t\t\t<\/div><\/figure>\n\t\t<\/div>\n<p><strong>Opis proizvoda:<\/strong><br \/>\nBoja drveta i mebl \u0161tof ili ko\u017ea po izboru. Dim. 226x83x105h<\/p>\n<p><strong>Tehni\u010dke specifikacije:<\/strong><br \/>\nMaterijali: \u0161tof, parena bukva.<\/p>\n<p><strong>Dostupnost proizvoda:<\/strong><br \/>\nPo porud\u017ebini.<\/p>","protected":false},"excerpt":{"rendered":"<p>Opis proizvoda: Boja drveta i mebl \u0161tof ili ko\u017ea po izboru. Dim. 226x83x105h Tehni\u010dke specifikacije: Materijali: \u0161tof, parena bukva. Dostupnost proizvoda: Po porud\u017ebini.<\/p>\n","protected":false},"author":2,"featured_media":15059,"parent":62,"menu_order":0,"comment_status":"closed","ping_status":"closed","template":"page-services.php","meta":{"footnotes":""},"class_list":["post-15058","page","type-page","status-publish","has-post-thumbnail","hentry"],"_links":{"self":[{"href":"https:\/\/bosnjacki.rs\/rs\/wp-json\/wp\/v2\/pages\/15058","targetHints":{"allow":["GET"]}}],"collection":[{"href":"https:\/\/bosnjacki.rs\/rs\/wp-json\/wp\/v2\/pages"}],"about":[{"href":"https:\/\/bosnjacki.rs\/rs\/wp-json\/wp\/v2\/types\/page"}],"author":[{"embeddable":true,"href":"https:\/\/bosnjacki.rs\/rs\/wp-json\/wp\/v2\/users\/2"}],"replies":[{"embeddable":true,"href":"https:\/\/bosnjacki.rs\/rs\/wp-json\/wp\/v2\/comments?post=15058"}],"version-history":[{"count":1,"href":"https:\/\/bosnjacki.rs\/rs\/wp-json\/wp\/v2\/pages\/15058\/revisions"}],"predecessor-version":[{"id":15062,"href":"https:\/\/bosnjacki.rs\/rs\/wp-json\/wp\/v2\/pages\/15058\/revisions\/15062"}],"up":[{"embeddable":true,"href":"https:\/\/bosnjacki.rs\/rs\/wp-json\/wp\/v2\/pages\/62"}],"wp:featuredmedia":[{"embeddable":true,"href":"https:\/\/bosnjacki.rs\/rs\/wp-json\/wp\/v2\/media\/15059"}],"wp:attachment":[{"href":"https:\/\/bosnjacki.rs\/rs\/wp-json\/wp\/v2\/media?parent=15058"}],"curies":[{"name":"wp","href":"https:\/\/api.w.org\/{rel}","templated":true}]}}