{"id":15075,"date":"2021-12-09T13:27:22","date_gmt":"2021-12-09T12:27:22","guid":{"rendered":"https:\/\/bosnjacki.rs\/?page_id=15075"},"modified":"2021-12-09T13:27:22","modified_gmt":"2021-12-09T12:27:22","slug":"dolce-vita","status":"publish","type":"page","link":"https:\/\/bosnjacki.rs\/rs\/dnevne-sobe\/sofe\/dolce-vita\/","title":{"rendered":"Dolce vita"},"content":{"rendered":"<p><div id='gallery-1' class='gallery galleryid-15075 gallery-columns-3 gallery-size-thumbnail'><figure class='gallery-item'>\n\t\t\t<div class='gallery-icon landscape'>\n\t\t\t\t<a href='https:\/\/bosnjacki.rs\/wp-content\/uploads\/2021\/12\/Dolce-vita-sofa.jpg'><img loading=\"lazy\" decoding=\"async\" width=\"300\" height=\"300\" src=\"https:\/\/bosnjacki.rs\/wp-content\/uploads\/2021\/12\/Dolce-vita-sofa-300x300.jpg\" class=\"attachment-thumbnail size-thumbnail\" alt=\"\" srcset=\"https:\/\/bosnjacki.rs\/wp-content\/uploads\/2021\/12\/Dolce-vita-sofa-300x300.jpg 300w, https:\/\/bosnjacki.rs\/wp-content\/uploads\/2021\/12\/Dolce-vita-sofa-72x72.jpg 72w\" sizes=\"auto, (max-width: 300px) 100vw, 300px\" \/><\/a>\n\t\t\t<\/div><\/figure><figure class='gallery-item'>\n\t\t\t<div class='gallery-icon landscape'>\n\t\t\t\t<a href='https:\/\/bosnjacki.rs\/wp-content\/uploads\/2021\/12\/Dolce-vita-sofa6.jpg'><img loading=\"lazy\" decoding=\"async\" width=\"300\" height=\"300\" src=\"https:\/\/bosnjacki.rs\/wp-content\/uploads\/2021\/12\/Dolce-vita-sofa6-300x300.jpg\" class=\"attachment-thumbnail size-thumbnail\" alt=\"\" srcset=\"https:\/\/bosnjacki.rs\/wp-content\/uploads\/2021\/12\/Dolce-vita-sofa6-300x300.jpg 300w, https:\/\/bosnjacki.rs\/wp-content\/uploads\/2021\/12\/Dolce-vita-sofa6-72x72.jpg 72w\" sizes=\"auto, (max-width: 300px) 100vw, 300px\" \/><\/a>\n\t\t\t<\/div><\/figure><figure class='gallery-item'>\n\t\t\t<div class='gallery-icon landscape'>\n\t\t\t\t<a href='https:\/\/bosnjacki.rs\/wp-content\/uploads\/2021\/12\/Dolce-vita-dnevna.jpg'><img loading=\"lazy\" decoding=\"async\" width=\"300\" height=\"300\" src=\"https:\/\/bosnjacki.rs\/wp-content\/uploads\/2021\/12\/Dolce-vita-dnevna-300x300.jpg\" class=\"attachment-thumbnail size-thumbnail\" alt=\"\" srcset=\"https:\/\/bosnjacki.rs\/wp-content\/uploads\/2021\/12\/Dolce-vita-dnevna-300x300.jpg 300w, https:\/\/bosnjacki.rs\/wp-content\/uploads\/2021\/12\/Dolce-vita-dnevna-72x72.jpg 72w\" sizes=\"auto, (max-width: 300px) 100vw, 300px\" \/><\/a>\n\t\t\t<\/div><\/figure><figure class='gallery-item'>\n\t\t\t<div class='gallery-icon landscape'>\n\t\t\t\t<a href='https:\/\/bosnjacki.rs\/wp-content\/uploads\/2021\/12\/Dolce-vita-sofa2.jpg'><img loading=\"lazy\" decoding=\"async\" width=\"300\" height=\"300\" src=\"https:\/\/bosnjacki.rs\/wp-content\/uploads\/2021\/12\/Dolce-vita-sofa2-300x300.jpg\" class=\"attachment-thumbnail size-thumbnail\" alt=\"\" srcset=\"https:\/\/bosnjacki.rs\/wp-content\/uploads\/2021\/12\/Dolce-vita-sofa2-300x300.jpg 300w, https:\/\/bosnjacki.rs\/wp-content\/uploads\/2021\/12\/Dolce-vita-sofa2-72x72.jpg 72w\" sizes=\"auto, (max-width: 300px) 100vw, 300px\" \/><\/a>\n\t\t\t<\/div><\/figure><figure class='gallery-item'>\n\t\t\t<div class='gallery-icon landscape'>\n\t\t\t\t<a href='https:\/\/bosnjacki.rs\/wp-content\/uploads\/2021\/12\/Dolce-vita-sofa3.jpg'><img loading=\"lazy\" decoding=\"async\" width=\"300\" height=\"300\" src=\"https:\/\/bosnjacki.rs\/wp-content\/uploads\/2021\/12\/Dolce-vita-sofa3-300x300.jpg\" class=\"attachment-thumbnail size-thumbnail\" alt=\"\" srcset=\"https:\/\/bosnjacki.rs\/wp-content\/uploads\/2021\/12\/Dolce-vita-sofa3-300x300.jpg 300w, https:\/\/bosnjacki.rs\/wp-content\/uploads\/2021\/12\/Dolce-vita-sofa3-72x72.jpg 72w\" sizes=\"auto, (max-width: 300px) 100vw, 300px\" \/><\/a>\n\t\t\t<\/div><\/figure><figure class='gallery-item'>\n\t\t\t<div class='gallery-icon portrait'>\n\t\t\t\t<a href='https:\/\/bosnjacki.rs\/wp-content\/uploads\/2021\/12\/Dolce-vita-sofa4.jpg'><img loading=\"lazy\" decoding=\"async\" width=\"300\" height=\"300\" src=\"https:\/\/bosnjacki.rs\/wp-content\/uploads\/2021\/12\/Dolce-vita-sofa4-300x300.jpg\" class=\"attachment-thumbnail size-thumbnail\" alt=\"\" srcset=\"https:\/\/bosnjacki.rs\/wp-content\/uploads\/2021\/12\/Dolce-vita-sofa4-300x300.jpg 300w, https:\/\/bosnjacki.rs\/wp-content\/uploads\/2021\/12\/Dolce-vita-sofa4-72x72.jpg 72w\" sizes=\"auto, (max-width: 300px) 100vw, 300px\" \/><\/a>\n\t\t\t<\/div><\/figure><figure class='gallery-item'>\n\t\t\t<div class='gallery-icon portrait'>\n\t\t\t\t<a href='https:\/\/bosnjacki.rs\/wp-content\/uploads\/2021\/12\/Dolce-vita-sofa5.jpg'><img loading=\"lazy\" decoding=\"async\" width=\"300\" height=\"300\" src=\"https:\/\/bosnjacki.rs\/wp-content\/uploads\/2021\/12\/Dolce-vita-sofa5-300x300.jpg\" class=\"attachment-thumbnail size-thumbnail\" alt=\"\" srcset=\"https:\/\/bosnjacki.rs\/wp-content\/uploads\/2021\/12\/Dolce-vita-sofa5-300x300.jpg 300w, https:\/\/bosnjacki.rs\/wp-content\/uploads\/2021\/12\/Dolce-vita-sofa5-72x72.jpg 72w\" sizes=\"auto, (max-width: 300px) 100vw, 300px\" \/><\/a>\n\t\t\t<\/div><\/figure><figure class='gallery-item'>\n\t\t\t<div class='gallery-icon landscape'>\n\t\t\t\t<a href='https:\/\/bosnjacki.rs\/wp-content\/uploads\/2021\/12\/Dolce-vita-sofa7-e1639052704396.jpg'><img loading=\"lazy\" decoding=\"async\" width=\"300\" height=\"300\" src=\"https:\/\/bosnjacki.rs\/wp-content\/uploads\/2021\/12\/Dolce-vita-sofa7-e1639052704396-300x300.jpg\" class=\"attachment-thumbnail size-thumbnail\" alt=\"\" srcset=\"https:\/\/bosnjacki.rs\/wp-content\/uploads\/2021\/12\/Dolce-vita-sofa7-e1639052704396-300x300.jpg 300w, https:\/\/bosnjacki.rs\/wp-content\/uploads\/2021\/12\/Dolce-vita-sofa7-e1639052704396-72x72.jpg 72w\" sizes=\"auto, (max-width: 300px) 100vw, 300px\" \/><\/a>\n\t\t\t<\/div><\/figure>\n\t\t<\/div>\n<p><strong>Opis proizvoda:<\/strong><br \/>\nBoja mebl \u0161tofa ili ko\u017ea po izboru. Dim. trosed 227x105x102h, dim.dvosed 180x105x102h.<\/p>\n<p><strong>Tehni\u010dke specifikacije:<\/strong><br \/>\nMaterijali: \u0161tof, parena bukva.<\/p>\n<p><strong>Dostupnost proizvoda:<\/strong><br \/>\nPo porud\u017ebini.<\/p>","protected":false},"excerpt":{"rendered":"<p>Opis proizvoda: Boja mebl \u0161tofa ili ko\u017ea po izboru. Dim. trosed 227x105x102h, dim.dvosed 180x105x102h. Tehni\u010dke specifikacije: Materijali: \u0161tof, parena bukva. Dostupnost proizvoda: Po porud\u017ebini.<\/p>\n","protected":false},"author":2,"featured_media":15083,"parent":62,"menu_order":0,"comment_status":"closed","ping_status":"closed","template":"page-services.php","meta":{"footnotes":""},"class_list":["post-15075","page","type-page","status-publish","has-post-thumbnail","hentry"],"_links":{"self":[{"href":"https:\/\/bosnjacki.rs\/rs\/wp-json\/wp\/v2\/pages\/15075","targetHints":{"allow":["GET"]}}],"collection":[{"href":"https:\/\/bosnjacki.rs\/rs\/wp-json\/wp\/v2\/pages"}],"about":[{"href":"https:\/\/bosnjacki.rs\/rs\/wp-json\/wp\/v2\/types\/page"}],"author":[{"embeddable":true,"href":"https:\/\/bosnjacki.rs\/rs\/wp-json\/wp\/v2\/users\/2"}],"replies":[{"embeddable":true,"href":"https:\/\/bosnjacki.rs\/rs\/wp-json\/wp\/v2\/comments?post=15075"}],"version-history":[{"count":1,"href":"https:\/\/bosnjacki.rs\/rs\/wp-json\/wp\/v2\/pages\/15075\/revisions"}],"predecessor-version":[{"id":15084,"href":"https:\/\/bosnjacki.rs\/rs\/wp-json\/wp\/v2\/pages\/15075\/revisions\/15084"}],"up":[{"embeddable":true,"href":"https:\/\/bosnjacki.rs\/rs\/wp-json\/wp\/v2\/pages\/62"}],"wp:featuredmedia":[{"embeddable":true,"href":"https:\/\/bosnjacki.rs\/rs\/wp-json\/wp\/v2\/media\/15083"}],"wp:attachment":[{"href":"https:\/\/bosnjacki.rs\/rs\/wp-json\/wp\/v2\/media?parent=15075"}],"curies":[{"name":"wp","href":"https:\/\/api.w.org\/{rel}","templated":true}]}}