{"id":15361,"date":"2022-09-08T09:49:44","date_gmt":"2022-09-08T08:49:44","guid":{"rendered":"https:\/\/bosnjacki.rs\/?page_id=15361"},"modified":"2022-09-08T09:49:44","modified_gmt":"2022-09-08T08:49:44","slug":"esenca-manji","status":"publish","type":"page","link":"https:\/\/bosnjacki.rs\/rs\/dnevne-sobe\/klub-stolovi\/esenca-manji\/","title":{"rendered":"Esenca manji"},"content":{"rendered":"<p><div id='gallery-1' class='gallery galleryid-15361 gallery-columns-3 gallery-size-thumbnail'><figure class='gallery-item'>\n\t\t\t<div class='gallery-icon landscape'>\n\t\t\t\t<a href='https:\/\/bosnjacki.rs\/wp-content\/uploads\/2022\/09\/esenca-klub-stolovi-mali.jpg'><img loading=\"lazy\" decoding=\"async\" width=\"300\" height=\"300\" src=\"https:\/\/bosnjacki.rs\/wp-content\/uploads\/2022\/09\/esenca-klub-stolovi-mali-300x300.jpg\" class=\"attachment-thumbnail size-thumbnail\" alt=\"\" srcset=\"https:\/\/bosnjacki.rs\/wp-content\/uploads\/2022\/09\/esenca-klub-stolovi-mali-300x300.jpg 300w, https:\/\/bosnjacki.rs\/wp-content\/uploads\/2022\/09\/esenca-klub-stolovi-mali-768x768.jpg 768w, https:\/\/bosnjacki.rs\/wp-content\/uploads\/2022\/09\/esenca-klub-stolovi-mali-72x72.jpg 72w, https:\/\/bosnjacki.rs\/wp-content\/uploads\/2022\/09\/esenca-klub-stolovi-mali.jpg 900w\" sizes=\"auto, (max-width: 300px) 100vw, 300px\" \/><\/a>\n\t\t\t<\/div><\/figure><figure class='gallery-item'>\n\t\t\t<div class='gallery-icon landscape'>\n\t\t\t\t<a href='https:\/\/bosnjacki.rs\/wp-content\/uploads\/2022\/09\/esenca-klub-stolovi-mali2.jpg'><img loading=\"lazy\" decoding=\"async\" width=\"300\" height=\"300\" src=\"https:\/\/bosnjacki.rs\/wp-content\/uploads\/2022\/09\/esenca-klub-stolovi-mali2-300x300.jpg\" class=\"attachment-thumbnail size-thumbnail\" alt=\"\" srcset=\"https:\/\/bosnjacki.rs\/wp-content\/uploads\/2022\/09\/esenca-klub-stolovi-mali2-300x300.jpg 300w, https:\/\/bosnjacki.rs\/wp-content\/uploads\/2022\/09\/esenca-klub-stolovi-mali2-72x72.jpg 72w\" sizes=\"auto, (max-width: 300px) 100vw, 300px\" \/><\/a>\n\t\t\t<\/div><\/figure><figure class='gallery-item'>\n\t\t\t<div class='gallery-icon portrait'>\n\t\t\t\t<a href='https:\/\/bosnjacki.rs\/wp-content\/uploads\/2022\/09\/esenca-klub-stolovi-mali4a.jpg'><img loading=\"lazy\" decoding=\"async\" width=\"300\" height=\"300\" src=\"https:\/\/bosnjacki.rs\/wp-content\/uploads\/2022\/09\/esenca-klub-stolovi-mali4a-300x300.jpg\" class=\"attachment-thumbnail size-thumbnail\" alt=\"\" srcset=\"https:\/\/bosnjacki.rs\/wp-content\/uploads\/2022\/09\/esenca-klub-stolovi-mali4a-300x300.jpg 300w, https:\/\/bosnjacki.rs\/wp-content\/uploads\/2022\/09\/esenca-klub-stolovi-mali4a-72x72.jpg 72w\" sizes=\"auto, (max-width: 300px) 100vw, 300px\" \/><\/a>\n\t\t\t<\/div><\/figure><figure class='gallery-item'>\n\t\t\t<div class='gallery-icon portrait'>\n\t\t\t\t<a href='https:\/\/bosnjacki.rs\/wp-content\/uploads\/2022\/09\/esenca-klub-stolovi-mali3a.jpg'><img loading=\"lazy\" decoding=\"async\" width=\"300\" height=\"300\" src=\"https:\/\/bosnjacki.rs\/wp-content\/uploads\/2022\/09\/esenca-klub-stolovi-mali3a-300x300.jpg\" class=\"attachment-thumbnail size-thumbnail\" alt=\"\" srcset=\"https:\/\/bosnjacki.rs\/wp-content\/uploads\/2022\/09\/esenca-klub-stolovi-mali3a-300x300.jpg 300w, https:\/\/bosnjacki.rs\/wp-content\/uploads\/2022\/09\/esenca-klub-stolovi-mali3a-72x72.jpg 72w\" sizes=\"auto, (max-width: 300px) 100vw, 300px\" \/><\/a>\n\t\t\t<\/div><\/figure>\n\t\t<\/div>\n<p><strong>Opis proizvoda:<\/strong><br \/>\nDim. 50x50x50h i 50x50x65h<\/p>\n<p><strong>Tehni\u010dke specifikacije:<\/strong><\/p>\n<p>Materijali:\u00a0MDF sa mermernim efektom i ekskluzivnom zavr\u0161nom obradom sa \u017eilama u zlatnom sjaju,metal bru\u0161eni.<\/p>\n<p>Svi elementi u zlatu, noge, ru\u010dice i ramovi ispod plo\u010da su od metala i aluminijuma potpuno ru\u010dno obojeni zlatnom bojom sa sjajnim efektom.<\/p>\n<p><strong>Dostupnost proizvoda:<\/strong><br \/>\nPo porud\u017ebini.<\/p>","protected":false},"excerpt":{"rendered":"<p>Opis proizvoda: Dim. 50x50x50h i 50x50x65h Tehni\u010dke specifikacije: Materijali:\u00a0MDF sa mermernim efektom i ekskluzivnom zavr\u0161nom obradom sa \u017eilama u zlatnom sjaju,metal bru\u0161eni. Svi elementi u zlatu, noge, ru\u010dice i ramovi ispod plo\u010da su od metala i aluminijuma potpuno ru\u010dno obojeni zlatnom bojom sa sjajnim efektom. Dostupnost proizvoda: Po porud\u017ebini.<\/p>\n","protected":false},"author":2,"featured_media":15363,"parent":54,"menu_order":0,"comment_status":"closed","ping_status":"closed","template":"page-services.php","meta":{"footnotes":""},"class_list":["post-15361","page","type-page","status-publish","has-post-thumbnail","hentry"],"_links":{"self":[{"href":"https:\/\/bosnjacki.rs\/rs\/wp-json\/wp\/v2\/pages\/15361","targetHints":{"allow":["GET"]}}],"collection":[{"href":"https:\/\/bosnjacki.rs\/rs\/wp-json\/wp\/v2\/pages"}],"about":[{"href":"https:\/\/bosnjacki.rs\/rs\/wp-json\/wp\/v2\/types\/page"}],"author":[{"embeddable":true,"href":"https:\/\/bosnjacki.rs\/rs\/wp-json\/wp\/v2\/users\/2"}],"replies":[{"embeddable":true,"href":"https:\/\/bosnjacki.rs\/rs\/wp-json\/wp\/v2\/comments?post=15361"}],"version-history":[{"count":1,"href":"https:\/\/bosnjacki.rs\/rs\/wp-json\/wp\/v2\/pages\/15361\/revisions"}],"predecessor-version":[{"id":15366,"href":"https:\/\/bosnjacki.rs\/rs\/wp-json\/wp\/v2\/pages\/15361\/revisions\/15366"}],"up":[{"embeddable":true,"href":"https:\/\/bosnjacki.rs\/rs\/wp-json\/wp\/v2\/pages\/54"}],"wp:featuredmedia":[{"embeddable":true,"href":"https:\/\/bosnjacki.rs\/rs\/wp-json\/wp\/v2\/media\/15363"}],"wp:attachment":[{"href":"https:\/\/bosnjacki.rs\/rs\/wp-json\/wp\/v2\/media?parent=15361"}],"curies":[{"name":"wp","href":"https:\/\/api.w.org\/{rel}","templated":true}]}}