{"id":15540,"date":"2024-05-10T09:04:02","date_gmt":"2024-05-10T08:04:02","guid":{"rendered":"https:\/\/bosnjacki.rs\/?page_id=15540"},"modified":"2025-03-25T14:56:14","modified_gmt":"2025-03-25T13:56:14","slug":"eva","status":"publish","type":"page","link":"https:\/\/bosnjacki.rs\/rs\/dnevne-sobe\/fotelje\/eva\/","title":{"rendered":"Eva"},"content":{"rendered":"<p><div id='gallery-1' class='gallery galleryid-15540 gallery-columns-3 gallery-size-thumbnail'><figure class='gallery-item'>\n\t\t\t<div class='gallery-icon landscape'>\n\t\t\t\t<a href='https:\/\/bosnjacki.rs\/wp-content\/uploads\/2025\/03\/Eva1.jpg'><img loading=\"lazy\" decoding=\"async\" width=\"300\" height=\"300\" src=\"https:\/\/bosnjacki.rs\/wp-content\/uploads\/2025\/03\/Eva1-300x300.jpg\" class=\"attachment-thumbnail size-thumbnail\" alt=\"\" srcset=\"https:\/\/bosnjacki.rs\/wp-content\/uploads\/2025\/03\/Eva1-300x300.jpg 300w, https:\/\/bosnjacki.rs\/wp-content\/uploads\/2025\/03\/Eva1-1024x1024.jpg 1024w, https:\/\/bosnjacki.rs\/wp-content\/uploads\/2025\/03\/Eva1-768x768.jpg 768w, https:\/\/bosnjacki.rs\/wp-content\/uploads\/2025\/03\/Eva1-1536x1536.jpg 1536w, https:\/\/bosnjacki.rs\/wp-content\/uploads\/2025\/03\/Eva1-72x72.jpg 72w, https:\/\/bosnjacki.rs\/wp-content\/uploads\/2025\/03\/Eva1.jpg 1920w\" sizes=\"auto, (max-width: 300px) 100vw, 300px\" \/><\/a>\n\t\t\t<\/div><\/figure><figure class='gallery-item'>\n\t\t\t<div class='gallery-icon landscape'>\n\t\t\t\t<a href='https:\/\/bosnjacki.rs\/wp-content\/uploads\/2025\/03\/Eva2.jpg'><img loading=\"lazy\" decoding=\"async\" width=\"300\" height=\"300\" src=\"https:\/\/bosnjacki.rs\/wp-content\/uploads\/2025\/03\/Eva2-300x300.jpg\" class=\"attachment-thumbnail size-thumbnail\" alt=\"\" srcset=\"https:\/\/bosnjacki.rs\/wp-content\/uploads\/2025\/03\/Eva2-300x300.jpg 300w, https:\/\/bosnjacki.rs\/wp-content\/uploads\/2025\/03\/Eva2-72x72.jpg 72w\" sizes=\"auto, (max-width: 300px) 100vw, 300px\" \/><\/a>\n\t\t\t<\/div><\/figure><figure class='gallery-item'>\n\t\t\t<div class='gallery-icon landscape'>\n\t\t\t\t<a href='https:\/\/bosnjacki.rs\/wp-content\/uploads\/2025\/03\/Eva3.jpg'><img loading=\"lazy\" decoding=\"async\" width=\"300\" height=\"300\" src=\"https:\/\/bosnjacki.rs\/wp-content\/uploads\/2025\/03\/Eva3-300x300.jpg\" class=\"attachment-thumbnail size-thumbnail\" alt=\"\" srcset=\"https:\/\/bosnjacki.rs\/wp-content\/uploads\/2025\/03\/Eva3-300x300.jpg 300w, https:\/\/bosnjacki.rs\/wp-content\/uploads\/2025\/03\/Eva3-72x72.jpg 72w\" sizes=\"auto, (max-width: 300px) 100vw, 300px\" \/><\/a>\n\t\t\t<\/div><\/figure>\n\t\t<\/div>\n<p><strong>Opis proizvoda:<\/strong><br \/>\nBoja drveta, mebl \u0161tof ili ko\u017ea po izboru. Dim. 66x79x96h<\/p>\n<p><strong>Tehni\u010dke specifikacije:<\/strong><br \/>\nMaterijali: masiv parena bukva.<\/p>\n<p><strong>Dostupnost proizvoda:<\/strong><br \/>\nPo porud\u017ebini.<\/p>","protected":false},"excerpt":{"rendered":"<p>Opis proizvoda: Boja drveta, mebl \u0161tof ili ko\u017ea po izboru. Dim. 66x79x96h Tehni\u010dke specifikacije: Materijali: masiv parena bukva. Dostupnost proizvoda: Po porud\u017ebini.<\/p>\n","protected":false},"author":2,"featured_media":15872,"parent":49,"menu_order":0,"comment_status":"closed","ping_status":"closed","template":"page-services.php","meta":{"footnotes":""},"class_list":["post-15540","page","type-page","status-publish","has-post-thumbnail","hentry"],"_links":{"self":[{"href":"https:\/\/bosnjacki.rs\/rs\/wp-json\/wp\/v2\/pages\/15540","targetHints":{"allow":["GET"]}}],"collection":[{"href":"https:\/\/bosnjacki.rs\/rs\/wp-json\/wp\/v2\/pages"}],"about":[{"href":"https:\/\/bosnjacki.rs\/rs\/wp-json\/wp\/v2\/types\/page"}],"author":[{"embeddable":true,"href":"https:\/\/bosnjacki.rs\/rs\/wp-json\/wp\/v2\/users\/2"}],"replies":[{"embeddable":true,"href":"https:\/\/bosnjacki.rs\/rs\/wp-json\/wp\/v2\/comments?post=15540"}],"version-history":[{"count":3,"href":"https:\/\/bosnjacki.rs\/rs\/wp-json\/wp\/v2\/pages\/15540\/revisions"}],"predecessor-version":[{"id":15875,"href":"https:\/\/bosnjacki.rs\/rs\/wp-json\/wp\/v2\/pages\/15540\/revisions\/15875"}],"up":[{"embeddable":true,"href":"https:\/\/bosnjacki.rs\/rs\/wp-json\/wp\/v2\/pages\/49"}],"wp:featuredmedia":[{"embeddable":true,"href":"https:\/\/bosnjacki.rs\/rs\/wp-json\/wp\/v2\/media\/15872"}],"wp:attachment":[{"href":"https:\/\/bosnjacki.rs\/rs\/wp-json\/wp\/v2\/media?parent=15540"}],"curies":[{"name":"wp","href":"https:\/\/api.w.org\/{rel}","templated":true}]}}