{"id":15601,"date":"2024-09-30T09:35:27","date_gmt":"2024-09-30T08:35:27","guid":{"rendered":"https:\/\/bosnjacki.rs\/?page_id=15601"},"modified":"2024-09-30T09:40:43","modified_gmt":"2024-09-30T08:40:43","slug":"bernardo","status":"publish","type":"page","link":"https:\/\/bosnjacki.rs\/rs\/spavace-sobe\/kreveti\/bernardo\/","title":{"rendered":"Bernardo"},"content":{"rendered":"<p><div id='gallery-1' class='gallery galleryid-15601 gallery-columns-3 gallery-size-thumbnail'><figure class='gallery-item'>\n\t\t\t<div class='gallery-icon landscape'>\n\t\t\t\t<a href='https:\/\/bosnjacki.rs\/wp-content\/uploads\/2024\/09\/1767-01.png'><img loading=\"lazy\" decoding=\"async\" width=\"300\" height=\"300\" src=\"https:\/\/bosnjacki.rs\/wp-content\/uploads\/2024\/09\/1767-01-300x300.png\" class=\"attachment-thumbnail size-thumbnail\" alt=\"\" srcset=\"https:\/\/bosnjacki.rs\/wp-content\/uploads\/2024\/09\/1767-01-300x300.png 300w, https:\/\/bosnjacki.rs\/wp-content\/uploads\/2024\/09\/1767-01-1024x1024.png 1024w, https:\/\/bosnjacki.rs\/wp-content\/uploads\/2024\/09\/1767-01-768x768.png 768w, https:\/\/bosnjacki.rs\/wp-content\/uploads\/2024\/09\/1767-01-72x72.png 72w, https:\/\/bosnjacki.rs\/wp-content\/uploads\/2024\/09\/1767-01.png 1500w\" sizes=\"auto, (max-width: 300px) 100vw, 300px\" \/><\/a>\n\t\t\t<\/div><\/figure><figure class='gallery-item'>\n\t\t\t<div class='gallery-icon landscape'>\n\t\t\t\t<a href='https:\/\/bosnjacki.rs\/wp-content\/uploads\/2024\/09\/1767-02-min.jpg'><img loading=\"lazy\" decoding=\"async\" width=\"300\" height=\"300\" src=\"https:\/\/bosnjacki.rs\/wp-content\/uploads\/2024\/09\/1767-02-min-300x300.jpg\" class=\"attachment-thumbnail size-thumbnail\" alt=\"\" srcset=\"https:\/\/bosnjacki.rs\/wp-content\/uploads\/2024\/09\/1767-02-min-300x300.jpg 300w, https:\/\/bosnjacki.rs\/wp-content\/uploads\/2024\/09\/1767-02-min-1024x1024.jpg 1024w, https:\/\/bosnjacki.rs\/wp-content\/uploads\/2024\/09\/1767-02-min-768x768.jpg 768w, https:\/\/bosnjacki.rs\/wp-content\/uploads\/2024\/09\/1767-02-min-72x72.jpg 72w, https:\/\/bosnjacki.rs\/wp-content\/uploads\/2024\/09\/1767-02-min.jpg 1500w\" sizes=\"auto, (max-width: 300px) 100vw, 300px\" \/><\/a>\n\t\t\t<\/div><\/figure><figure class='gallery-item'>\n\t\t\t<div class='gallery-icon landscape'>\n\t\t\t\t<a href='https:\/\/bosnjacki.rs\/wp-content\/uploads\/2024\/09\/1767-03-min.jpg'><img loading=\"lazy\" decoding=\"async\" width=\"300\" height=\"300\" src=\"https:\/\/bosnjacki.rs\/wp-content\/uploads\/2024\/09\/1767-03-min-300x300.jpg\" class=\"attachment-thumbnail size-thumbnail\" alt=\"\" srcset=\"https:\/\/bosnjacki.rs\/wp-content\/uploads\/2024\/09\/1767-03-min-300x300.jpg 300w, https:\/\/bosnjacki.rs\/wp-content\/uploads\/2024\/09\/1767-03-min-1024x1024.jpg 1024w, https:\/\/bosnjacki.rs\/wp-content\/uploads\/2024\/09\/1767-03-min-768x768.jpg 768w, https:\/\/bosnjacki.rs\/wp-content\/uploads\/2024\/09\/1767-03-min-72x72.jpg 72w, https:\/\/bosnjacki.rs\/wp-content\/uploads\/2024\/09\/1767-03-min.jpg 1500w\" sizes=\"auto, (max-width: 300px) 100vw, 300px\" \/><\/a>\n\t\t\t<\/div><\/figure><figure class='gallery-item'>\n\t\t\t<div class='gallery-icon landscape'>\n\t\t\t\t<a href='https:\/\/bosnjacki.rs\/wp-content\/uploads\/2024\/09\/1767-04-min.jpg'><img loading=\"lazy\" decoding=\"async\" width=\"300\" height=\"300\" src=\"https:\/\/bosnjacki.rs\/wp-content\/uploads\/2024\/09\/1767-04-min-300x300.jpg\" class=\"attachment-thumbnail size-thumbnail\" alt=\"\" srcset=\"https:\/\/bosnjacki.rs\/wp-content\/uploads\/2024\/09\/1767-04-min-300x300.jpg 300w, https:\/\/bosnjacki.rs\/wp-content\/uploads\/2024\/09\/1767-04-min-1024x1024.jpg 1024w, https:\/\/bosnjacki.rs\/wp-content\/uploads\/2024\/09\/1767-04-min-768x768.jpg 768w, https:\/\/bosnjacki.rs\/wp-content\/uploads\/2024\/09\/1767-04-min-72x72.jpg 72w, https:\/\/bosnjacki.rs\/wp-content\/uploads\/2024\/09\/1767-04-min.jpg 1500w\" sizes=\"auto, (max-width: 300px) 100vw, 300px\" \/><\/a>\n\t\t\t<\/div><\/figure><figure class='gallery-item'>\n\t\t\t<div class='gallery-icon landscape'>\n\t\t\t\t<a href='https:\/\/bosnjacki.rs\/wp-content\/uploads\/2024\/09\/1767-05-min.jpg'><img loading=\"lazy\" decoding=\"async\" width=\"300\" height=\"300\" src=\"https:\/\/bosnjacki.rs\/wp-content\/uploads\/2024\/09\/1767-05-min-300x300.jpg\" class=\"attachment-thumbnail size-thumbnail\" alt=\"\" srcset=\"https:\/\/bosnjacki.rs\/wp-content\/uploads\/2024\/09\/1767-05-min-300x300.jpg 300w, https:\/\/bosnjacki.rs\/wp-content\/uploads\/2024\/09\/1767-05-min-1024x1024.jpg 1024w, https:\/\/bosnjacki.rs\/wp-content\/uploads\/2024\/09\/1767-05-min-768x768.jpg 768w, https:\/\/bosnjacki.rs\/wp-content\/uploads\/2024\/09\/1767-05-min-72x72.jpg 72w, https:\/\/bosnjacki.rs\/wp-content\/uploads\/2024\/09\/1767-05-min.jpg 1500w\" sizes=\"auto, (max-width: 300px) 100vw, 300px\" \/><\/a>\n\t\t\t<\/div><\/figure><figure class='gallery-item'>\n\t\t\t<div class='gallery-icon landscape'>\n\t\t\t\t<a href='https:\/\/bosnjacki.rs\/wp-content\/uploads\/2024\/09\/1767-06-min.jpg'><img loading=\"lazy\" decoding=\"async\" width=\"300\" height=\"300\" src=\"https:\/\/bosnjacki.rs\/wp-content\/uploads\/2024\/09\/1767-06-min-300x300.jpg\" class=\"attachment-thumbnail size-thumbnail\" alt=\"\" srcset=\"https:\/\/bosnjacki.rs\/wp-content\/uploads\/2024\/09\/1767-06-min-300x300.jpg 300w, https:\/\/bosnjacki.rs\/wp-content\/uploads\/2024\/09\/1767-06-min-1024x1024.jpg 1024w, https:\/\/bosnjacki.rs\/wp-content\/uploads\/2024\/09\/1767-06-min-768x768.jpg 768w, https:\/\/bosnjacki.rs\/wp-content\/uploads\/2024\/09\/1767-06-min-72x72.jpg 72w, https:\/\/bosnjacki.rs\/wp-content\/uploads\/2024\/09\/1767-06-min.jpg 1500w\" sizes=\"auto, (max-width: 300px) 100vw, 300px\" \/><\/a>\n\t\t\t<\/div><\/figure><figure class='gallery-item'>\n\t\t\t<div class='gallery-icon landscape'>\n\t\t\t\t<a href='https:\/\/bosnjacki.rs\/wp-content\/uploads\/2024\/09\/bed.jpg'><img loading=\"lazy\" decoding=\"async\" width=\"300\" height=\"300\" src=\"https:\/\/bosnjacki.rs\/wp-content\/uploads\/2024\/09\/bed-300x300.jpg\" class=\"attachment-thumbnail size-thumbnail\" alt=\"\" srcset=\"https:\/\/bosnjacki.rs\/wp-content\/uploads\/2024\/09\/bed-300x300.jpg 300w, https:\/\/bosnjacki.rs\/wp-content\/uploads\/2024\/09\/bed-768x768.jpg 768w, https:\/\/bosnjacki.rs\/wp-content\/uploads\/2024\/09\/bed-72x72.jpg 72w, https:\/\/bosnjacki.rs\/wp-content\/uploads\/2024\/09\/bed.jpg 1000w\" sizes=\"auto, (max-width: 300px) 100vw, 300px\" \/><\/a>\n\t\t\t<\/div><\/figure><figure class='gallery-item'>\n\t\t\t<div class='gallery-icon portrait'>\n\t\t\t\t<a href='https:\/\/bosnjacki.rs\/wp-content\/uploads\/2024\/09\/bed2.jpg'><img loading=\"lazy\" decoding=\"async\" width=\"300\" height=\"300\" src=\"https:\/\/bosnjacki.rs\/wp-content\/uploads\/2024\/09\/bed2-300x300.jpg\" class=\"attachment-thumbnail size-thumbnail\" alt=\"\" srcset=\"https:\/\/bosnjacki.rs\/wp-content\/uploads\/2024\/09\/bed2-300x300.jpg 300w, https:\/\/bosnjacki.rs\/wp-content\/uploads\/2024\/09\/bed2-72x72.jpg 72w\" sizes=\"auto, (max-width: 300px) 100vw, 300px\" \/><\/a>\n\t\t\t<\/div><\/figure>\n\t\t<\/div>\n<p><strong>Opis proizvoda:<\/strong><br \/>\nDim.\u00a0madraca 160\/180\/200x200cm<\/p>\n<p><strong>Tehni\u010dke specifikacije:<\/strong><br \/>\nMaterijali: masiv brest,mdf brest, \u0161tof ili ko\u017ea.<\/p>\n<p><strong>Dostupnost proizvoda:<\/strong><br \/>\nPo porud\u017ebini.<\/p>","protected":false},"excerpt":{"rendered":"<p>Opis proizvoda: Dim.\u00a0madraca 160\/180\/200x200cm Tehni\u010dke specifikacije: Materijali: masiv brest,mdf brest, \u0161tof ili ko\u017ea. Dostupnost proizvoda: Po porud\u017ebini.<\/p>\n","protected":false},"author":2,"featured_media":15608,"parent":71,"menu_order":0,"comment_status":"closed","ping_status":"closed","template":"","meta":{"footnotes":""},"class_list":["post-15601","page","type-page","status-publish","has-post-thumbnail","hentry"],"_links":{"self":[{"href":"https:\/\/bosnjacki.rs\/rs\/wp-json\/wp\/v2\/pages\/15601","targetHints":{"allow":["GET"]}}],"collection":[{"href":"https:\/\/bosnjacki.rs\/rs\/wp-json\/wp\/v2\/pages"}],"about":[{"href":"https:\/\/bosnjacki.rs\/rs\/wp-json\/wp\/v2\/types\/page"}],"author":[{"embeddable":true,"href":"https:\/\/bosnjacki.rs\/rs\/wp-json\/wp\/v2\/users\/2"}],"replies":[{"embeddable":true,"href":"https:\/\/bosnjacki.rs\/rs\/wp-json\/wp\/v2\/comments?post=15601"}],"version-history":[{"count":1,"href":"https:\/\/bosnjacki.rs\/rs\/wp-json\/wp\/v2\/pages\/15601\/revisions"}],"predecessor-version":[{"id":15610,"href":"https:\/\/bosnjacki.rs\/rs\/wp-json\/wp\/v2\/pages\/15601\/revisions\/15610"}],"up":[{"embeddable":true,"href":"https:\/\/bosnjacki.rs\/rs\/wp-json\/wp\/v2\/pages\/71"}],"wp:featuredmedia":[{"embeddable":true,"href":"https:\/\/bosnjacki.rs\/rs\/wp-json\/wp\/v2\/media\/15608"}],"wp:attachment":[{"href":"https:\/\/bosnjacki.rs\/rs\/wp-json\/wp\/v2\/media?parent=15601"}],"curies":[{"name":"wp","href":"https:\/\/api.w.org\/{rel}","templated":true}]}}