{"id":15626,"date":"2024-10-24T13:47:35","date_gmt":"2024-10-24T12:47:35","guid":{"rendered":"https:\/\/bosnjacki.rs\/?page_id=15626"},"modified":"2024-10-25T11:06:13","modified_gmt":"2024-10-25T10:06:13","slug":"irina","status":"publish","type":"page","link":"https:\/\/bosnjacki.rs\/rs\/dnevne-sobe\/sofe\/irina\/","title":{"rendered":"Irina"},"content":{"rendered":"<p>&nbsp;<\/p>\n<div id='gallery-1' class='gallery galleryid-15626 gallery-columns-3 gallery-size-thumbnail'><figure class='gallery-item'>\n\t\t\t<div class='gallery-icon landscape'>\n\t\t\t\t<a href='https:\/\/bosnjacki.rs\/wp-content\/uploads\/2024\/10\/Irina-1-scaled.jpg'><img loading=\"lazy\" decoding=\"async\" width=\"300\" height=\"300\" src=\"https:\/\/bosnjacki.rs\/wp-content\/uploads\/2024\/10\/Irina-1-300x300.jpg\" class=\"attachment-thumbnail size-thumbnail\" alt=\"\" srcset=\"https:\/\/bosnjacki.rs\/wp-content\/uploads\/2024\/10\/Irina-1-300x300.jpg 300w, https:\/\/bosnjacki.rs\/wp-content\/uploads\/2024\/10\/Irina-1-1024x1024.jpg 1024w, https:\/\/bosnjacki.rs\/wp-content\/uploads\/2024\/10\/Irina-1-768x768.jpg 768w, https:\/\/bosnjacki.rs\/wp-content\/uploads\/2024\/10\/Irina-1-1536x1536.jpg 1536w, https:\/\/bosnjacki.rs\/wp-content\/uploads\/2024\/10\/Irina-1-2048x2048.jpg 2048w, https:\/\/bosnjacki.rs\/wp-content\/uploads\/2024\/10\/Irina-1-72x72.jpg 72w\" sizes=\"auto, (max-width: 300px) 100vw, 300px\" \/><\/a>\n\t\t\t<\/div><\/figure><figure class='gallery-item'>\n\t\t\t<div class='gallery-icon landscape'>\n\t\t\t\t<a href='https:\/\/bosnjacki.rs\/wp-content\/uploads\/2024\/10\/Irina2-1-scaled.jpg'><img loading=\"lazy\" decoding=\"async\" width=\"300\" height=\"300\" src=\"https:\/\/bosnjacki.rs\/wp-content\/uploads\/2024\/10\/Irina2-1-300x300.jpg\" class=\"attachment-thumbnail size-thumbnail\" alt=\"\" srcset=\"https:\/\/bosnjacki.rs\/wp-content\/uploads\/2024\/10\/Irina2-1-300x300.jpg 300w, https:\/\/bosnjacki.rs\/wp-content\/uploads\/2024\/10\/Irina2-1-1024x1024.jpg 1024w, https:\/\/bosnjacki.rs\/wp-content\/uploads\/2024\/10\/Irina2-1-768x768.jpg 768w, https:\/\/bosnjacki.rs\/wp-content\/uploads\/2024\/10\/Irina2-1-1536x1536.jpg 1536w, https:\/\/bosnjacki.rs\/wp-content\/uploads\/2024\/10\/Irina2-1-2048x2048.jpg 2048w, https:\/\/bosnjacki.rs\/wp-content\/uploads\/2024\/10\/Irina2-1-72x72.jpg 72w\" sizes=\"auto, (max-width: 300px) 100vw, 300px\" \/><\/a>\n\t\t\t<\/div><\/figure><figure class='gallery-item'>\n\t\t\t<div class='gallery-icon landscape'>\n\t\t\t\t<a href='https:\/\/bosnjacki.rs\/wp-content\/uploads\/2024\/10\/Irina3-1-scaled.jpg'><img loading=\"lazy\" decoding=\"async\" width=\"300\" height=\"300\" src=\"https:\/\/bosnjacki.rs\/wp-content\/uploads\/2024\/10\/Irina3-1-300x300.jpg\" class=\"attachment-thumbnail size-thumbnail\" alt=\"\" srcset=\"https:\/\/bosnjacki.rs\/wp-content\/uploads\/2024\/10\/Irina3-1-300x300.jpg 300w, https:\/\/bosnjacki.rs\/wp-content\/uploads\/2024\/10\/Irina3-1-1024x1024.jpg 1024w, https:\/\/bosnjacki.rs\/wp-content\/uploads\/2024\/10\/Irina3-1-768x768.jpg 768w, https:\/\/bosnjacki.rs\/wp-content\/uploads\/2024\/10\/Irina3-1-1536x1536.jpg 1536w, https:\/\/bosnjacki.rs\/wp-content\/uploads\/2024\/10\/Irina3-1-2048x2048.jpg 2048w, https:\/\/bosnjacki.rs\/wp-content\/uploads\/2024\/10\/Irina3-1-72x72.jpg 72w\" sizes=\"auto, (max-width: 300px) 100vw, 300px\" \/><\/a>\n\t\t\t<\/div><\/figure><figure class='gallery-item'>\n\t\t\t<div class='gallery-icon landscape'>\n\t\t\t\t<a href='https:\/\/bosnjacki.rs\/wp-content\/uploads\/2024\/10\/Irina4-1-scaled.jpg'><img loading=\"lazy\" decoding=\"async\" width=\"300\" height=\"300\" src=\"https:\/\/bosnjacki.rs\/wp-content\/uploads\/2024\/10\/Irina4-1-300x300.jpg\" class=\"attachment-thumbnail size-thumbnail\" alt=\"\" srcset=\"https:\/\/bosnjacki.rs\/wp-content\/uploads\/2024\/10\/Irina4-1-300x300.jpg 300w, https:\/\/bosnjacki.rs\/wp-content\/uploads\/2024\/10\/Irina4-1-1024x1024.jpg 1024w, https:\/\/bosnjacki.rs\/wp-content\/uploads\/2024\/10\/Irina4-1-768x768.jpg 768w, https:\/\/bosnjacki.rs\/wp-content\/uploads\/2024\/10\/Irina4-1-1536x1536.jpg 1536w, https:\/\/bosnjacki.rs\/wp-content\/uploads\/2024\/10\/Irina4-1-2048x2048.jpg 2048w, https:\/\/bosnjacki.rs\/wp-content\/uploads\/2024\/10\/Irina4-1-72x72.jpg 72w\" sizes=\"auto, (max-width: 300px) 100vw, 300px\" \/><\/a>\n\t\t\t<\/div><\/figure><figure class='gallery-item'>\n\t\t\t<div class='gallery-icon landscape'>\n\t\t\t\t<a href='https:\/\/bosnjacki.rs\/wp-content\/uploads\/2024\/10\/Irina5-1-scaled.jpg'><img loading=\"lazy\" decoding=\"async\" width=\"300\" height=\"300\" src=\"https:\/\/bosnjacki.rs\/wp-content\/uploads\/2024\/10\/Irina5-1-300x300.jpg\" class=\"attachment-thumbnail size-thumbnail\" alt=\"\" srcset=\"https:\/\/bosnjacki.rs\/wp-content\/uploads\/2024\/10\/Irina5-1-300x300.jpg 300w, https:\/\/bosnjacki.rs\/wp-content\/uploads\/2024\/10\/Irina5-1-1024x1024.jpg 1024w, https:\/\/bosnjacki.rs\/wp-content\/uploads\/2024\/10\/Irina5-1-768x768.jpg 768w, https:\/\/bosnjacki.rs\/wp-content\/uploads\/2024\/10\/Irina5-1-1536x1536.jpg 1536w, https:\/\/bosnjacki.rs\/wp-content\/uploads\/2024\/10\/Irina5-1-2048x2048.jpg 2048w, https:\/\/bosnjacki.rs\/wp-content\/uploads\/2024\/10\/Irina5-1-72x72.jpg 72w\" sizes=\"auto, (max-width: 300px) 100vw, 300px\" \/><\/a>\n\t\t\t<\/div><\/figure><figure class='gallery-item'>\n\t\t\t<div class='gallery-icon landscape'>\n\t\t\t\t<a href='https:\/\/bosnjacki.rs\/wp-content\/uploads\/2024\/10\/Irina6-1-scaled.jpg'><img loading=\"lazy\" decoding=\"async\" width=\"300\" height=\"300\" src=\"https:\/\/bosnjacki.rs\/wp-content\/uploads\/2024\/10\/Irina6-1-300x300.jpg\" class=\"attachment-thumbnail size-thumbnail\" alt=\"\" srcset=\"https:\/\/bosnjacki.rs\/wp-content\/uploads\/2024\/10\/Irina6-1-300x300.jpg 300w, https:\/\/bosnjacki.rs\/wp-content\/uploads\/2024\/10\/Irina6-1-1024x1024.jpg 1024w, https:\/\/bosnjacki.rs\/wp-content\/uploads\/2024\/10\/Irina6-1-768x768.jpg 768w, https:\/\/bosnjacki.rs\/wp-content\/uploads\/2024\/10\/Irina6-1-1536x1536.jpg 1536w, https:\/\/bosnjacki.rs\/wp-content\/uploads\/2024\/10\/Irina6-1-2048x2048.jpg 2048w, https:\/\/bosnjacki.rs\/wp-content\/uploads\/2024\/10\/Irina6-1-72x72.jpg 72w\" sizes=\"auto, (max-width: 300px) 100vw, 300px\" \/><\/a>\n\t\t\t<\/div><\/figure><figure class='gallery-item'>\n\t\t\t<div class='gallery-icon landscape'>\n\t\t\t\t<a href='https:\/\/bosnjacki.rs\/wp-content\/uploads\/2024\/10\/Irina6-2.jpg'><img loading=\"lazy\" decoding=\"async\" width=\"300\" height=\"300\" src=\"https:\/\/bosnjacki.rs\/wp-content\/uploads\/2024\/10\/Irina6-2-300x300.jpg\" class=\"attachment-thumbnail size-thumbnail\" alt=\"\" srcset=\"https:\/\/bosnjacki.rs\/wp-content\/uploads\/2024\/10\/Irina6-2-300x300.jpg 300w, https:\/\/bosnjacki.rs\/wp-content\/uploads\/2024\/10\/Irina6-2-72x72.jpg 72w\" sizes=\"auto, (max-width: 300px) 100vw, 300px\" \/><\/a>\n\t\t\t<\/div><\/figure><figure class='gallery-item'>\n\t\t\t<div class='gallery-icon landscape'>\n\t\t\t\t<a href='https:\/\/bosnjacki.rs\/wp-content\/uploads\/2024\/10\/Irina5-2.jpg'><img loading=\"lazy\" decoding=\"async\" width=\"300\" height=\"300\" src=\"https:\/\/bosnjacki.rs\/wp-content\/uploads\/2024\/10\/Irina5-2-300x300.jpg\" class=\"attachment-thumbnail size-thumbnail\" alt=\"\" srcset=\"https:\/\/bosnjacki.rs\/wp-content\/uploads\/2024\/10\/Irina5-2-300x300.jpg 300w, https:\/\/bosnjacki.rs\/wp-content\/uploads\/2024\/10\/Irina5-2-72x72.jpg 72w\" sizes=\"auto, (max-width: 300px) 100vw, 300px\" \/><\/a>\n\t\t\t<\/div><\/figure>\n\t\t<\/div>\n\n<p><strong>Opis proizvoda:<\/strong><br \/>\nBoja drveta i mebl \u0161tof ili ko\u017ea po izboru. Dim. 226x103x93h<\/p>\n<p><strong>Tehni\u010dke specifikacije:<\/strong><br \/>\nMaterijali: \u0161tof, parena bukva.<\/p>\n<p><strong>Dostupnost proizvoda:<\/strong><br \/>\nPo porud\u017ebini.<\/p>","protected":false},"excerpt":{"rendered":"<p>&nbsp; Opis proizvoda: Boja drveta i mebl \u0161tof ili ko\u017ea po izboru. Dim. 226x103x93h Tehni\u010dke specifikacije: Materijali: \u0161tof, parena bukva. Dostupnost proizvoda: Po porud\u017ebini.<\/p>\n","protected":false},"author":2,"featured_media":15627,"parent":62,"menu_order":0,"comment_status":"closed","ping_status":"closed","template":"page-services.php","meta":{"footnotes":""},"class_list":["post-15626","page","type-page","status-publish","has-post-thumbnail","hentry"],"_links":{"self":[{"href":"https:\/\/bosnjacki.rs\/rs\/wp-json\/wp\/v2\/pages\/15626","targetHints":{"allow":["GET"]}}],"collection":[{"href":"https:\/\/bosnjacki.rs\/rs\/wp-json\/wp\/v2\/pages"}],"about":[{"href":"https:\/\/bosnjacki.rs\/rs\/wp-json\/wp\/v2\/types\/page"}],"author":[{"embeddable":true,"href":"https:\/\/bosnjacki.rs\/rs\/wp-json\/wp\/v2\/users\/2"}],"replies":[{"embeddable":true,"href":"https:\/\/bosnjacki.rs\/rs\/wp-json\/wp\/v2\/comments?post=15626"}],"version-history":[{"count":4,"href":"https:\/\/bosnjacki.rs\/rs\/wp-json\/wp\/v2\/pages\/15626\/revisions"}],"predecessor-version":[{"id":15644,"href":"https:\/\/bosnjacki.rs\/rs\/wp-json\/wp\/v2\/pages\/15626\/revisions\/15644"}],"up":[{"embeddable":true,"href":"https:\/\/bosnjacki.rs\/rs\/wp-json\/wp\/v2\/pages\/62"}],"wp:featuredmedia":[{"embeddable":true,"href":"https:\/\/bosnjacki.rs\/rs\/wp-json\/wp\/v2\/media\/15627"}],"wp:attachment":[{"href":"https:\/\/bosnjacki.rs\/rs\/wp-json\/wp\/v2\/media?parent=15626"}],"curies":[{"name":"wp","href":"https:\/\/api.w.org\/{rel}","templated":true}]}}