{"id":1609,"date":"2011-02-09T09:23:36","date_gmt":"2011-02-09T09:23:36","guid":{"rendered":"https:\/\/bosnjacki.rs\/bosnjacki_wp\/?page_id=1609"},"modified":"2015-11-18T19:10:03","modified_gmt":"2015-11-18T18:10:03","slug":"ilan-special","status":"publish","type":"page","link":"https:\/\/bosnjacki.rs\/rs\/spavace-sobe\/toaletni-stolovi\/ilan-special\/","title":{"rendered":"Ilan special"},"content":{"rendered":"<p><div id='gallery-1' class='gallery galleryid-1609 gallery-columns-3 gallery-size-thumbnail'><figure class='gallery-item'>\n\t\t\t<div class='gallery-icon portrait'>\n\t\t\t\t<a href='https:\/\/bosnjacki.rs\/wp-content\/uploads\/2011\/02\/Picture510.jpg'><img loading=\"lazy\" decoding=\"async\" width=\"300\" height=\"300\" src=\"https:\/\/bosnjacki.rs\/wp-content\/uploads\/2011\/02\/Picture510-300x300.jpg\" class=\"attachment-thumbnail size-thumbnail\" alt=\"\" srcset=\"https:\/\/bosnjacki.rs\/wp-content\/uploads\/2011\/02\/Picture510-300x300.jpg 300w, https:\/\/bosnjacki.rs\/wp-content\/uploads\/2011\/02\/Picture510-72x72.jpg 72w\" sizes=\"auto, (max-width: 300px) 100vw, 300px\" \/><\/a>\n\t\t\t<\/div><\/figure><figure class='gallery-item'>\n\t\t\t<div class='gallery-icon portrait'>\n\t\t\t\t<a href='https:\/\/bosnjacki.rs\/wp-content\/uploads\/2011\/02\/Picture410.jpg'><img loading=\"lazy\" decoding=\"async\" width=\"300\" height=\"300\" src=\"https:\/\/bosnjacki.rs\/wp-content\/uploads\/2011\/02\/Picture410-300x300.jpg\" class=\"attachment-thumbnail size-thumbnail\" alt=\"\" srcset=\"https:\/\/bosnjacki.rs\/wp-content\/uploads\/2011\/02\/Picture410-300x300.jpg 300w, https:\/\/bosnjacki.rs\/wp-content\/uploads\/2011\/02\/Picture410-72x72.jpg 72w\" sizes=\"auto, (max-width: 300px) 100vw, 300px\" \/><\/a>\n\t\t\t<\/div><\/figure>\n\t\t<\/div>\n<p><strong>Opis proizvoda:<\/strong><br \/>\nVrsta drveta i dimenzije po izboru.<\/p>\n<p><strong>Tehni\u010dke specifikacije:<\/strong><br \/>\nMaterijali: furnir tre\u0161nja i koren oraha, masiv tre\u0161nja<\/p>\n<p><strong>Dostupnost proizvoda:<\/strong><br \/>\nPo porud\u017ebini<\/p>","protected":false},"excerpt":{"rendered":"<p>Opis proizvoda: Vrsta drveta i dimenzije po izboru. Tehni\u010dke specifikacije: Materijali: furnir tre\u0161nja i koren oraha, masiv tre\u0161nja Dostupnost proizvoda: Po porud\u017ebini<\/p>\n","protected":false},"author":2,"featured_media":1611,"parent":80,"menu_order":0,"comment_status":"open","ping_status":"open","template":"page-product.php","meta":{"footnotes":""},"class_list":["post-1609","page","type-page","status-publish","has-post-thumbnail","hentry"],"_links":{"self":[{"href":"https:\/\/bosnjacki.rs\/rs\/wp-json\/wp\/v2\/pages\/1609","targetHints":{"allow":["GET"]}}],"collection":[{"href":"https:\/\/bosnjacki.rs\/rs\/wp-json\/wp\/v2\/pages"}],"about":[{"href":"https:\/\/bosnjacki.rs\/rs\/wp-json\/wp\/v2\/types\/page"}],"author":[{"embeddable":true,"href":"https:\/\/bosnjacki.rs\/rs\/wp-json\/wp\/v2\/users\/2"}],"replies":[{"embeddable":true,"href":"https:\/\/bosnjacki.rs\/rs\/wp-json\/wp\/v2\/comments?post=1609"}],"version-history":[{"count":6,"href":"https:\/\/bosnjacki.rs\/rs\/wp-json\/wp\/v2\/pages\/1609\/revisions"}],"predecessor-version":[{"id":6061,"href":"https:\/\/bosnjacki.rs\/rs\/wp-json\/wp\/v2\/pages\/1609\/revisions\/6061"}],"up":[{"embeddable":true,"href":"https:\/\/bosnjacki.rs\/rs\/wp-json\/wp\/v2\/pages\/80"}],"wp:featuredmedia":[{"embeddable":true,"href":"https:\/\/bosnjacki.rs\/rs\/wp-json\/wp\/v2\/media\/1611"}],"wp:attachment":[{"href":"https:\/\/bosnjacki.rs\/rs\/wp-json\/wp\/v2\/media?parent=1609"}],"curies":[{"name":"wp","href":"https:\/\/api.w.org\/{rel}","templated":true}]}}