{"id":2323,"date":"2011-02-11T22:34:39","date_gmt":"2011-02-11T21:34:39","guid":{"rendered":"https:\/\/bosnjacki.rs\/?page_id=2323"},"modified":"2017-11-01T15:26:06","modified_gmt":"2017-11-01T14:26:06","slug":"tango","status":"publish","type":"page","link":"https:\/\/bosnjacki.rs\/rs\/trpezarije\/stolovi\/tango\/","title":{"rendered":"Tango"},"content":{"rendered":"<p><div id='gallery-1' class='gallery galleryid-2323 gallery-columns-3 gallery-size-thumbnail'><figure class='gallery-item'>\n\t\t\t<div class='gallery-icon landscape'>\n\t\t\t\t<a href='https:\/\/bosnjacki.rs\/wp-content\/uploads\/2011\/02\/Tango-3.jpg'><img loading=\"lazy\" decoding=\"async\" width=\"300\" height=\"300\" src=\"https:\/\/bosnjacki.rs\/wp-content\/uploads\/2011\/02\/Tango-3-300x300.jpg\" class=\"attachment-thumbnail size-thumbnail\" alt=\"\" srcset=\"https:\/\/bosnjacki.rs\/wp-content\/uploads\/2011\/02\/Tango-3-300x300.jpg 300w, https:\/\/bosnjacki.rs\/wp-content\/uploads\/2011\/02\/Tango-3-768x768.jpg 768w, https:\/\/bosnjacki.rs\/wp-content\/uploads\/2011\/02\/Tango-3-72x72.jpg 72w, https:\/\/bosnjacki.rs\/wp-content\/uploads\/2011\/02\/Tango-3.jpg 900w\" sizes=\"auto, (max-width: 300px) 100vw, 300px\" \/><\/a>\n\t\t\t<\/div><\/figure><figure class='gallery-item'>\n\t\t\t<div class='gallery-icon landscape'>\n\t\t\t\t<a href='https:\/\/bosnjacki.rs\/wp-content\/uploads\/2011\/02\/Tango-1.jpg'><img loading=\"lazy\" decoding=\"async\" width=\"300\" height=\"300\" src=\"https:\/\/bosnjacki.rs\/wp-content\/uploads\/2011\/02\/Tango-1-300x300.jpg\" class=\"attachment-thumbnail size-thumbnail\" alt=\"\" srcset=\"https:\/\/bosnjacki.rs\/wp-content\/uploads\/2011\/02\/Tango-1-300x300.jpg 300w, https:\/\/bosnjacki.rs\/wp-content\/uploads\/2011\/02\/Tango-1-72x72.jpg 72w, https:\/\/bosnjacki.rs\/wp-content\/uploads\/2011\/02\/Tango-1.jpg 720w\" sizes=\"auto, (max-width: 300px) 100vw, 300px\" \/><\/a>\n\t\t\t<\/div><\/figure><figure class='gallery-item'>\n\t\t\t<div class='gallery-icon landscape'>\n\t\t\t\t<a href='https:\/\/bosnjacki.rs\/wp-content\/uploads\/2011\/02\/Tango-4.jpg'><img loading=\"lazy\" decoding=\"async\" width=\"300\" height=\"300\" src=\"https:\/\/bosnjacki.rs\/wp-content\/uploads\/2011\/02\/Tango-4-300x300.jpg\" class=\"attachment-thumbnail size-thumbnail\" alt=\"\" srcset=\"https:\/\/bosnjacki.rs\/wp-content\/uploads\/2011\/02\/Tango-4-300x300.jpg 300w, https:\/\/bosnjacki.rs\/wp-content\/uploads\/2011\/02\/Tango-4-72x72.jpg 72w, https:\/\/bosnjacki.rs\/wp-content\/uploads\/2011\/02\/Tango-4.jpg 720w\" sizes=\"auto, (max-width: 300px) 100vw, 300px\" \/><\/a>\n\t\t\t<\/div><\/figure><figure class='gallery-item'>\n\t\t\t<div class='gallery-icon landscape'>\n\t\t\t\t<a href='https:\/\/bosnjacki.rs\/wp-content\/uploads\/2011\/02\/Tango3.jpg'><img loading=\"lazy\" decoding=\"async\" width=\"300\" height=\"300\" src=\"https:\/\/bosnjacki.rs\/wp-content\/uploads\/2011\/02\/Tango3-300x300.jpg\" class=\"attachment-thumbnail size-thumbnail\" alt=\"\" srcset=\"https:\/\/bosnjacki.rs\/wp-content\/uploads\/2011\/02\/Tango3-300x300.jpg 300w, https:\/\/bosnjacki.rs\/wp-content\/uploads\/2011\/02\/Tango3-72x72.jpg 72w\" sizes=\"auto, (max-width: 300px) 100vw, 300px\" \/><\/a>\n\t\t\t<\/div><\/figure><figure class='gallery-item'>\n\t\t\t<div class='gallery-icon landscape'>\n\t\t\t\t<a href='https:\/\/bosnjacki.rs\/wp-content\/uploads\/2011\/02\/Tango.jpg'><img loading=\"lazy\" decoding=\"async\" width=\"300\" height=\"300\" src=\"https:\/\/bosnjacki.rs\/wp-content\/uploads\/2011\/02\/Tango-300x300.jpg\" class=\"attachment-thumbnail size-thumbnail\" alt=\"\" srcset=\"https:\/\/bosnjacki.rs\/wp-content\/uploads\/2011\/02\/Tango-300x300.jpg 300w, https:\/\/bosnjacki.rs\/wp-content\/uploads\/2011\/02\/Tango-72x72.jpg 72w, https:\/\/bosnjacki.rs\/wp-content\/uploads\/2011\/02\/Tango.jpg 600w\" sizes=\"auto, (max-width: 300px) 100vw, 300px\" \/><\/a>\n\t\t\t<\/div><\/figure><figure class='gallery-item'>\n\t\t\t<div class='gallery-icon landscape'>\n\t\t\t\t<a href='https:\/\/bosnjacki.rs\/wp-content\/uploads\/2011\/02\/Tango-2.jpg'><img loading=\"lazy\" decoding=\"async\" width=\"300\" height=\"300\" src=\"https:\/\/bosnjacki.rs\/wp-content\/uploads\/2011\/02\/Tango-2-300x300.jpg\" class=\"attachment-thumbnail size-thumbnail\" alt=\"\" srcset=\"https:\/\/bosnjacki.rs\/wp-content\/uploads\/2011\/02\/Tango-2-300x300.jpg 300w, https:\/\/bosnjacki.rs\/wp-content\/uploads\/2011\/02\/Tango-2-72x72.jpg 72w, https:\/\/bosnjacki.rs\/wp-content\/uploads\/2011\/02\/Tango-2.jpg 720w\" sizes=\"auto, (max-width: 300px) 100vw, 300px\" \/><\/a>\n\t\t\t<\/div><\/figure>\n\t\t<\/div>\n<p><strong>Opis proizvoda:<\/strong><br \/>\nDimenzije i boja po izboru. Okrugli, elipsa i pravougaoni. Opcije fiksni ili na razvla\u010denje.<\/p>\n<p><strong>Tehni\u010dke specifikacije:<\/strong><br \/>\nMaterijali: masiv parena bukva, furnirani medijapan.<\/p>\n<p><strong>Dostupnost proizvoda:<\/strong><br \/>\nPo porud\u017ebini<\/p>","protected":false},"excerpt":{"rendered":"<p>Opis proizvoda: Dimenzije i boja po izboru. Okrugli, elipsa i pravougaoni. Opcije fiksni ili na razvla\u010denje. Tehni\u010dke specifikacije: Materijali: masiv parena bukva, furnirani medijapan. Dostupnost proizvoda: Po porud\u017ebini<\/p>\n","protected":false},"author":2,"featured_media":8302,"parent":111,"menu_order":0,"comment_status":"open","ping_status":"open","template":"page-product.php","meta":{"footnotes":""},"class_list":["post-2323","page","type-page","status-publish","has-post-thumbnail","hentry"],"_links":{"self":[{"href":"https:\/\/bosnjacki.rs\/rs\/wp-json\/wp\/v2\/pages\/2323","targetHints":{"allow":["GET"]}}],"collection":[{"href":"https:\/\/bosnjacki.rs\/rs\/wp-json\/wp\/v2\/pages"}],"about":[{"href":"https:\/\/bosnjacki.rs\/rs\/wp-json\/wp\/v2\/types\/page"}],"author":[{"embeddable":true,"href":"https:\/\/bosnjacki.rs\/rs\/wp-json\/wp\/v2\/users\/2"}],"replies":[{"embeddable":true,"href":"https:\/\/bosnjacki.rs\/rs\/wp-json\/wp\/v2\/comments?post=2323"}],"version-history":[{"count":11,"href":"https:\/\/bosnjacki.rs\/rs\/wp-json\/wp\/v2\/pages\/2323\/revisions"}],"predecessor-version":[{"id":8305,"href":"https:\/\/bosnjacki.rs\/rs\/wp-json\/wp\/v2\/pages\/2323\/revisions\/8305"}],"up":[{"embeddable":true,"href":"https:\/\/bosnjacki.rs\/rs\/wp-json\/wp\/v2\/pages\/111"}],"wp:featuredmedia":[{"embeddable":true,"href":"https:\/\/bosnjacki.rs\/rs\/wp-json\/wp\/v2\/media\/8302"}],"wp:attachment":[{"href":"https:\/\/bosnjacki.rs\/rs\/wp-json\/wp\/v2\/media?parent=2323"}],"curies":[{"name":"wp","href":"https:\/\/api.w.org\/{rel}","templated":true}]}}