{"id":3275,"date":"2011-07-28T14:22:37","date_gmt":"2011-07-28T13:22:37","guid":{"rendered":"https:\/\/bosnjacki.rs\/?page_id=3275"},"modified":"2015-11-20T11:36:04","modified_gmt":"2015-11-20T10:36:04","slug":"aster","status":"publish","type":"page","link":"https:\/\/bosnjacki.rs\/rs\/predsoblja\/konzole-2\/aster\/","title":{"rendered":"Aster"},"content":{"rendered":"<p><div id='gallery-1' class='gallery galleryid-3275 gallery-columns-3 gallery-size-thumbnail'><figure class='gallery-item'>\n\t\t\t<div class='gallery-icon landscape'>\n\t\t\t\t<a href='https:\/\/bosnjacki.rs\/wp-content\/uploads\/2011\/07\/Aster-2.jpg'><img loading=\"lazy\" decoding=\"async\" width=\"300\" height=\"300\" src=\"https:\/\/bosnjacki.rs\/wp-content\/uploads\/2011\/07\/Aster-2-300x300.jpg\" class=\"attachment-thumbnail size-thumbnail\" alt=\"\" srcset=\"https:\/\/bosnjacki.rs\/wp-content\/uploads\/2011\/07\/Aster-2-300x300.jpg 300w, https:\/\/bosnjacki.rs\/wp-content\/uploads\/2011\/07\/Aster-2-72x72.jpg 72w\" sizes=\"auto, (max-width: 300px) 100vw, 300px\" \/><\/a>\n\t\t\t<\/div><\/figure>\n\t\t<\/div>\n<p><strong>Opis proizvoda:<\/strong><br \/>\nDimenzije i boja drveta po izboru.<br \/>\nOpcije povr\u0161inske obrade: farbani ili furnirani medijapan.<\/p>\n<p><strong>Tehni\u010dke specifikacije:<\/strong><br \/>\nMaterijali: masiv tre\u0161nja, furnir tre\u0161nja.<\/p>\n<p><strong>Dostupnost proizvoda:<\/strong><br \/>\nPo porud\u017ebini<\/p>","protected":false},"excerpt":{"rendered":"<p>Opis proizvoda: Dimenzije i boja drveta po izboru. Opcije povr\u0161inske obrade: farbani ili furnirani medijapan. Tehni\u010dke specifikacije: Materijali: masiv tre\u0161nja, furnir tre\u0161nja. Dostupnost proizvoda: Po porud\u017ebini<\/p>\n","protected":false},"author":2,"featured_media":3276,"parent":910,"menu_order":0,"comment_status":"open","ping_status":"closed","template":"page-product.php","meta":{"footnotes":""},"class_list":["post-3275","page","type-page","status-publish","has-post-thumbnail","hentry"],"_links":{"self":[{"href":"https:\/\/bosnjacki.rs\/rs\/wp-json\/wp\/v2\/pages\/3275","targetHints":{"allow":["GET"]}}],"collection":[{"href":"https:\/\/bosnjacki.rs\/rs\/wp-json\/wp\/v2\/pages"}],"about":[{"href":"https:\/\/bosnjacki.rs\/rs\/wp-json\/wp\/v2\/types\/page"}],"author":[{"embeddable":true,"href":"https:\/\/bosnjacki.rs\/rs\/wp-json\/wp\/v2\/users\/2"}],"replies":[{"embeddable":true,"href":"https:\/\/bosnjacki.rs\/rs\/wp-json\/wp\/v2\/comments?post=3275"}],"version-history":[{"count":3,"href":"https:\/\/bosnjacki.rs\/rs\/wp-json\/wp\/v2\/pages\/3275\/revisions"}],"predecessor-version":[{"id":6191,"href":"https:\/\/bosnjacki.rs\/rs\/wp-json\/wp\/v2\/pages\/3275\/revisions\/6191"}],"up":[{"embeddable":true,"href":"https:\/\/bosnjacki.rs\/rs\/wp-json\/wp\/v2\/pages\/910"}],"wp:featuredmedia":[{"embeddable":true,"href":"https:\/\/bosnjacki.rs\/rs\/wp-json\/wp\/v2\/media\/3276"}],"wp:attachment":[{"href":"https:\/\/bosnjacki.rs\/rs\/wp-json\/wp\/v2\/media?parent=3275"}],"curies":[{"name":"wp","href":"https:\/\/api.w.org\/{rel}","templated":true}]}}