{"id":40,"date":"2011-01-31T22:34:09","date_gmt":"2011-01-31T22:34:09","guid":{"rendered":"https:\/\/bosnjacki.rs\/bosnjacki_wp\/"},"modified":"2026-04-17T16:15:53","modified_gmt":"2026-04-17T15:15:53","slug":"o-nama","status":"publish","type":"page","link":"https:\/\/bosnjacki.rs\/rs\/o-nama\/","title":{"rendered":"O nama"},"content":{"rendered":"<p>\u201eName\u0161taj Bo\u0161nja\u010dki\u201c je porodi\u010dna firma koju je g-din Zdravko Bo\u0161nja\u010dki osnovao jo\u0161 davne 1949. godine u Beogradu. Njegov sin Dragoljub Bo\u0161nja\u010dki je uspe\u0161no nastavio brend, a firmu danas vodi ve\u0107 tre\u0107a generacija.<\/p>\n<p>Odgovaraju\u0107i na posebne zahteve klijenata, name\u0161taj Bo\u0161nja\u010dki proizvodi <strong>jedinstven, unikatan i luksuzan<\/strong> name\u0161taj ru\u010dne izrade visokog kvaliteta za stilske i moderne enterijere.<\/p>\n<p>Izradom name\u0161taja <strong>po specijalnom zahtevu<\/strong>, name\u0161taj Bo\u0161nja\u010dki vam pru\u017ea mogu\u0107nost da ne morate biti ograni\u010deni trenutnom ponudom na tr\u017ei\u0161tu, ve\u0107 uvek mo\u017eemo odgovoriti na potrebe klijenata u kreiranju jedinstvenih projekata.<\/p>\n<p>Iza nas je<strong> 75 godina iskustva i usavr\u0161avanja. <\/strong><\/p>\n<p>Uz nas su <strong>zadovoljstvo i poverenje<\/strong> na\u0161ih klijenta.<\/p>\n<p>Sa nama dobijate posebno osmi\u0161ljene i<strong> originalne<\/strong><strong> enterijere<\/strong>.<\/p>\n<p>Bo\u0161nja\u010dki &#8211; budite posebni!<\/p>","protected":false},"excerpt":{"rendered":"<p>\u201eName\u0161taj Bo\u0161nja\u010dki\u201c je porodi\u010dna firma koju je g-din Zdravko Bo\u0161nja\u010dki osnovao jo\u0161 davne 1949. godine u Beogradu. Njegov sin Dragoljub Bo\u0161nja\u010dki je uspe\u0161no nastavio brend, a firmu danas vodi ve\u0107 tre\u0107a generacija. Odgovaraju\u0107i na posebne zahteve klijenata, name\u0161taj Bo\u0161nja\u010dki proizvodi jedinstven, unikatan i luksuzan name\u0161taj ru\u010dne izrade visokog kvaliteta za stilske i moderne enterijere. Izradom [&hellip;]<\/p>\n","protected":false},"author":1,"featured_media":0,"parent":0,"menu_order":0,"comment_status":"open","ping_status":"open","template":"","meta":{"footnotes":""},"class_list":["post-40","page","type-page","status-publish","hentry"],"_links":{"self":[{"href":"https:\/\/bosnjacki.rs\/rs\/wp-json\/wp\/v2\/pages\/40","targetHints":{"allow":["GET"]}}],"collection":[{"href":"https:\/\/bosnjacki.rs\/rs\/wp-json\/wp\/v2\/pages"}],"about":[{"href":"https:\/\/bosnjacki.rs\/rs\/wp-json\/wp\/v2\/types\/page"}],"author":[{"embeddable":true,"href":"https:\/\/bosnjacki.rs\/rs\/wp-json\/wp\/v2\/users\/1"}],"replies":[{"embeddable":true,"href":"https:\/\/bosnjacki.rs\/rs\/wp-json\/wp\/v2\/comments?post=40"}],"version-history":[{"count":23,"href":"https:\/\/bosnjacki.rs\/rs\/wp-json\/wp\/v2\/pages\/40\/revisions"}],"predecessor-version":[{"id":16041,"href":"https:\/\/bosnjacki.rs\/rs\/wp-json\/wp\/v2\/pages\/40\/revisions\/16041"}],"wp:attachment":[{"href":"https:\/\/bosnjacki.rs\/rs\/wp-json\/wp\/v2\/media?parent=40"}],"curies":[{"name":"wp","href":"https:\/\/api.w.org\/{rel}","templated":true}]}}