{"id":411,"date":"2011-02-07T19:21:05","date_gmt":"2011-02-07T19:21:05","guid":{"rendered":"https:\/\/bosnjacki.rs\/bosnjacki_wp\/?page_id=411"},"modified":"2016-01-20T12:07:31","modified_gmt":"2016-01-20T11:07:31","slug":"luj-xv-novi-model","status":"publish","type":"page","link":"https:\/\/bosnjacki.rs\/rs\/dnevne-sobe\/sofe\/luj-xv-novi-model\/","title":{"rendered":"Luj XV novi model"},"content":{"rendered":"<p><div id='gallery-1' class='gallery galleryid-411 gallery-columns-3 gallery-size-thumbnail'><figure class='gallery-item'>\n\t\t\t<div class='gallery-icon landscape'>\n\t\t\t\t<a href='https:\/\/bosnjacki.rs\/wp-content\/uploads\/2011\/02\/733322011.jpg'><img loading=\"lazy\" decoding=\"async\" width=\"300\" height=\"300\" src=\"https:\/\/bosnjacki.rs\/wp-content\/uploads\/2011\/02\/733322011-300x300.jpg\" class=\"attachment-thumbnail size-thumbnail\" alt=\"\" srcset=\"https:\/\/bosnjacki.rs\/wp-content\/uploads\/2011\/02\/733322011-300x300.jpg 300w, https:\/\/bosnjacki.rs\/wp-content\/uploads\/2011\/02\/733322011-72x72.jpg 72w\" sizes=\"auto, (max-width: 300px) 100vw, 300px\" \/><\/a>\n\t\t\t<\/div><\/figure><figure class='gallery-item'>\n\t\t\t<div class='gallery-icon landscape'>\n\t\t\t\t<a href='https:\/\/bosnjacki.rs\/wp-content\/uploads\/2011\/02\/image-fdb2933b97a38886dfc24675a513995842d3c03771d9bbbe5cfa85b0ba658f2b-V.jpg'><img loading=\"lazy\" decoding=\"async\" width=\"300\" height=\"300\" src=\"https:\/\/bosnjacki.rs\/wp-content\/uploads\/2011\/02\/image-fdb2933b97a38886dfc24675a513995842d3c03771d9bbbe5cfa85b0ba658f2b-V-300x300.jpg\" class=\"attachment-thumbnail size-thumbnail\" alt=\"\" srcset=\"https:\/\/bosnjacki.rs\/wp-content\/uploads\/2011\/02\/image-fdb2933b97a38886dfc24675a513995842d3c03771d9bbbe5cfa85b0ba658f2b-V-300x300.jpg 300w, https:\/\/bosnjacki.rs\/wp-content\/uploads\/2011\/02\/image-fdb2933b97a38886dfc24675a513995842d3c03771d9bbbe5cfa85b0ba658f2b-V-72x72.jpg 72w\" sizes=\"auto, (max-width: 300px) 100vw, 300px\" \/><\/a>\n\t\t\t<\/div><\/figure><figure class='gallery-item'>\n\t\t\t<div class='gallery-icon landscape'>\n\t\t\t\t<a href='https:\/\/bosnjacki.rs\/wp-content\/uploads\/2011\/02\/Luj-XV-novi-model.jpg'><img loading=\"lazy\" decoding=\"async\" width=\"300\" height=\"300\" src=\"https:\/\/bosnjacki.rs\/wp-content\/uploads\/2011\/02\/Luj-XV-novi-model-300x300.jpg\" class=\"attachment-thumbnail size-thumbnail\" alt=\"\" srcset=\"https:\/\/bosnjacki.rs\/wp-content\/uploads\/2011\/02\/Luj-XV-novi-model-300x300.jpg 300w, https:\/\/bosnjacki.rs\/wp-content\/uploads\/2011\/02\/Luj-XV-novi-model-72x72.jpg 72w, https:\/\/bosnjacki.rs\/wp-content\/uploads\/2011\/02\/Luj-XV-novi-model.jpg 600w\" sizes=\"auto, (max-width: 300px) 100vw, 300px\" \/><\/a>\n\t\t\t<\/div><\/figure>\n\t\t<\/div>\n<p><strong>Opis proizvoda:<\/strong><br \/>\nMebl \u0161tof ili ko\u017ea i boja drveta po izboru.<\/p>\n<p><strong>Tehni\u010dke specifikacije:<\/strong><br \/>\nMaterijali: \u0161tof, ko\u017ea, masiv tre\u0161nja.<\/p>\n<p><strong>Dostupnost proizvoda:<\/strong><br \/>\nPo porud\u017ebini.<\/p>","protected":false},"excerpt":{"rendered":"<p>Opis proizvoda: Mebl \u0161tof ili ko\u017ea i boja drveta po izboru. Tehni\u010dke specifikacije: Materijali: \u0161tof, ko\u017ea, masiv tre\u0161nja. Dostupnost proizvoda: Po porud\u017ebini.<\/p>\n","protected":false},"author":2,"featured_media":6787,"parent":62,"menu_order":0,"comment_status":"open","ping_status":"open","template":"page-product.php","meta":{"footnotes":""},"class_list":["post-411","page","type-page","status-publish","has-post-thumbnail","hentry"],"_links":{"self":[{"href":"https:\/\/bosnjacki.rs\/rs\/wp-json\/wp\/v2\/pages\/411","targetHints":{"allow":["GET"]}}],"collection":[{"href":"https:\/\/bosnjacki.rs\/rs\/wp-json\/wp\/v2\/pages"}],"about":[{"href":"https:\/\/bosnjacki.rs\/rs\/wp-json\/wp\/v2\/types\/page"}],"author":[{"embeddable":true,"href":"https:\/\/bosnjacki.rs\/rs\/wp-json\/wp\/v2\/users\/2"}],"replies":[{"embeddable":true,"href":"https:\/\/bosnjacki.rs\/rs\/wp-json\/wp\/v2\/comments?post=411"}],"version-history":[{"count":10,"href":"https:\/\/bosnjacki.rs\/rs\/wp-json\/wp\/v2\/pages\/411\/revisions"}],"predecessor-version":[{"id":6788,"href":"https:\/\/bosnjacki.rs\/rs\/wp-json\/wp\/v2\/pages\/411\/revisions\/6788"}],"up":[{"embeddable":true,"href":"https:\/\/bosnjacki.rs\/rs\/wp-json\/wp\/v2\/pages\/62"}],"wp:featuredmedia":[{"embeddable":true,"href":"https:\/\/bosnjacki.rs\/rs\/wp-json\/wp\/v2\/media\/6787"}],"wp:attachment":[{"href":"https:\/\/bosnjacki.rs\/rs\/wp-json\/wp\/v2\/media?parent=411"}],"curies":[{"name":"wp","href":"https:\/\/api.w.org\/{rel}","templated":true}]}}