{"id":4385,"date":"2012-12-26T13:34:56","date_gmt":"2012-12-26T12:34:56","guid":{"rendered":"https:\/\/bosnjacki.rs\/?page_id=4385"},"modified":"2015-11-18T13:57:39","modified_gmt":"2015-11-18T12:57:39","slug":"briliant","status":"publish","type":"page","link":"https:\/\/bosnjacki.rs\/rs\/dnevne-sobe\/vitrine\/briliant\/","title":{"rendered":"Briliant"},"content":{"rendered":"<p><div id='gallery-1' class='gallery galleryid-4385 gallery-columns-3 gallery-size-thumbnail'><figure class='gallery-item'>\n\t\t\t<div class='gallery-icon portrait'>\n\t\t\t\t<a href='https:\/\/bosnjacki.rs\/wp-content\/uploads\/2012\/12\/liberty_gost_arredoclassic-8b.jpg'><img loading=\"lazy\" decoding=\"async\" width=\"300\" height=\"300\" src=\"https:\/\/bosnjacki.rs\/wp-content\/uploads\/2012\/12\/liberty_gost_arredoclassic-8b-300x300.jpg\" class=\"attachment-thumbnail size-thumbnail\" alt=\"\" srcset=\"https:\/\/bosnjacki.rs\/wp-content\/uploads\/2012\/12\/liberty_gost_arredoclassic-8b-300x300.jpg 300w, https:\/\/bosnjacki.rs\/wp-content\/uploads\/2012\/12\/liberty_gost_arredoclassic-8b-72x72.jpg 72w\" sizes=\"auto, (max-width: 300px) 100vw, 300px\" \/><\/a>\n\t\t\t<\/div><\/figure><figure class='gallery-item'>\n\t\t\t<div class='gallery-icon portrait'>\n\t\t\t\t<a href='https:\/\/bosnjacki.rs\/wp-content\/uploads\/2012\/12\/1015_g.jpg'><img loading=\"lazy\" decoding=\"async\" width=\"206\" height=\"300\" src=\"https:\/\/bosnjacki.rs\/wp-content\/uploads\/2012\/12\/1015_g-206x300.jpg\" class=\"attachment-thumbnail size-thumbnail\" alt=\"\" \/><\/a>\n\t\t\t<\/div><\/figure><figure class='gallery-item'>\n\t\t\t<div class='gallery-icon portrait'>\n\t\t\t\t<a href='https:\/\/bosnjacki.rs\/wp-content\/uploads\/2012\/12\/Rucica.jpg'><img loading=\"lazy\" decoding=\"async\" width=\"300\" height=\"300\" src=\"https:\/\/bosnjacki.rs\/wp-content\/uploads\/2012\/12\/Rucica-300x300.jpg\" class=\"attachment-thumbnail size-thumbnail\" alt=\"\" srcset=\"https:\/\/bosnjacki.rs\/wp-content\/uploads\/2012\/12\/Rucica-300x300.jpg 300w, https:\/\/bosnjacki.rs\/wp-content\/uploads\/2012\/12\/Rucica-72x72.jpg 72w\" sizes=\"auto, (max-width: 300px) 100vw, 300px\" \/><\/a>\n\t\t\t<\/div><\/figure><figure class='gallery-item'>\n\t\t\t<div class='gallery-icon portrait'>\n\t\t\t\t<a href='https:\/\/bosnjacki.rs\/wp-content\/uploads\/2012\/12\/Vitrina-veca.jpg'><img loading=\"lazy\" decoding=\"async\" width=\"300\" height=\"300\" src=\"https:\/\/bosnjacki.rs\/wp-content\/uploads\/2012\/12\/Vitrina-veca-300x300.jpg\" class=\"attachment-thumbnail size-thumbnail\" alt=\"\" srcset=\"https:\/\/bosnjacki.rs\/wp-content\/uploads\/2012\/12\/Vitrina-veca-300x300.jpg 300w, https:\/\/bosnjacki.rs\/wp-content\/uploads\/2012\/12\/Vitrina-veca-72x72.jpg 72w\" sizes=\"auto, (max-width: 300px) 100vw, 300px\" \/><\/a>\n\t\t\t<\/div><\/figure><figure class='gallery-item'>\n\t\t\t<div class='gallery-icon portrait'>\n\t\t\t\t<a href='https:\/\/bosnjacki.rs\/wp-content\/uploads\/2012\/12\/Vitrina-detalj.jpg'><img loading=\"lazy\" decoding=\"async\" width=\"300\" height=\"300\" src=\"https:\/\/bosnjacki.rs\/wp-content\/uploads\/2012\/12\/Vitrina-detalj-300x300.jpg\" class=\"attachment-thumbnail size-thumbnail\" alt=\"\" srcset=\"https:\/\/bosnjacki.rs\/wp-content\/uploads\/2012\/12\/Vitrina-detalj-300x300.jpg 300w, https:\/\/bosnjacki.rs\/wp-content\/uploads\/2012\/12\/Vitrina-detalj-72x72.jpg 72w\" sizes=\"auto, (max-width: 300px) 100vw, 300px\" \/><\/a>\n\t\t\t<\/div><\/figure><figure class='gallery-item'>\n\t\t\t<div class='gallery-icon portrait'>\n\t\t\t\t<a href='https:\/\/bosnjacki.rs\/wp-content\/uploads\/2012\/12\/Vitrina-detalj-2.jpg'><img loading=\"lazy\" decoding=\"async\" width=\"300\" height=\"300\" src=\"https:\/\/bosnjacki.rs\/wp-content\/uploads\/2012\/12\/Vitrina-detalj-2-300x300.jpg\" class=\"attachment-thumbnail size-thumbnail\" alt=\"\" srcset=\"https:\/\/bosnjacki.rs\/wp-content\/uploads\/2012\/12\/Vitrina-detalj-2-300x300.jpg 300w, https:\/\/bosnjacki.rs\/wp-content\/uploads\/2012\/12\/Vitrina-detalj-2-72x72.jpg 72w\" sizes=\"auto, (max-width: 300px) 100vw, 300px\" \/><\/a>\n\t\t\t<\/div><\/figure>\n\t\t<\/div>\n<p><strong>Opis proizvoda:<br \/>\n<\/strong>Povr\u0161inska obrada slonova kost sa dekoracijom.<\/p>\n<p><strong>Tehni\u010dke specifikacije:<\/strong><br \/>\nMaterijali: masiv parena bukva, medijapan, ru\u010dno radjen duborez, pozlata 24karatni listi\u0107i.<\/p>\n<p><strong>Dostupnost proizvoda:<\/strong><br \/>\nPo porud\u017ebini.<\/p>\n<p>&nbsp;<\/p>","protected":false},"excerpt":{"rendered":"<p>Opis proizvoda: Povr\u0161inska obrada slonova kost sa dekoracijom. Tehni\u010dke specifikacije: Materijali: masiv parena bukva, medijapan, ru\u010dno radjen duborez, pozlata 24karatni listi\u0107i. Dostupnost proizvoda: Po porud\u017ebini. &nbsp;<\/p>\n","protected":false},"author":2,"featured_media":4387,"parent":58,"menu_order":0,"comment_status":"open","ping_status":"closed","template":"page-product.php","meta":{"footnotes":""},"class_list":["post-4385","page","type-page","status-publish","has-post-thumbnail","hentry"],"_links":{"self":[{"href":"https:\/\/bosnjacki.rs\/rs\/wp-json\/wp\/v2\/pages\/4385","targetHints":{"allow":["GET"]}}],"collection":[{"href":"https:\/\/bosnjacki.rs\/rs\/wp-json\/wp\/v2\/pages"}],"about":[{"href":"https:\/\/bosnjacki.rs\/rs\/wp-json\/wp\/v2\/types\/page"}],"author":[{"embeddable":true,"href":"https:\/\/bosnjacki.rs\/rs\/wp-json\/wp\/v2\/users\/2"}],"replies":[{"embeddable":true,"href":"https:\/\/bosnjacki.rs\/rs\/wp-json\/wp\/v2\/comments?post=4385"}],"version-history":[{"count":6,"href":"https:\/\/bosnjacki.rs\/rs\/wp-json\/wp\/v2\/pages\/4385\/revisions"}],"predecessor-version":[{"id":5989,"href":"https:\/\/bosnjacki.rs\/rs\/wp-json\/wp\/v2\/pages\/4385\/revisions\/5989"}],"up":[{"embeddable":true,"href":"https:\/\/bosnjacki.rs\/rs\/wp-json\/wp\/v2\/pages\/58"}],"wp:featuredmedia":[{"embeddable":true,"href":"https:\/\/bosnjacki.rs\/rs\/wp-json\/wp\/v2\/media\/4387"}],"wp:attachment":[{"href":"https:\/\/bosnjacki.rs\/rs\/wp-json\/wp\/v2\/media?parent=4385"}],"curies":[{"name":"wp","href":"https:\/\/api.w.org\/{rel}","templated":true}]}}