{"id":4393,"date":"2012-12-26T13:42:18","date_gmt":"2012-12-26T12:42:18","guid":{"rendered":"https:\/\/bosnjacki.rs\/?page_id=4393"},"modified":"2016-01-20T10:01:24","modified_gmt":"2016-01-20T09:01:24","slug":"briliant","status":"publish","type":"page","link":"https:\/\/bosnjacki.rs\/rs\/spavace-sobe\/kreveti\/briliant\/","title":{"rendered":"Briliant"},"content":{"rendered":"<p><div id='gallery-1' class='gallery galleryid-4393 gallery-columns-3 gallery-size-thumbnail'><figure class='gallery-item'>\n\t\t\t<div class='gallery-icon portrait'>\n\t\t\t\t<a href='https:\/\/bosnjacki.rs\/wp-content\/uploads\/2012\/12\/Francuski-lezaj-detalj-2.jpg'><img loading=\"lazy\" decoding=\"async\" width=\"300\" height=\"300\" src=\"https:\/\/bosnjacki.rs\/wp-content\/uploads\/2012\/12\/Francuski-lezaj-detalj-2-300x300.jpg\" class=\"attachment-thumbnail size-thumbnail\" alt=\"\" srcset=\"https:\/\/bosnjacki.rs\/wp-content\/uploads\/2012\/12\/Francuski-lezaj-detalj-2-300x300.jpg 300w, https:\/\/bosnjacki.rs\/wp-content\/uploads\/2012\/12\/Francuski-lezaj-detalj-2-72x72.jpg 72w\" sizes=\"auto, (max-width: 300px) 100vw, 300px\" \/><\/a>\n\t\t\t<\/div><\/figure><figure class='gallery-item'>\n\t\t\t<div class='gallery-icon landscape'>\n\t\t\t\t<a href='https:\/\/bosnjacki.rs\/wp-content\/uploads\/2012\/12\/Francuz.jpg'><img loading=\"lazy\" decoding=\"async\" width=\"300\" height=\"300\" src=\"https:\/\/bosnjacki.rs\/wp-content\/uploads\/2012\/12\/Francuz-300x300.jpg\" class=\"attachment-thumbnail size-thumbnail\" alt=\"\" srcset=\"https:\/\/bosnjacki.rs\/wp-content\/uploads\/2012\/12\/Francuz-300x300.jpg 300w, https:\/\/bosnjacki.rs\/wp-content\/uploads\/2012\/12\/Francuz-72x72.jpg 72w\" sizes=\"auto, (max-width: 300px) 100vw, 300px\" \/><\/a>\n\t\t\t<\/div><\/figure><figure class='gallery-item'>\n\t\t\t<div class='gallery-icon landscape'>\n\t\t\t\t<a href='https:\/\/bosnjacki.rs\/wp-content\/uploads\/2012\/12\/Francuski-lezaj1.jpg'><img loading=\"lazy\" decoding=\"async\" width=\"300\" height=\"300\" src=\"https:\/\/bosnjacki.rs\/wp-content\/uploads\/2012\/12\/Francuski-lezaj1-300x300.jpg\" class=\"attachment-thumbnail size-thumbnail\" alt=\"\" srcset=\"https:\/\/bosnjacki.rs\/wp-content\/uploads\/2012\/12\/Francuski-lezaj1-300x300.jpg 300w, https:\/\/bosnjacki.rs\/wp-content\/uploads\/2012\/12\/Francuski-lezaj1-72x72.jpg 72w, https:\/\/bosnjacki.rs\/wp-content\/uploads\/2012\/12\/Francuski-lezaj1.jpg 600w\" sizes=\"auto, (max-width: 300px) 100vw, 300px\" \/><\/a>\n\t\t\t<\/div><\/figure><figure class='gallery-item'>\n\t\t\t<div class='gallery-icon landscape'>\n\t\t\t\t<a href='https:\/\/bosnjacki.rs\/wp-content\/uploads\/2012\/12\/Francuski-lezaj.jpg'><img loading=\"lazy\" decoding=\"async\" width=\"300\" height=\"300\" src=\"https:\/\/bosnjacki.rs\/wp-content\/uploads\/2012\/12\/Francuski-lezaj-300x300.jpg\" class=\"attachment-thumbnail size-thumbnail\" alt=\"\" srcset=\"https:\/\/bosnjacki.rs\/wp-content\/uploads\/2012\/12\/Francuski-lezaj-300x300.jpg 300w, https:\/\/bosnjacki.rs\/wp-content\/uploads\/2012\/12\/Francuski-lezaj-72x72.jpg 72w\" sizes=\"auto, (max-width: 300px) 100vw, 300px\" \/><\/a>\n\t\t\t<\/div><\/figure><figure class='gallery-item'>\n\t\t\t<div class='gallery-icon portrait'>\n\t\t\t\t<a href='https:\/\/bosnjacki.rs\/wp-content\/uploads\/2012\/12\/Natkasna-21.jpg'><img loading=\"lazy\" decoding=\"async\" width=\"300\" height=\"300\" src=\"https:\/\/bosnjacki.rs\/wp-content\/uploads\/2012\/12\/Natkasna-21-300x300.jpg\" class=\"attachment-thumbnail size-thumbnail\" alt=\"\" srcset=\"https:\/\/bosnjacki.rs\/wp-content\/uploads\/2012\/12\/Natkasna-21-300x300.jpg 300w, https:\/\/bosnjacki.rs\/wp-content\/uploads\/2012\/12\/Natkasna-21-72x72.jpg 72w\" sizes=\"auto, (max-width: 300px) 100vw, 300px\" \/><\/a>\n\t\t\t<\/div><\/figure>\n\t\t<\/div>\n<p>&nbsp;<\/p>\n<p>&nbsp;<\/p>\n<p><strong>Opis proizvoda:<br \/>\n<\/strong>Povr\u0161inska obrada slonova kost sa dekoracijom.<\/p>\n<p><strong>Tehni\u010dke specifikacije:<\/strong><br \/>\nMaterijali: masiv parena bukva, medijapan, ru\u010dno radjen duborez, pozlata 24karatni listi\u0107i.<\/p>\n<p><strong>Dostupnost proizvoda:<\/strong><br \/>\nPo porud\u017ebini.<\/p>\n<p>&nbsp;<\/p>","protected":false},"excerpt":{"rendered":"<p>&nbsp; &nbsp; Opis proizvoda: Povr\u0161inska obrada slonova kost sa dekoracijom. Tehni\u010dke specifikacije: Materijali: masiv parena bukva, medijapan, ru\u010dno radjen duborez, pozlata 24karatni listi\u0107i. Dostupnost proizvoda: Po porud\u017ebini. &nbsp;<\/p>\n","protected":false},"author":2,"featured_media":6764,"parent":71,"menu_order":0,"comment_status":"open","ping_status":"closed","template":"page-product.php","meta":{"footnotes":""},"class_list":["post-4393","page","type-page","status-publish","has-post-thumbnail","hentry"],"_links":{"self":[{"href":"https:\/\/bosnjacki.rs\/rs\/wp-json\/wp\/v2\/pages\/4393","targetHints":{"allow":["GET"]}}],"collection":[{"href":"https:\/\/bosnjacki.rs\/rs\/wp-json\/wp\/v2\/pages"}],"about":[{"href":"https:\/\/bosnjacki.rs\/rs\/wp-json\/wp\/v2\/types\/page"}],"author":[{"embeddable":true,"href":"https:\/\/bosnjacki.rs\/rs\/wp-json\/wp\/v2\/users\/2"}],"replies":[{"embeddable":true,"href":"https:\/\/bosnjacki.rs\/rs\/wp-json\/wp\/v2\/comments?post=4393"}],"version-history":[{"count":14,"href":"https:\/\/bosnjacki.rs\/rs\/wp-json\/wp\/v2\/pages\/4393\/revisions"}],"predecessor-version":[{"id":6767,"href":"https:\/\/bosnjacki.rs\/rs\/wp-json\/wp\/v2\/pages\/4393\/revisions\/6767"}],"up":[{"embeddable":true,"href":"https:\/\/bosnjacki.rs\/rs\/wp-json\/wp\/v2\/pages\/71"}],"wp:featuredmedia":[{"embeddable":true,"href":"https:\/\/bosnjacki.rs\/rs\/wp-json\/wp\/v2\/media\/6764"}],"wp:attachment":[{"href":"https:\/\/bosnjacki.rs\/rs\/wp-json\/wp\/v2\/media?parent=4393"}],"curies":[{"name":"wp","href":"https:\/\/api.w.org\/{rel}","templated":true}]}}