{"id":5184,"date":"2014-10-17T10:18:26","date_gmt":"2014-10-17T09:18:26","guid":{"rendered":"https:\/\/bosnjacki.rs\/?page_id=5184"},"modified":"2015-11-18T19:12:05","modified_gmt":"2015-11-18T18:12:05","slug":"amelia","status":"publish","type":"page","link":"https:\/\/bosnjacki.rs\/rs\/spavace-sobe\/ogledala\/amelia\/","title":{"rendered":"Amelia"},"content":{"rendered":"<p><div id='gallery-1' class='gallery galleryid-5184 gallery-columns-3 gallery-size-thumbnail'><figure class='gallery-item'>\n\t\t\t<div class='gallery-icon landscape'>\n\t\t\t\t<a href='https:\/\/bosnjacki.rs\/wp-content\/uploads\/2014\/10\/24-00sp501.jpg'><img loading=\"lazy\" decoding=\"async\" width=\"300\" height=\"300\" src=\"https:\/\/bosnjacki.rs\/wp-content\/uploads\/2014\/10\/24-00sp501-300x300.jpg\" class=\"attachment-thumbnail size-thumbnail\" alt=\"\" srcset=\"https:\/\/bosnjacki.rs\/wp-content\/uploads\/2014\/10\/24-00sp501-300x300.jpg 300w, https:\/\/bosnjacki.rs\/wp-content\/uploads\/2014\/10\/24-00sp501-768x768.jpg 768w, https:\/\/bosnjacki.rs\/wp-content\/uploads\/2014\/10\/24-00sp501-72x72.jpg 72w, https:\/\/bosnjacki.rs\/wp-content\/uploads\/2014\/10\/24-00sp501.jpg 900w\" sizes=\"auto, (max-width: 300px) 100vw, 300px\" \/><\/a>\n\t\t\t<\/div><\/figure><figure class='gallery-item'>\n\t\t\t<div class='gallery-icon landscape'>\n\t\t\t\t<a href='https:\/\/bosnjacki.rs\/wp-content\/uploads\/2014\/10\/12-20140627-00sp50-b3-31.jpg'><img loading=\"lazy\" decoding=\"async\" width=\"300\" height=\"288\" src=\"https:\/\/bosnjacki.rs\/wp-content\/uploads\/2014\/10\/12-20140627-00sp50-b3-31-300x288.jpg\" class=\"attachment-thumbnail size-thumbnail\" alt=\"\" \/><\/a>\n\t\t\t<\/div><\/figure><figure class='gallery-item'>\n\t\t\t<div class='gallery-icon landscape'>\n\t\t\t\t<a href='https:\/\/bosnjacki.rs\/wp-content\/uploads\/2014\/10\/6-00cr12-00sp501.jpg'><img loading=\"lazy\" decoding=\"async\" width=\"300\" height=\"300\" src=\"https:\/\/bosnjacki.rs\/wp-content\/uploads\/2014\/10\/6-00cr12-00sp501-300x300.jpg\" class=\"attachment-thumbnail size-thumbnail\" alt=\"\" srcset=\"https:\/\/bosnjacki.rs\/wp-content\/uploads\/2014\/10\/6-00cr12-00sp501-300x300.jpg 300w, https:\/\/bosnjacki.rs\/wp-content\/uploads\/2014\/10\/6-00cr12-00sp501-768x768.jpg 768w, https:\/\/bosnjacki.rs\/wp-content\/uploads\/2014\/10\/6-00cr12-00sp501-72x72.jpg 72w, https:\/\/bosnjacki.rs\/wp-content\/uploads\/2014\/10\/6-00cr12-00sp501.jpg 960w\" sizes=\"auto, (max-width: 300px) 100vw, 300px\" \/><\/a>\n\t\t\t<\/div><\/figure><figure class='gallery-item'>\n\t\t\t<div class='gallery-icon landscape'>\n\t\t\t\t<a href='https:\/\/bosnjacki.rs\/wp-content\/uploads\/2014\/10\/34-00ta150-0450s1.jpg'><img loading=\"lazy\" decoding=\"async\" width=\"300\" height=\"300\" src=\"https:\/\/bosnjacki.rs\/wp-content\/uploads\/2014\/10\/34-00ta150-0450s1-300x300.jpg\" class=\"attachment-thumbnail size-thumbnail\" alt=\"\" srcset=\"https:\/\/bosnjacki.rs\/wp-content\/uploads\/2014\/10\/34-00ta150-0450s1-300x300.jpg 300w, https:\/\/bosnjacki.rs\/wp-content\/uploads\/2014\/10\/34-00ta150-0450s1-72x72.jpg 72w\" sizes=\"auto, (max-width: 300px) 100vw, 300px\" \/><\/a>\n\t\t\t<\/div><\/figure><figure class='gallery-item'>\n\t\t\t<div class='gallery-icon portrait'>\n\t\t\t\t<a href='https:\/\/bosnjacki.rs\/wp-content\/uploads\/2014\/10\/35-0209b-0706b-00sp50-00cl101-0410b-0167b1.jpg'><img loading=\"lazy\" decoding=\"async\" width=\"300\" height=\"300\" src=\"https:\/\/bosnjacki.rs\/wp-content\/uploads\/2014\/10\/35-0209b-0706b-00sp50-00cl101-0410b-0167b1-300x300.jpg\" class=\"attachment-thumbnail size-thumbnail\" alt=\"\" srcset=\"https:\/\/bosnjacki.rs\/wp-content\/uploads\/2014\/10\/35-0209b-0706b-00sp50-00cl101-0410b-0167b1-300x300.jpg 300w, https:\/\/bosnjacki.rs\/wp-content\/uploads\/2014\/10\/35-0209b-0706b-00sp50-00cl101-0410b-0167b1-72x72.jpg 72w\" sizes=\"auto, (max-width: 300px) 100vw, 300px\" \/><\/a>\n\t\t\t<\/div><\/figure>\n\t\t<\/div>\n<p><strong>Opis proizvoda:<\/strong><br \/>\nDimenzije: 182\u00d776 h<\/p>\n<p><strong>Tehni\u010dke specifikacije:<\/strong><br \/>\nMaterijali: Povr\u0161inska obrada i dimenzije po \u017eelji.<\/p>\n<p><strong>Dostupnost proizvoda:<\/strong><br \/>\nPo porud\u017ebini.<\/p>\n<p>&nbsp;<\/p>","protected":false},"excerpt":{"rendered":"<p>Opis proizvoda: Dimenzije: 182\u00d776 h Tehni\u010dke specifikacije: Materijali: Povr\u0161inska obrada i dimenzije po \u017eelji. Dostupnost proizvoda: Po porud\u017ebini. &nbsp;<\/p>\n","protected":false},"author":2,"featured_media":5187,"parent":84,"menu_order":0,"comment_status":"open","ping_status":"closed","template":"page-product.php","meta":{"footnotes":""},"class_list":["post-5184","page","type-page","status-publish","has-post-thumbnail","hentry"],"_links":{"self":[{"href":"https:\/\/bosnjacki.rs\/rs\/wp-json\/wp\/v2\/pages\/5184","targetHints":{"allow":["GET"]}}],"collection":[{"href":"https:\/\/bosnjacki.rs\/rs\/wp-json\/wp\/v2\/pages"}],"about":[{"href":"https:\/\/bosnjacki.rs\/rs\/wp-json\/wp\/v2\/types\/page"}],"author":[{"embeddable":true,"href":"https:\/\/bosnjacki.rs\/rs\/wp-json\/wp\/v2\/users\/2"}],"replies":[{"embeddable":true,"href":"https:\/\/bosnjacki.rs\/rs\/wp-json\/wp\/v2\/comments?post=5184"}],"version-history":[{"count":3,"href":"https:\/\/bosnjacki.rs\/rs\/wp-json\/wp\/v2\/pages\/5184\/revisions"}],"predecessor-version":[{"id":6066,"href":"https:\/\/bosnjacki.rs\/rs\/wp-json\/wp\/v2\/pages\/5184\/revisions\/6066"}],"up":[{"embeddable":true,"href":"https:\/\/bosnjacki.rs\/rs\/wp-json\/wp\/v2\/pages\/84"}],"wp:featuredmedia":[{"embeddable":true,"href":"https:\/\/bosnjacki.rs\/rs\/wp-json\/wp\/v2\/media\/5187"}],"wp:attachment":[{"href":"https:\/\/bosnjacki.rs\/rs\/wp-json\/wp\/v2\/media?parent=5184"}],"curies":[{"name":"wp","href":"https:\/\/api.w.org\/{rel}","templated":true}]}}