{"id":6968,"date":"2016-03-16T10:44:20","date_gmt":"2016-03-16T09:44:20","guid":{"rendered":"https:\/\/bosnjacki.rs\/?page_id=6968"},"modified":"2016-03-16T10:44:20","modified_gmt":"2016-03-16T09:44:20","slug":"ariana","status":"publish","type":"page","link":"https:\/\/bosnjacki.rs\/rs\/dnevne-sobe\/fotelje\/ariana\/","title":{"rendered":"Ariana"},"content":{"rendered":"<p><div id='gallery-1' class='gallery galleryid-6968 gallery-columns-3 gallery-size-thumbnail'><figure class='gallery-item'>\n\t\t\t<div class='gallery-icon landscape'>\n\t\t\t\t<a href='https:\/\/bosnjacki.rs\/wp-content\/uploads\/2016\/03\/Ariana-2.jpg'><img loading=\"lazy\" decoding=\"async\" width=\"300\" height=\"300\" src=\"https:\/\/bosnjacki.rs\/wp-content\/uploads\/2016\/03\/Ariana-2-300x300.jpg\" class=\"attachment-thumbnail size-thumbnail\" alt=\"\" srcset=\"https:\/\/bosnjacki.rs\/wp-content\/uploads\/2016\/03\/Ariana-2-300x300.jpg 300w, https:\/\/bosnjacki.rs\/wp-content\/uploads\/2016\/03\/Ariana-2-72x72.jpg 72w, https:\/\/bosnjacki.rs\/wp-content\/uploads\/2016\/03\/Ariana-2.jpg 720w\" sizes=\"auto, (max-width: 300px) 100vw, 300px\" \/><\/a>\n\t\t\t<\/div><\/figure><figure class='gallery-item'>\n\t\t\t<div class='gallery-icon portrait'>\n\t\t\t\t<a href='https:\/\/bosnjacki.rs\/wp-content\/uploads\/2016\/03\/Ariana-3.jpg'><img loading=\"lazy\" decoding=\"async\" width=\"300\" height=\"300\" src=\"https:\/\/bosnjacki.rs\/wp-content\/uploads\/2016\/03\/Ariana-3-300x300.jpg\" class=\"attachment-thumbnail size-thumbnail\" alt=\"\" srcset=\"https:\/\/bosnjacki.rs\/wp-content\/uploads\/2016\/03\/Ariana-3-300x300.jpg 300w, https:\/\/bosnjacki.rs\/wp-content\/uploads\/2016\/03\/Ariana-3-72x72.jpg 72w\" sizes=\"auto, (max-width: 300px) 100vw, 300px\" \/><\/a>\n\t\t\t<\/div><\/figure><figure class='gallery-item'>\n\t\t\t<div class='gallery-icon landscape'>\n\t\t\t\t<a href='https:\/\/bosnjacki.rs\/wp-content\/uploads\/2016\/03\/Ariana.jpg'><img loading=\"lazy\" decoding=\"async\" width=\"300\" height=\"300\" src=\"https:\/\/bosnjacki.rs\/wp-content\/uploads\/2016\/03\/Ariana-300x300.jpg\" class=\"attachment-thumbnail size-thumbnail\" alt=\"\" srcset=\"https:\/\/bosnjacki.rs\/wp-content\/uploads\/2016\/03\/Ariana-300x300.jpg 300w, https:\/\/bosnjacki.rs\/wp-content\/uploads\/2016\/03\/Ariana-72x72.jpg 72w, https:\/\/bosnjacki.rs\/wp-content\/uploads\/2016\/03\/Ariana.jpg 720w\" sizes=\"auto, (max-width: 300px) 100vw, 300px\" \/><\/a>\n\t\t\t<\/div><\/figure>\n\t\t<\/div>\n<p><strong>Opis proizvoda:<\/strong><br \/>\nBoja drveta, mebl \u0161tof ili ko\u017ea po izboru.<\/p>\n<p><strong>Tehni\u010dke specifikacije:<\/strong><br \/>\nMaterijali: masiv parena bukva.<\/p>\n<p><strong>Dostupnost proizvoda:<\/strong><br \/>\nPo porud\u017ebini.<\/p>\n<p>&nbsp;<\/p>","protected":false},"excerpt":{"rendered":"<p>Opis proizvoda: Boja drveta, mebl \u0161tof ili ko\u017ea po izboru. Tehni\u010dke specifikacije: Materijali: masiv parena bukva. Dostupnost proizvoda: Po porud\u017ebini. &nbsp;<\/p>\n","protected":false},"author":2,"featured_media":6971,"parent":49,"menu_order":0,"comment_status":"open","ping_status":"closed","template":"page-product.php","meta":{"footnotes":""},"class_list":["post-6968","page","type-page","status-publish","has-post-thumbnail","hentry"],"_links":{"self":[{"href":"https:\/\/bosnjacki.rs\/rs\/wp-json\/wp\/v2\/pages\/6968","targetHints":{"allow":["GET"]}}],"collection":[{"href":"https:\/\/bosnjacki.rs\/rs\/wp-json\/wp\/v2\/pages"}],"about":[{"href":"https:\/\/bosnjacki.rs\/rs\/wp-json\/wp\/v2\/types\/page"}],"author":[{"embeddable":true,"href":"https:\/\/bosnjacki.rs\/rs\/wp-json\/wp\/v2\/users\/2"}],"replies":[{"embeddable":true,"href":"https:\/\/bosnjacki.rs\/rs\/wp-json\/wp\/v2\/comments?post=6968"}],"version-history":[{"count":1,"href":"https:\/\/bosnjacki.rs\/rs\/wp-json\/wp\/v2\/pages\/6968\/revisions"}],"predecessor-version":[{"id":6972,"href":"https:\/\/bosnjacki.rs\/rs\/wp-json\/wp\/v2\/pages\/6968\/revisions\/6972"}],"up":[{"embeddable":true,"href":"https:\/\/bosnjacki.rs\/rs\/wp-json\/wp\/v2\/pages\/49"}],"wp:featuredmedia":[{"embeddable":true,"href":"https:\/\/bosnjacki.rs\/rs\/wp-json\/wp\/v2\/media\/6971"}],"wp:attachment":[{"href":"https:\/\/bosnjacki.rs\/rs\/wp-json\/wp\/v2\/media?parent=6968"}],"curies":[{"name":"wp","href":"https:\/\/api.w.org\/{rel}","templated":true}]}}