{"id":7411,"date":"2017-02-04T11:48:49","date_gmt":"2017-02-04T10:48:49","guid":{"rendered":"https:\/\/bosnjacki.rs\/?page_id=7411"},"modified":"2017-02-04T11:49:21","modified_gmt":"2017-02-04T10:49:21","slug":"bristol","status":"publish","type":"page","link":"https:\/\/bosnjacki.rs\/rs\/dnevne-sobe\/fotelje\/bristol\/","title":{"rendered":"Bristol"},"content":{"rendered":"<p><div id='gallery-1' class='gallery galleryid-7411 gallery-columns-3 gallery-size-thumbnail'><figure class='gallery-item'>\n\t\t\t<div class='gallery-icon landscape'>\n\t\t\t\t<a href='https:\/\/bosnjacki.rs\/wp-content\/uploads\/2017\/02\/Bristol.jpg'><img loading=\"lazy\" decoding=\"async\" width=\"300\" height=\"300\" src=\"https:\/\/bosnjacki.rs\/wp-content\/uploads\/2017\/02\/Bristol-300x300.jpg\" class=\"attachment-thumbnail size-thumbnail\" alt=\"\" srcset=\"https:\/\/bosnjacki.rs\/wp-content\/uploads\/2017\/02\/Bristol-300x300.jpg 300w, https:\/\/bosnjacki.rs\/wp-content\/uploads\/2017\/02\/Bristol-72x72.jpg 72w, https:\/\/bosnjacki.rs\/wp-content\/uploads\/2017\/02\/Bristol.jpg 720w\" sizes=\"auto, (max-width: 300px) 100vw, 300px\" \/><\/a>\n\t\t\t<\/div><\/figure><figure class='gallery-item'>\n\t\t\t<div class='gallery-icon landscape'>\n\t\t\t\t<a href='https:\/\/bosnjacki.rs\/wp-content\/uploads\/2017\/02\/Bristol-2.jpg'><img loading=\"lazy\" decoding=\"async\" width=\"300\" height=\"300\" src=\"https:\/\/bosnjacki.rs\/wp-content\/uploads\/2017\/02\/Bristol-2-300x300.jpg\" class=\"attachment-thumbnail size-thumbnail\" alt=\"\" srcset=\"https:\/\/bosnjacki.rs\/wp-content\/uploads\/2017\/02\/Bristol-2-300x300.jpg 300w, https:\/\/bosnjacki.rs\/wp-content\/uploads\/2017\/02\/Bristol-2-72x72.jpg 72w, https:\/\/bosnjacki.rs\/wp-content\/uploads\/2017\/02\/Bristol-2.jpg 720w\" sizes=\"auto, (max-width: 300px) 100vw, 300px\" \/><\/a>\n\t\t\t<\/div><\/figure><figure class='gallery-item'>\n\t\t\t<div class='gallery-icon landscape'>\n\t\t\t\t<a href='https:\/\/bosnjacki.rs\/wp-content\/uploads\/2017\/02\/Bristol-3.jpg'><img loading=\"lazy\" decoding=\"async\" width=\"300\" height=\"300\" src=\"https:\/\/bosnjacki.rs\/wp-content\/uploads\/2017\/02\/Bristol-3-300x300.jpg\" class=\"attachment-thumbnail size-thumbnail\" alt=\"\" srcset=\"https:\/\/bosnjacki.rs\/wp-content\/uploads\/2017\/02\/Bristol-3-300x300.jpg 300w, https:\/\/bosnjacki.rs\/wp-content\/uploads\/2017\/02\/Bristol-3-72x72.jpg 72w, https:\/\/bosnjacki.rs\/wp-content\/uploads\/2017\/02\/Bristol-3.jpg 720w\" sizes=\"auto, (max-width: 300px) 100vw, 300px\" \/><\/a>\n\t\t\t<\/div><\/figure><figure class='gallery-item'>\n\t\t\t<div class='gallery-icon landscape'>\n\t\t\t\t<a href='https:\/\/bosnjacki.rs\/wp-content\/uploads\/2017\/02\/Bristol-4.jpg'><img loading=\"lazy\" decoding=\"async\" width=\"300\" height=\"300\" src=\"https:\/\/bosnjacki.rs\/wp-content\/uploads\/2017\/02\/Bristol-4-300x300.jpg\" class=\"attachment-thumbnail size-thumbnail\" alt=\"\" srcset=\"https:\/\/bosnjacki.rs\/wp-content\/uploads\/2017\/02\/Bristol-4-300x300.jpg 300w, https:\/\/bosnjacki.rs\/wp-content\/uploads\/2017\/02\/Bristol-4-72x72.jpg 72w, https:\/\/bosnjacki.rs\/wp-content\/uploads\/2017\/02\/Bristol-4.jpg 720w\" sizes=\"auto, (max-width: 300px) 100vw, 300px\" \/><\/a>\n\t\t\t<\/div><\/figure><figure class='gallery-item'>\n\t\t\t<div class='gallery-icon landscape'>\n\t\t\t\t<a href='https:\/\/bosnjacki.rs\/wp-content\/uploads\/2017\/02\/Bristol-5.jpg'><img loading=\"lazy\" decoding=\"async\" width=\"300\" height=\"300\" src=\"https:\/\/bosnjacki.rs\/wp-content\/uploads\/2017\/02\/Bristol-5-300x300.jpg\" class=\"attachment-thumbnail size-thumbnail\" alt=\"\" srcset=\"https:\/\/bosnjacki.rs\/wp-content\/uploads\/2017\/02\/Bristol-5-300x300.jpg 300w, https:\/\/bosnjacki.rs\/wp-content\/uploads\/2017\/02\/Bristol-5-72x72.jpg 72w, https:\/\/bosnjacki.rs\/wp-content\/uploads\/2017\/02\/Bristol-5.jpg 720w\" sizes=\"auto, (max-width: 300px) 100vw, 300px\" \/><\/a>\n\t\t\t<\/div><\/figure><figure class='gallery-item'>\n\t\t\t<div class='gallery-icon landscape'>\n\t\t\t\t<a href='https:\/\/bosnjacki.rs\/wp-content\/uploads\/2017\/02\/Bristol-6.jpg'><img loading=\"lazy\" decoding=\"async\" width=\"300\" height=\"300\" src=\"https:\/\/bosnjacki.rs\/wp-content\/uploads\/2017\/02\/Bristol-6-300x300.jpg\" class=\"attachment-thumbnail size-thumbnail\" alt=\"\" srcset=\"https:\/\/bosnjacki.rs\/wp-content\/uploads\/2017\/02\/Bristol-6-300x300.jpg 300w, https:\/\/bosnjacki.rs\/wp-content\/uploads\/2017\/02\/Bristol-6-72x72.jpg 72w, https:\/\/bosnjacki.rs\/wp-content\/uploads\/2017\/02\/Bristol-6.jpg 720w\" sizes=\"auto, (max-width: 300px) 100vw, 300px\" \/><\/a>\n\t\t\t<\/div><\/figure>\n\t\t<\/div>\n<p><strong>Opis proizvoda:<\/strong><br \/>\nMebl \u0161tof ili ko\u017ea. Boja drveta po izboru. Dim. 72x78x104h<\/p>\n<p><strong>Tehni\u010dke specifikacije:<\/strong><br \/>\nMaterijali: masiv parena bukva.<\/p>\n<p><strong>Dostupnost proizvoda:<\/strong><br \/>\nPo porud\u017ebini.<\/p>\n<p>&nbsp;<\/p>","protected":false},"excerpt":{"rendered":"<p>Opis proizvoda: Mebl \u0161tof ili ko\u017ea. Boja drveta po izboru. Dim. 72x78x104h Tehni\u010dke specifikacije: Materijali: masiv parena bukva. Dostupnost proizvoda: Po porud\u017ebini. &nbsp;<\/p>\n","protected":false},"author":2,"featured_media":7415,"parent":49,"menu_order":0,"comment_status":"open","ping_status":"closed","template":"page-product.php","meta":{"footnotes":""},"class_list":["post-7411","page","type-page","status-publish","has-post-thumbnail","hentry"],"_links":{"self":[{"href":"https:\/\/bosnjacki.rs\/rs\/wp-json\/wp\/v2\/pages\/7411","targetHints":{"allow":["GET"]}}],"collection":[{"href":"https:\/\/bosnjacki.rs\/rs\/wp-json\/wp\/v2\/pages"}],"about":[{"href":"https:\/\/bosnjacki.rs\/rs\/wp-json\/wp\/v2\/types\/page"}],"author":[{"embeddable":true,"href":"https:\/\/bosnjacki.rs\/rs\/wp-json\/wp\/v2\/users\/2"}],"replies":[{"embeddable":true,"href":"https:\/\/bosnjacki.rs\/rs\/wp-json\/wp\/v2\/comments?post=7411"}],"version-history":[{"count":2,"href":"https:\/\/bosnjacki.rs\/rs\/wp-json\/wp\/v2\/pages\/7411\/revisions"}],"predecessor-version":[{"id":7419,"href":"https:\/\/bosnjacki.rs\/rs\/wp-json\/wp\/v2\/pages\/7411\/revisions\/7419"}],"up":[{"embeddable":true,"href":"https:\/\/bosnjacki.rs\/rs\/wp-json\/wp\/v2\/pages\/49"}],"wp:featuredmedia":[{"embeddable":true,"href":"https:\/\/bosnjacki.rs\/rs\/wp-json\/wp\/v2\/media\/7415"}],"wp:attachment":[{"href":"https:\/\/bosnjacki.rs\/rs\/wp-json\/wp\/v2\/media?parent=7411"}],"curies":[{"name":"wp","href":"https:\/\/api.w.org\/{rel}","templated":true}]}}