{"id":7533,"date":"2017-02-24T14:43:49","date_gmt":"2017-02-24T13:43:49","guid":{"rendered":"https:\/\/bosnjacki.rs\/?page_id=7533"},"modified":"2017-09-15T08:39:43","modified_gmt":"2017-09-15T07:39:43","slug":"colmar","status":"publish","type":"page","link":"https:\/\/bosnjacki.rs\/rs\/dnevne-sobe\/fotelje\/colmar\/","title":{"rendered":"Colmar"},"content":{"rendered":"<p><div id='gallery-1' class='gallery galleryid-7533 gallery-columns-3 gallery-size-thumbnail'><figure class='gallery-item'>\n\t\t\t<div class='gallery-icon landscape'>\n\t\t\t\t<a href='https:\/\/bosnjacki.rs\/wp-content\/uploads\/2017\/02\/Colmar1.jpg'><img loading=\"lazy\" decoding=\"async\" width=\"300\" height=\"300\" src=\"https:\/\/bosnjacki.rs\/wp-content\/uploads\/2017\/02\/Colmar1-300x300.jpg\" class=\"attachment-thumbnail size-thumbnail\" alt=\"\" srcset=\"https:\/\/bosnjacki.rs\/wp-content\/uploads\/2017\/02\/Colmar1-300x300.jpg 300w, https:\/\/bosnjacki.rs\/wp-content\/uploads\/2017\/02\/Colmar1-768x768.jpg 768w, https:\/\/bosnjacki.rs\/wp-content\/uploads\/2017\/02\/Colmar1-72x72.jpg 72w, https:\/\/bosnjacki.rs\/wp-content\/uploads\/2017\/02\/Colmar1.jpg 770w\" sizes=\"auto, (max-width: 300px) 100vw, 300px\" \/><\/a>\n\t\t\t<\/div><\/figure><figure class='gallery-item'>\n\t\t\t<div class='gallery-icon landscape'>\n\t\t\t\t<a href='https:\/\/bosnjacki.rs\/wp-content\/uploads\/2017\/02\/Colmar-21.jpg'><img loading=\"lazy\" decoding=\"async\" width=\"300\" height=\"300\" src=\"https:\/\/bosnjacki.rs\/wp-content\/uploads\/2017\/02\/Colmar-21-300x300.jpg\" class=\"attachment-thumbnail size-thumbnail\" alt=\"\" srcset=\"https:\/\/bosnjacki.rs\/wp-content\/uploads\/2017\/02\/Colmar-21-300x300.jpg 300w, https:\/\/bosnjacki.rs\/wp-content\/uploads\/2017\/02\/Colmar-21-768x768.jpg 768w, https:\/\/bosnjacki.rs\/wp-content\/uploads\/2017\/02\/Colmar-21-72x72.jpg 72w, https:\/\/bosnjacki.rs\/wp-content\/uploads\/2017\/02\/Colmar-21.jpg 770w\" sizes=\"auto, (max-width: 300px) 100vw, 300px\" \/><\/a>\n\t\t\t<\/div><\/figure><figure class='gallery-item'>\n\t\t\t<div class='gallery-icon landscape'>\n\t\t\t\t<a href='https:\/\/bosnjacki.rs\/wp-content\/uploads\/2017\/02\/Colmar-31.jpg'><img loading=\"lazy\" decoding=\"async\" width=\"300\" height=\"300\" src=\"https:\/\/bosnjacki.rs\/wp-content\/uploads\/2017\/02\/Colmar-31-300x300.jpg\" class=\"attachment-thumbnail size-thumbnail\" alt=\"\" srcset=\"https:\/\/bosnjacki.rs\/wp-content\/uploads\/2017\/02\/Colmar-31-300x300.jpg 300w, https:\/\/bosnjacki.rs\/wp-content\/uploads\/2017\/02\/Colmar-31-768x768.jpg 768w, https:\/\/bosnjacki.rs\/wp-content\/uploads\/2017\/02\/Colmar-31-72x72.jpg 72w, https:\/\/bosnjacki.rs\/wp-content\/uploads\/2017\/02\/Colmar-31.jpg 770w\" sizes=\"auto, (max-width: 300px) 100vw, 300px\" \/><\/a>\n\t\t\t<\/div><\/figure><figure class='gallery-item'>\n\t\t\t<div class='gallery-icon landscape'>\n\t\t\t\t<a href='https:\/\/bosnjacki.rs\/wp-content\/uploads\/2017\/02\/Colmar-4-1.jpg'><img loading=\"lazy\" decoding=\"async\" width=\"300\" height=\"300\" src=\"https:\/\/bosnjacki.rs\/wp-content\/uploads\/2017\/02\/Colmar-4-1-300x300.jpg\" class=\"attachment-thumbnail size-thumbnail\" alt=\"\" srcset=\"https:\/\/bosnjacki.rs\/wp-content\/uploads\/2017\/02\/Colmar-4-1-300x300.jpg 300w, https:\/\/bosnjacki.rs\/wp-content\/uploads\/2017\/02\/Colmar-4-1-72x72.jpg 72w\" sizes=\"auto, (max-width: 300px) 100vw, 300px\" \/><\/a>\n\t\t\t<\/div><\/figure>\n\t\t<\/div>\n<p><strong>Opis proizvoda:<\/strong><br \/>\nBoja drveta, mebl \u0161tof ili ko\u017ea po izboru. Dim. 95x80x80h<\/p>\n<p><strong>Tehni\u010dke specifikacije:<\/strong><br \/>\nMaterijali: masiv parena bukva.<\/p>\n<p><strong>Dostupnost proizvoda:<\/strong><br \/>\nPo porud\u017ebini.<\/p>\n<p>&nbsp;<\/p>","protected":false},"excerpt":{"rendered":"<p>Opis proizvoda: Boja drveta, mebl \u0161tof ili ko\u017ea po izboru. Dim. 95x80x80h Tehni\u010dke specifikacije: Materijali: masiv parena bukva. Dostupnost proizvoda: Po porud\u017ebini. &nbsp;<\/p>\n","protected":false},"author":2,"featured_media":7536,"parent":49,"menu_order":0,"comment_status":"open","ping_status":"closed","template":"page-product.php","meta":{"footnotes":""},"class_list":["post-7533","page","type-page","status-publish","has-post-thumbnail","hentry"],"_links":{"self":[{"href":"https:\/\/bosnjacki.rs\/rs\/wp-json\/wp\/v2\/pages\/7533","targetHints":{"allow":["GET"]}}],"collection":[{"href":"https:\/\/bosnjacki.rs\/rs\/wp-json\/wp\/v2\/pages"}],"about":[{"href":"https:\/\/bosnjacki.rs\/rs\/wp-json\/wp\/v2\/types\/page"}],"author":[{"embeddable":true,"href":"https:\/\/bosnjacki.rs\/rs\/wp-json\/wp\/v2\/users\/2"}],"replies":[{"embeddable":true,"href":"https:\/\/bosnjacki.rs\/rs\/wp-json\/wp\/v2\/comments?post=7533"}],"version-history":[{"count":3,"href":"https:\/\/bosnjacki.rs\/rs\/wp-json\/wp\/v2\/pages\/7533\/revisions"}],"predecessor-version":[{"id":8072,"href":"https:\/\/bosnjacki.rs\/rs\/wp-json\/wp\/v2\/pages\/7533\/revisions\/8072"}],"up":[{"embeddable":true,"href":"https:\/\/bosnjacki.rs\/rs\/wp-json\/wp\/v2\/pages\/49"}],"wp:featuredmedia":[{"embeddable":true,"href":"https:\/\/bosnjacki.rs\/rs\/wp-json\/wp\/v2\/media\/7536"}],"wp:attachment":[{"href":"https:\/\/bosnjacki.rs\/rs\/wp-json\/wp\/v2\/media?parent=7533"}],"curies":[{"name":"wp","href":"https:\/\/api.w.org\/{rel}","templated":true}]}}