{"id":7958,"date":"2017-09-05T11:16:47","date_gmt":"2017-09-05T10:16:47","guid":{"rendered":"https:\/\/bosnjacki.rs\/?page_id=7958"},"modified":"2025-03-25T13:27:21","modified_gmt":"2025-03-25T12:27:21","slug":"dakota","status":"publish","type":"page","link":"https:\/\/bosnjacki.rs\/rs\/trpezarije\/stolice-i-polufotelje\/dakota\/","title":{"rendered":"Dakota"},"content":{"rendered":"<p><div id='gallery-1' class='gallery galleryid-7958 gallery-columns-3 gallery-size-thumbnail'><figure class='gallery-item'>\n\t\t\t<div class='gallery-icon landscape'>\n\t\t\t\t<a href='https:\/\/bosnjacki.rs\/wp-content\/uploads\/2025\/03\/Dakota1.jpg'><img loading=\"lazy\" decoding=\"async\" width=\"300\" height=\"300\" src=\"https:\/\/bosnjacki.rs\/wp-content\/uploads\/2025\/03\/Dakota1-300x300.jpg\" class=\"attachment-thumbnail size-thumbnail\" alt=\"\" aria-describedby=\"gallery-1-15846\" srcset=\"https:\/\/bosnjacki.rs\/wp-content\/uploads\/2025\/03\/Dakota1-300x300.jpg 300w, https:\/\/bosnjacki.rs\/wp-content\/uploads\/2025\/03\/Dakota1-1024x1024.jpg 1024w, https:\/\/bosnjacki.rs\/wp-content\/uploads\/2025\/03\/Dakota1-768x768.jpg 768w, https:\/\/bosnjacki.rs\/wp-content\/uploads\/2025\/03\/Dakota1-1536x1536.jpg 1536w, https:\/\/bosnjacki.rs\/wp-content\/uploads\/2025\/03\/Dakota1-72x72.jpg 72w, https:\/\/bosnjacki.rs\/wp-content\/uploads\/2025\/03\/Dakota1.jpg 1920w\" sizes=\"auto, (max-width: 300px) 100vw, 300px\" \/><\/a>\n\t\t\t<\/div>\n\t\t\t\t<figcaption class='wp-caption-text gallery-caption' id='gallery-1-15846'>\n\t\t\t\tCREATOR: gd-jpeg v1.0 (using IJG JPEG v90), quality = 90\n\t\t\t\t<\/figcaption><\/figure><figure class='gallery-item'>\n\t\t\t<div class='gallery-icon landscape'>\n\t\t\t\t<a href='https:\/\/bosnjacki.rs\/wp-content\/uploads\/2025\/03\/Dakota2.jpg'><img loading=\"lazy\" decoding=\"async\" width=\"300\" height=\"300\" src=\"https:\/\/bosnjacki.rs\/wp-content\/uploads\/2025\/03\/Dakota2-300x300.jpg\" class=\"attachment-thumbnail size-thumbnail\" alt=\"\" srcset=\"https:\/\/bosnjacki.rs\/wp-content\/uploads\/2025\/03\/Dakota2-300x300.jpg 300w, https:\/\/bosnjacki.rs\/wp-content\/uploads\/2025\/03\/Dakota2-72x72.jpg 72w\" sizes=\"auto, (max-width: 300px) 100vw, 300px\" \/><\/a>\n\t\t\t<\/div><\/figure><figure class='gallery-item'>\n\t\t\t<div class='gallery-icon landscape'>\n\t\t\t\t<a href='https:\/\/bosnjacki.rs\/wp-content\/uploads\/2025\/03\/Dakota3.jpg'><img loading=\"lazy\" decoding=\"async\" width=\"300\" height=\"300\" src=\"https:\/\/bosnjacki.rs\/wp-content\/uploads\/2025\/03\/Dakota3-300x300.jpg\" class=\"attachment-thumbnail size-thumbnail\" alt=\"\" srcset=\"https:\/\/bosnjacki.rs\/wp-content\/uploads\/2025\/03\/Dakota3-300x300.jpg 300w, https:\/\/bosnjacki.rs\/wp-content\/uploads\/2025\/03\/Dakota3-1024x1024.jpg 1024w, https:\/\/bosnjacki.rs\/wp-content\/uploads\/2025\/03\/Dakota3-768x768.jpg 768w, https:\/\/bosnjacki.rs\/wp-content\/uploads\/2025\/03\/Dakota3-1536x1536.jpg 1536w, https:\/\/bosnjacki.rs\/wp-content\/uploads\/2025\/03\/Dakota3-72x72.jpg 72w, https:\/\/bosnjacki.rs\/wp-content\/uploads\/2025\/03\/Dakota3.jpg 1920w\" sizes=\"auto, (max-width: 300px) 100vw, 300px\" \/><\/a>\n\t\t\t<\/div><\/figure>\n\t\t<\/div>\n<p><strong>Opis proizvoda:<\/strong><br \/>\nBoja drveta, mebl \u0161tof ili ko\u017ea po izboru. Dim. stolica 49x53x100h, polufotelja 59x58x100h<\/p>\n<p><strong>Tehni\u010dke specifikacije:<\/strong><br \/>\nMaterijali: masiv parena bukva.<\/p>\n<p><strong>Dostupnost proizvoda:<\/strong><br \/>\nPo porud\u017ebini<\/p>","protected":false},"excerpt":{"rendered":"<p>Opis proizvoda: Boja drveta, mebl \u0161tof ili ko\u017ea po izboru. Dim. stolica 49x53x100h, polufotelja 59x58x100h Tehni\u010dke specifikacije: Materijali: masiv parena bukva. Dostupnost proizvoda: Po porud\u017ebini<\/p>\n","protected":false},"author":2,"featured_media":15846,"parent":113,"menu_order":0,"comment_status":"closed","ping_status":"closed","template":"","meta":{"footnotes":""},"class_list":["post-7958","page","type-page","status-publish","has-post-thumbnail","hentry"],"_links":{"self":[{"href":"https:\/\/bosnjacki.rs\/rs\/wp-json\/wp\/v2\/pages\/7958","targetHints":{"allow":["GET"]}}],"collection":[{"href":"https:\/\/bosnjacki.rs\/rs\/wp-json\/wp\/v2\/pages"}],"about":[{"href":"https:\/\/bosnjacki.rs\/rs\/wp-json\/wp\/v2\/types\/page"}],"author":[{"embeddable":true,"href":"https:\/\/bosnjacki.rs\/rs\/wp-json\/wp\/v2\/users\/2"}],"replies":[{"embeddable":true,"href":"https:\/\/bosnjacki.rs\/rs\/wp-json\/wp\/v2\/comments?post=7958"}],"version-history":[{"count":2,"href":"https:\/\/bosnjacki.rs\/rs\/wp-json\/wp\/v2\/pages\/7958\/revisions"}],"predecessor-version":[{"id":15849,"href":"https:\/\/bosnjacki.rs\/rs\/wp-json\/wp\/v2\/pages\/7958\/revisions\/15849"}],"up":[{"embeddable":true,"href":"https:\/\/bosnjacki.rs\/rs\/wp-json\/wp\/v2\/pages\/113"}],"wp:featuredmedia":[{"embeddable":true,"href":"https:\/\/bosnjacki.rs\/rs\/wp-json\/wp\/v2\/media\/15846"}],"wp:attachment":[{"href":"https:\/\/bosnjacki.rs\/rs\/wp-json\/wp\/v2\/media?parent=7958"}],"curies":[{"name":"wp","href":"https:\/\/api.w.org\/{rel}","templated":true}]}}