{"id":9345,"date":"2018-10-18T08:23:27","date_gmt":"2018-10-18T07:23:27","guid":{"rendered":"https:\/\/bosnjacki.rs\/?page_id=9345"},"modified":"2018-10-18T08:52:54","modified_gmt":"2018-10-18T07:52:54","slug":"amanda","status":"publish","type":"page","link":"https:\/\/bosnjacki.rs\/rs\/dnevne-sobe\/sofe\/amanda\/","title":{"rendered":"Amanda"},"content":{"rendered":"<p><div id='gallery-1' class='gallery galleryid-9345 gallery-columns-3 gallery-size-thumbnail'><figure class='gallery-item'>\n\t\t\t<div class='gallery-icon landscape'>\n\t\t\t\t<a href='https:\/\/bosnjacki.rs\/wp-content\/uploads\/2018\/10\/GIULIETTA-5-Copy.jpg'><img loading=\"lazy\" decoding=\"async\" width=\"300\" height=\"300\" src=\"https:\/\/bosnjacki.rs\/wp-content\/uploads\/2018\/10\/GIULIETTA-5-Copy-300x300.jpg\" class=\"attachment-thumbnail size-thumbnail\" alt=\"\" srcset=\"https:\/\/bosnjacki.rs\/wp-content\/uploads\/2018\/10\/GIULIETTA-5-Copy-300x300.jpg 300w, https:\/\/bosnjacki.rs\/wp-content\/uploads\/2018\/10\/GIULIETTA-5-Copy-72x72.jpg 72w\" sizes=\"auto, (max-width: 300px) 100vw, 300px\" \/><\/a>\n\t\t\t<\/div><\/figure><figure class='gallery-item'>\n\t\t\t<div class='gallery-icon landscape'>\n\t\t\t\t<a href='https:\/\/bosnjacki.rs\/wp-content\/uploads\/2018\/10\/GIULIETTA_DIVANO-5-.jpg'><img loading=\"lazy\" decoding=\"async\" width=\"300\" height=\"300\" src=\"https:\/\/bosnjacki.rs\/wp-content\/uploads\/2018\/10\/GIULIETTA_DIVANO-5--300x300.jpg\" class=\"attachment-thumbnail size-thumbnail\" alt=\"\" srcset=\"https:\/\/bosnjacki.rs\/wp-content\/uploads\/2018\/10\/GIULIETTA_DIVANO-5--300x300.jpg 300w, https:\/\/bosnjacki.rs\/wp-content\/uploads\/2018\/10\/GIULIETTA_DIVANO-5--72x72.jpg 72w\" sizes=\"auto, (max-width: 300px) 100vw, 300px\" \/><\/a>\n\t\t\t<\/div><\/figure><figure class='gallery-item'>\n\t\t\t<div class='gallery-icon portrait'>\n\t\t\t\t<a href='https:\/\/bosnjacki.rs\/wp-content\/uploads\/2018\/10\/GIULIETTA-5-Copy-Copy-e1539849788176.jpg'><img loading=\"lazy\" decoding=\"async\" width=\"300\" height=\"300\" src=\"https:\/\/bosnjacki.rs\/wp-content\/uploads\/2018\/10\/GIULIETTA-5-Copy-Copy-e1539849788176-300x300.jpg\" class=\"attachment-thumbnail size-thumbnail\" alt=\"\" srcset=\"https:\/\/bosnjacki.rs\/wp-content\/uploads\/2018\/10\/GIULIETTA-5-Copy-Copy-e1539849788176-300x300.jpg 300w, https:\/\/bosnjacki.rs\/wp-content\/uploads\/2018\/10\/GIULIETTA-5-Copy-Copy-e1539849788176-72x72.jpg 72w\" sizes=\"auto, (max-width: 300px) 100vw, 300px\" \/><\/a>\n\t\t\t<\/div><\/figure><figure class='gallery-item'>\n\t\t\t<div class='gallery-icon landscape'>\n\t\t\t\t<a href='https:\/\/bosnjacki.rs\/wp-content\/uploads\/2018\/10\/Amanda.jpg'><img loading=\"lazy\" decoding=\"async\" width=\"300\" height=\"300\" src=\"https:\/\/bosnjacki.rs\/wp-content\/uploads\/2018\/10\/Amanda-300x300.jpg\" class=\"attachment-thumbnail size-thumbnail\" alt=\"\" srcset=\"https:\/\/bosnjacki.rs\/wp-content\/uploads\/2018\/10\/Amanda-300x300.jpg 300w, https:\/\/bosnjacki.rs\/wp-content\/uploads\/2018\/10\/Amanda-72x72.jpg 72w\" sizes=\"auto, (max-width: 300px) 100vw, 300px\" \/><\/a>\n\t\t\t<\/div><\/figure>\n\t\t<\/div>\n<p><strong>Opis proizvoda:<\/strong><br \/>\nBoja drveta i mebl \u0161tof ili ko\u017ea po izboru. Dim. trosed\u00a0 220x82x82h, dim.dvosed 165x82x82h<\/p>\n<p><strong>Tehni\u010dke specifikacije:<\/strong><br \/>\nMaterijali: \u0161tof, parena bukva.<\/p>\n<p><strong>Dostupnost proizvoda:<\/strong><br \/>\nPo porud\u017ebini.<\/p>","protected":false},"excerpt":{"rendered":"<p>Opis proizvoda: Boja drveta i mebl \u0161tof ili ko\u017ea po izboru. Dim. trosed\u00a0 220x82x82h, dim.dvosed 165x82x82h Tehni\u010dke specifikacije: Materijali: \u0161tof, parena bukva. Dostupnost proizvoda: Po porud\u017ebini.<\/p>\n","protected":false},"author":2,"featured_media":9364,"parent":62,"menu_order":0,"comment_status":"closed","ping_status":"closed","template":"page-product.php","meta":{"footnotes":""},"class_list":["post-9345","page","type-page","status-publish","has-post-thumbnail","hentry"],"_links":{"self":[{"href":"https:\/\/bosnjacki.rs\/rs\/wp-json\/wp\/v2\/pages\/9345","targetHints":{"allow":["GET"]}}],"collection":[{"href":"https:\/\/bosnjacki.rs\/rs\/wp-json\/wp\/v2\/pages"}],"about":[{"href":"https:\/\/bosnjacki.rs\/rs\/wp-json\/wp\/v2\/types\/page"}],"author":[{"embeddable":true,"href":"https:\/\/bosnjacki.rs\/rs\/wp-json\/wp\/v2\/users\/2"}],"replies":[{"embeddable":true,"href":"https:\/\/bosnjacki.rs\/rs\/wp-json\/wp\/v2\/comments?post=9345"}],"version-history":[{"count":7,"href":"https:\/\/bosnjacki.rs\/rs\/wp-json\/wp\/v2\/pages\/9345\/revisions"}],"predecessor-version":[{"id":9366,"href":"https:\/\/bosnjacki.rs\/rs\/wp-json\/wp\/v2\/pages\/9345\/revisions\/9366"}],"up":[{"embeddable":true,"href":"https:\/\/bosnjacki.rs\/rs\/wp-json\/wp\/v2\/pages\/62"}],"wp:featuredmedia":[{"embeddable":true,"href":"https:\/\/bosnjacki.rs\/rs\/wp-json\/wp\/v2\/media\/9364"}],"wp:attachment":[{"href":"https:\/\/bosnjacki.rs\/rs\/wp-json\/wp\/v2\/media?parent=9345"}],"curies":[{"name":"wp","href":"https:\/\/api.w.org\/{rel}","templated":true}]}}