{"id":1786,"date":"2011-02-09T18:07:49","date_gmt":"2011-02-09T18:07:49","guid":{"rendered":"https:\/\/bosnjacki.rs\/bosnjacki_wp\/?page_id=1786"},"modified":"2015-11-19T12:20:00","modified_gmt":"2015-11-19T11:20:00","slug":"barok-i","status":"publish","type":"page","link":"https:\/\/bosnjacki.rs\/ru\/radne-sobe\/biblioteke\/barok-i\/","title":{"rendered":"\u0411\u0430\u0440\u043e\u043a\u043a\u043e I"},"content":{"rendered":"<p><div id='gallery-3' class='gallery galleryid-1786 gallery-columns-3 gallery-size-thumbnail'><figure class='gallery-item'>\n\t\t\t<div class='gallery-icon portrait'>\n\t\t\t\t<a href='https:\/\/bosnjacki.rs\/wp-content\/uploads\/2011\/02\/00LB03.jpg'><img loading=\"lazy\" decoding=\"async\" width=\"284\" height=\"300\" src=\"https:\/\/bosnjacki.rs\/wp-content\/uploads\/2011\/02\/00LB03-284x300.jpg\" class=\"attachment-thumbnail size-thumbnail\" alt=\"\" \/><\/a>\n\t\t\t<\/div><\/figure><figure class='gallery-item'>\n\t\t\t<div class='gallery-icon landscape'>\n\t\t\t\t<a href='https:\/\/bosnjacki.rs\/wp-content\/uploads\/2011\/02\/Z-9100D-00TA84-9100P-00LB03.jpg'><img loading=\"lazy\" decoding=\"async\" width=\"300\" height=\"288\" src=\"https:\/\/bosnjacki.rs\/wp-content\/uploads\/2011\/02\/Z-9100D-00TA84-9100P-00LB03-300x288.jpg\" class=\"attachment-thumbnail size-thumbnail\" alt=\"\" \/><\/a>\n\t\t\t<\/div><\/figure>\n\t\t<\/div>\n<br \/>\n<\/p>","protected":false},"excerpt":{"rendered":"Opis proizvoda: Duborez ru\u010dne izrade. Boja drveta po izboru. Dimenzije: 149x37x204 cm Tehni\u010dke specifikacije: Materijali: masiv bukva Dostupnost proizvoda: Po porud\u017ebini","protected":false},"author":2,"featured_media":1787,"parent":97,"menu_order":0,"comment_status":"open","ping_status":"open","template":"page-product.php","meta":{"footnotes":""},"class_list":["post-1786","page","type-page","status-publish","has-post-thumbnail","hentry"],"_links":{"self":[{"href":"https:\/\/bosnjacki.rs\/ru\/wp-json\/wp\/v2\/pages\/1786","targetHints":{"allow":["GET"]}}],"collection":[{"href":"https:\/\/bosnjacki.rs\/ru\/wp-json\/wp\/v2\/pages"}],"about":[{"href":"https:\/\/bosnjacki.rs\/ru\/wp-json\/wp\/v2\/types\/page"}],"author":[{"embeddable":true,"href":"https:\/\/bosnjacki.rs\/ru\/wp-json\/wp\/v2\/users\/2"}],"replies":[{"embeddable":true,"href":"https:\/\/bosnjacki.rs\/ru\/wp-json\/wp\/v2\/comments?post=1786"}],"version-history":[{"count":3,"href":"https:\/\/bosnjacki.rs\/ru\/wp-json\/wp\/v2\/pages\/1786\/revisions"}],"predecessor-version":[{"id":6104,"href":"https:\/\/bosnjacki.rs\/ru\/wp-json\/wp\/v2\/pages\/1786\/revisions\/6104"}],"up":[{"embeddable":true,"href":"https:\/\/bosnjacki.rs\/ru\/wp-json\/wp\/v2\/pages\/97"}],"wp:featuredmedia":[{"embeddable":true,"href":"https:\/\/bosnjacki.rs\/ru\/wp-json\/wp\/v2\/media\/1787"}],"wp:attachment":[{"href":"https:\/\/bosnjacki.rs\/ru\/wp-json\/wp\/v2\/media?parent=1786"}],"curies":[{"name":"wp","href":"https:\/\/api.w.org\/{rel}","templated":true}]}}