{"id":2657,"date":"2011-03-04T14:46:39","date_gmt":"2011-03-04T13:46:39","guid":{"rendered":"https:\/\/bosnjacki.rs\/?page_id=2657"},"modified":"2011-03-04T14:47:28","modified_gmt":"2011-03-04T13:47:28","slug":"2657-2","status":"publish","type":"page","link":"https:\/\/bosnjacki.rs\/ru\/dekoracija-prostora\/2657-2\/","title":{"rendered":"Lea"},"content":{"rendered":"<div id='gallery-1' class='gallery galleryid-2657 gallery-columns-3 gallery-size-thumbnail'><figure class='gallery-item'>\n\t\t\t<div class='gallery-icon portrait'>\n\t\t\t\t<a href='https:\/\/bosnjacki.rs\/wp-content\/uploads\/2011\/03\/Lea.jpg'><img loading=\"lazy\" decoding=\"async\" width=\"269\" height=\"300\" src=\"https:\/\/bosnjacki.rs\/wp-content\/uploads\/2011\/03\/Lea-269x300.jpg\" class=\"attachment-thumbnail size-thumbnail\" alt=\"\" \/><\/a>\n\t\t\t<\/div><\/figure>\n\t\t<\/div>\n\n<p><strong>Opis proizvoda:<\/strong><br \/>\nVrsta drveta, dimenzije i boja po izboru.<\/p>\n<p><strong>Tehni\u010dke specifikacije:<\/strong><br \/>\nMaterijali: masiv tre\u0161nja.<\/p>\n<p><strong>Dostupnost proizvoda:<\/strong><br \/>\nPo porud\u017ebini<\/p>\n","protected":false},"excerpt":{"rendered":"<p>Opis proizvoda: Vrsta drveta, dimenzije i boja po izboru. Tehni\u010dke specifikacije: Materijali: masiv tre\u0161nja. Dostupnost proizvoda: Po porud\u017ebini<\/p>\n","protected":false},"author":2,"featured_media":2659,"parent":29,"menu_order":0,"comment_status":"open","ping_status":"closed","template":"page-product.php","meta":{"footnotes":""},"class_list":["post-2657","page","type-page","status-publish","has-post-thumbnail","hentry"],"_links":{"self":[{"href":"https:\/\/bosnjacki.rs\/ru\/wp-json\/wp\/v2\/pages\/2657","targetHints":{"allow":["GET"]}}],"collection":[{"href":"https:\/\/bosnjacki.rs\/ru\/wp-json\/wp\/v2\/pages"}],"about":[{"href":"https:\/\/bosnjacki.rs\/ru\/wp-json\/wp\/v2\/types\/page"}],"author":[{"embeddable":true,"href":"https:\/\/bosnjacki.rs\/ru\/wp-json\/wp\/v2\/users\/2"}],"replies":[{"embeddable":true,"href":"https:\/\/bosnjacki.rs\/ru\/wp-json\/wp\/v2\/comments?post=2657"}],"version-history":[{"count":3,"href":"https:\/\/bosnjacki.rs\/ru\/wp-json\/wp\/v2\/pages\/2657\/revisions"}],"predecessor-version":[{"id":2662,"href":"https:\/\/bosnjacki.rs\/ru\/wp-json\/wp\/v2\/pages\/2657\/revisions\/2662"}],"up":[{"embeddable":true,"href":"https:\/\/bosnjacki.rs\/ru\/wp-json\/wp\/v2\/pages\/29"}],"wp:featuredmedia":[{"embeddable":true,"href":"https:\/\/bosnjacki.rs\/ru\/wp-json\/wp\/v2\/media\/2659"}],"wp:attachment":[{"href":"https:\/\/bosnjacki.rs\/ru\/wp-json\/wp\/v2\/media?parent=2657"}],"curies":[{"name":"wp","href":"https:\/\/api.w.org\/{rel}","templated":true}]}}