{"id":6810,"date":"2016-01-27T11:43:07","date_gmt":"2016-01-27T10:43:07","guid":{"rendered":"https:\/\/bosnjacki.rs\/?page_id=6810"},"modified":"2016-03-07T13:31:20","modified_gmt":"2016-03-07T12:31:20","slug":"sebastijan","status":"publish","type":"page","link":"https:\/\/bosnjacki.rs\/ru\/trpezarije\/stolovi\/sebastijan\/","title":{"rendered":"\u0421\u0435\u0431\u0430\u0441\u0442\u0438\u0430\u043d"},"content":{"rendered":"<p><div id='gallery-3' class='gallery galleryid-6810 gallery-columns-3 gallery-size-thumbnail'><figure class='gallery-item'>\n\t\t\t<div class='gallery-icon landscape'>\n\t\t\t\t<a href='https:\/\/bosnjacki.rs\/wp-content\/uploads\/2016\/01\/Sebastijan-3.jpg'><img loading=\"lazy\" decoding=\"async\" width=\"300\" height=\"300\" src=\"https:\/\/bosnjacki.rs\/wp-content\/uploads\/2016\/01\/Sebastijan-3-300x300.jpg\" class=\"attachment-thumbnail size-thumbnail\" alt=\"\" srcset=\"https:\/\/bosnjacki.rs\/wp-content\/uploads\/2016\/01\/Sebastijan-3-300x300.jpg 300w, https:\/\/bosnjacki.rs\/wp-content\/uploads\/2016\/01\/Sebastijan-3-72x72.jpg 72w, https:\/\/bosnjacki.rs\/wp-content\/uploads\/2016\/01\/Sebastijan-3-600x600.jpg 600w\" sizes=\"auto, (max-width: 300px) 100vw, 300px\" \/><\/a>\n\t\t\t<\/div><\/figure><figure class='gallery-item'>\n\t\t\t<div class='gallery-icon landscape'>\n\t\t\t\t<a href='https:\/\/bosnjacki.rs\/wp-content\/uploads\/2016\/01\/Sebastijan-4.jpg'><img loading=\"lazy\" decoding=\"async\" width=\"300\" height=\"300\" src=\"https:\/\/bosnjacki.rs\/wp-content\/uploads\/2016\/01\/Sebastijan-4-300x300.jpg\" class=\"attachment-thumbnail size-thumbnail\" alt=\"\" srcset=\"https:\/\/bosnjacki.rs\/wp-content\/uploads\/2016\/01\/Sebastijan-4-300x300.jpg 300w, https:\/\/bosnjacki.rs\/wp-content\/uploads\/2016\/01\/Sebastijan-4-72x72.jpg 72w, https:\/\/bosnjacki.rs\/wp-content\/uploads\/2016\/01\/Sebastijan-4-600x600.jpg 600w\" sizes=\"auto, (max-width: 300px) 100vw, 300px\" \/><\/a>\n\t\t\t<\/div><\/figure><figure class='gallery-item'>\n\t\t\t<div class='gallery-icon landscape'>\n\t\t\t\t<a href='https:\/\/bosnjacki.rs\/wp-content\/uploads\/2016\/01\/Sebastijan-5.jpg'><img loading=\"lazy\" decoding=\"async\" width=\"300\" height=\"300\" src=\"https:\/\/bosnjacki.rs\/wp-content\/uploads\/2016\/01\/Sebastijan-5-300x300.jpg\" class=\"attachment-thumbnail size-thumbnail\" alt=\"\" srcset=\"https:\/\/bosnjacki.rs\/wp-content\/uploads\/2016\/01\/Sebastijan-5-300x300.jpg 300w, https:\/\/bosnjacki.rs\/wp-content\/uploads\/2016\/01\/Sebastijan-5-72x72.jpg 72w, https:\/\/bosnjacki.rs\/wp-content\/uploads\/2016\/01\/Sebastijan-5-600x600.jpg 600w\" sizes=\"auto, (max-width: 300px) 100vw, 300px\" \/><\/a>\n\t\t\t<\/div><\/figure><figure class='gallery-item'>\n\t\t\t<div class='gallery-icon landscape'>\n\t\t\t\t<a href='https:\/\/bosnjacki.rs\/wp-content\/uploads\/2016\/01\/Sebastijan.jpg'><img loading=\"lazy\" decoding=\"async\" width=\"300\" height=\"300\" src=\"https:\/\/bosnjacki.rs\/wp-content\/uploads\/2016\/01\/Sebastijan-300x300.jpg\" class=\"attachment-thumbnail size-thumbnail\" alt=\"\" srcset=\"https:\/\/bosnjacki.rs\/wp-content\/uploads\/2016\/01\/Sebastijan-300x300.jpg 300w, https:\/\/bosnjacki.rs\/wp-content\/uploads\/2016\/01\/Sebastijan-72x72.jpg 72w, https:\/\/bosnjacki.rs\/wp-content\/uploads\/2016\/01\/Sebastijan.jpg 600w\" sizes=\"auto, (max-width: 300px) 100vw, 300px\" \/><\/a>\n\t\t\t<\/div><\/figure><figure class='gallery-item'>\n\t\t\t<div class='gallery-icon landscape'>\n\t\t\t\t<a href='https:\/\/bosnjacki.rs\/wp-content\/uploads\/2016\/01\/Sebastijan-2.jpg'><img loading=\"lazy\" decoding=\"async\" width=\"300\" height=\"300\" src=\"https:\/\/bosnjacki.rs\/wp-content\/uploads\/2016\/01\/Sebastijan-2-300x300.jpg\" class=\"attachment-thumbnail size-thumbnail\" alt=\"\" srcset=\"https:\/\/bosnjacki.rs\/wp-content\/uploads\/2016\/01\/Sebastijan-2-300x300.jpg 300w, https:\/\/bosnjacki.rs\/wp-content\/uploads\/2016\/01\/Sebastijan-2-72x72.jpg 72w, https:\/\/bosnjacki.rs\/wp-content\/uploads\/2016\/01\/Sebastijan-2-600x600.jpg 600w\" sizes=\"auto, (max-width: 300px) 100vw, 300px\" \/><\/a>\n\t\t\t<\/div><\/figure>\n\t\t<\/div>\n<br \/>\n<\/p>","protected":false},"excerpt":{"rendered":"&nbsp; Opis proizvoda: Povr\u0161inska obrada po izboru. Dim. od 300 do 444x120x80h Tehni\u010dke specifikacije: Materijali: masiv parena bukva, furnirani medijapan. Dostupnost proizvoda: Po porud\u017ebini. &nbsp;","protected":false},"author":2,"featured_media":6813,"parent":111,"menu_order":0,"comment_status":"open","ping_status":"closed","template":"page-product.php","meta":{"footnotes":""},"class_list":["post-6810","page","type-page","status-publish","has-post-thumbnail","hentry"],"_links":{"self":[{"href":"https:\/\/bosnjacki.rs\/ru\/wp-json\/wp\/v2\/pages\/6810","targetHints":{"allow":["GET"]}}],"collection":[{"href":"https:\/\/bosnjacki.rs\/ru\/wp-json\/wp\/v2\/pages"}],"about":[{"href":"https:\/\/bosnjacki.rs\/ru\/wp-json\/wp\/v2\/types\/page"}],"author":[{"embeddable":true,"href":"https:\/\/bosnjacki.rs\/ru\/wp-json\/wp\/v2\/users\/2"}],"replies":[{"embeddable":true,"href":"https:\/\/bosnjacki.rs\/ru\/wp-json\/wp\/v2\/comments?post=6810"}],"version-history":[{"count":2,"href":"https:\/\/bosnjacki.rs\/ru\/wp-json\/wp\/v2\/pages\/6810\/revisions"}],"predecessor-version":[{"id":6930,"href":"https:\/\/bosnjacki.rs\/ru\/wp-json\/wp\/v2\/pages\/6810\/revisions\/6930"}],"up":[{"embeddable":true,"href":"https:\/\/bosnjacki.rs\/ru\/wp-json\/wp\/v2\/pages\/111"}],"wp:featuredmedia":[{"embeddable":true,"href":"https:\/\/bosnjacki.rs\/ru\/wp-json\/wp\/v2\/media\/6813"}],"wp:attachment":[{"href":"https:\/\/bosnjacki.rs\/ru\/wp-json\/wp\/v2\/media?parent=6810"}],"curies":[{"name":"wp","href":"https:\/\/api.w.org\/{rel}","templated":true}]}}