{"id":7322,"date":"2017-01-30T12:15:36","date_gmt":"2017-01-30T11:15:36","guid":{"rendered":"https:\/\/bosnjacki.rs\/?page_id=7322"},"modified":"2017-01-30T12:28:53","modified_gmt":"2017-01-30T11:28:53","slug":"donatelo","status":"publish","type":"page","link":"https:\/\/bosnjacki.rs\/ru\/dnevne-sobe\/sofe\/donatelo\/","title":{"rendered":"\u0414\u043e\u043d\u0430\u0442\u0435\u043b\u043e"},"content":{"rendered":"<p><div id='gallery-3' class='gallery galleryid-7322 gallery-columns-3 gallery-size-thumbnail'><figure class='gallery-item'>\n\t\t\t<div class='gallery-icon landscape'>\n\t\t\t\t<a href='https:\/\/bosnjacki.rs\/wp-content\/uploads\/2017\/01\/Donatelo.jpg'><img loading=\"lazy\" decoding=\"async\" width=\"300\" height=\"300\" src=\"https:\/\/bosnjacki.rs\/wp-content\/uploads\/2017\/01\/Donatelo-300x300.jpg\" class=\"attachment-thumbnail size-thumbnail\" alt=\"\" srcset=\"https:\/\/bosnjacki.rs\/wp-content\/uploads\/2017\/01\/Donatelo-300x300.jpg 300w, https:\/\/bosnjacki.rs\/wp-content\/uploads\/2017\/01\/Donatelo-72x72.jpg 72w, https:\/\/bosnjacki.rs\/wp-content\/uploads\/2017\/01\/Donatelo.jpg 600w\" sizes=\"auto, (max-width: 300px) 100vw, 300px\" \/><\/a>\n\t\t\t<\/div><\/figure><figure class='gallery-item'>\n\t\t\t<div class='gallery-icon landscape'>\n\t\t\t\t<a href='https:\/\/bosnjacki.rs\/wp-content\/uploads\/2017\/01\/Collections_Arredoclassic-Living-Room-Collection-Italy_Donatello-Lounge_side_4-1.jpg'><img loading=\"lazy\" decoding=\"async\" width=\"300\" height=\"300\" src=\"https:\/\/bosnjacki.rs\/wp-content\/uploads\/2017\/01\/Collections_Arredoclassic-Living-Room-Collection-Italy_Donatello-Lounge_side_4-1-300x300.jpg\" class=\"attachment-thumbnail size-thumbnail\" alt=\"\" srcset=\"https:\/\/bosnjacki.rs\/wp-content\/uploads\/2017\/01\/Collections_Arredoclassic-Living-Room-Collection-Italy_Donatello-Lounge_side_4-1-300x300.jpg 300w, https:\/\/bosnjacki.rs\/wp-content\/uploads\/2017\/01\/Collections_Arredoclassic-Living-Room-Collection-Italy_Donatello-Lounge_side_4-1-72x72.jpg 72w\" sizes=\"auto, (max-width: 300px) 100vw, 300px\" \/><\/a>\n\t\t\t<\/div><\/figure><figure class='gallery-item'>\n\t\t\t<div class='gallery-icon portrait'>\n\t\t\t\t<a href='https:\/\/bosnjacki.rs\/wp-content\/uploads\/2017\/01\/DONATELLO_Catalogue_pdf_Page_21.jpg'><img loading=\"lazy\" decoding=\"async\" width=\"300\" height=\"300\" src=\"https:\/\/bosnjacki.rs\/wp-content\/uploads\/2017\/01\/DONATELLO_Catalogue_pdf_Page_21-300x300.jpg\" class=\"attachment-thumbnail size-thumbnail\" alt=\"\" srcset=\"https:\/\/bosnjacki.rs\/wp-content\/uploads\/2017\/01\/DONATELLO_Catalogue_pdf_Page_21-300x300.jpg 300w, https:\/\/bosnjacki.rs\/wp-content\/uploads\/2017\/01\/DONATELLO_Catalogue_pdf_Page_21-72x72.jpg 72w\" sizes=\"auto, (max-width: 300px) 100vw, 300px\" \/><\/a>\n\t\t\t<\/div><\/figure><figure class='gallery-item'>\n\t\t\t<div class='gallery-icon landscape'>\n\t\t\t\t<a href='https:\/\/bosnjacki.rs\/wp-content\/uploads\/2017\/01\/Collections_Arredoclassic-Living-Room-Collection-Italy_Donatello-Lounge_side_4.jpg'><img loading=\"lazy\" decoding=\"async\" width=\"300\" height=\"300\" src=\"https:\/\/bosnjacki.rs\/wp-content\/uploads\/2017\/01\/Collections_Arredoclassic-Living-Room-Collection-Italy_Donatello-Lounge_side_4-300x300.jpg\" class=\"attachment-thumbnail size-thumbnail\" alt=\"\" srcset=\"https:\/\/bosnjacki.rs\/wp-content\/uploads\/2017\/01\/Collections_Arredoclassic-Living-Room-Collection-Italy_Donatello-Lounge_side_4-300x300.jpg 300w, https:\/\/bosnjacki.rs\/wp-content\/uploads\/2017\/01\/Collections_Arredoclassic-Living-Room-Collection-Italy_Donatello-Lounge_side_4-72x72.jpg 72w\" sizes=\"auto, (max-width: 300px) 100vw, 300px\" \/><\/a>\n\t\t\t<\/div><\/figure><figure class='gallery-item'>\n\t\t\t<div class='gallery-icon landscape'>\n\t\t\t\t<a href='https:\/\/bosnjacki.rs\/wp-content\/uploads\/2017\/01\/Collections_Arredoclassic-Living-Room-Collection-Italy_Donatello-Lounge_side_3.jpg'><img loading=\"lazy\" decoding=\"async\" width=\"300\" height=\"300\" src=\"https:\/\/bosnjacki.rs\/wp-content\/uploads\/2017\/01\/Collections_Arredoclassic-Living-Room-Collection-Italy_Donatello-Lounge_side_3-300x300.jpg\" class=\"attachment-thumbnail size-thumbnail\" alt=\"\" srcset=\"https:\/\/bosnjacki.rs\/wp-content\/uploads\/2017\/01\/Collections_Arredoclassic-Living-Room-Collection-Italy_Donatello-Lounge_side_3-300x300.jpg 300w, https:\/\/bosnjacki.rs\/wp-content\/uploads\/2017\/01\/Collections_Arredoclassic-Living-Room-Collection-Italy_Donatello-Lounge_side_3-72x72.jpg 72w\" sizes=\"auto, (max-width: 300px) 100vw, 300px\" \/><\/a>\n\t\t\t<\/div><\/figure><figure class='gallery-item'>\n\t\t\t<div class='gallery-icon landscape'>\n\t\t\t\t<a href='https:\/\/bosnjacki.rs\/wp-content\/uploads\/2017\/01\/arredoclassic-donatello-living-two-seat-sofa-b.jpg'><img loading=\"lazy\" decoding=\"async\" width=\"300\" height=\"300\" src=\"https:\/\/bosnjacki.rs\/wp-content\/uploads\/2017\/01\/arredoclassic-donatello-living-two-seat-sofa-b-300x300.jpg\" class=\"attachment-thumbnail size-thumbnail\" alt=\"\" srcset=\"https:\/\/bosnjacki.rs\/wp-content\/uploads\/2017\/01\/arredoclassic-donatello-living-two-seat-sofa-b-300x300.jpg 300w, https:\/\/bosnjacki.rs\/wp-content\/uploads\/2017\/01\/arredoclassic-donatello-living-two-seat-sofa-b-72x72.jpg 72w\" sizes=\"auto, (max-width: 300px) 100vw, 300px\" \/><\/a>\n\t\t\t<\/div><\/figure><figure class='gallery-item'>\n\t\t\t<div class='gallery-icon portrait'>\n\t\t\t\t<a href='https:\/\/bosnjacki.rs\/wp-content\/uploads\/2017\/01\/arredoclassic-donatello-living-sofa-with-bed-o.jpg'><img loading=\"lazy\" decoding=\"async\" width=\"300\" height=\"300\" src=\"https:\/\/bosnjacki.rs\/wp-content\/uploads\/2017\/01\/arredoclassic-donatello-living-sofa-with-bed-o-300x300.jpg\" class=\"attachment-thumbnail size-thumbnail\" alt=\"\" srcset=\"https:\/\/bosnjacki.rs\/wp-content\/uploads\/2017\/01\/arredoclassic-donatello-living-sofa-with-bed-o-300x300.jpg 300w, https:\/\/bosnjacki.rs\/wp-content\/uploads\/2017\/01\/arredoclassic-donatello-living-sofa-with-bed-o-72x72.jpg 72w\" sizes=\"auto, (max-width: 300px) 100vw, 300px\" \/><\/a>\n\t\t\t<\/div><\/figure><figure class='gallery-item'>\n\t\t\t<div class='gallery-icon landscape'>\n\t\t\t\t<a href='https:\/\/bosnjacki.rs\/wp-content\/uploads\/2017\/01\/arredoclassic-donatello-living-sofa-set-tv-composition-b.jpg'><img loading=\"lazy\" decoding=\"async\" width=\"300\" height=\"300\" src=\"https:\/\/bosnjacki.rs\/wp-content\/uploads\/2017\/01\/arredoclassic-donatello-living-sofa-set-tv-composition-b-300x300.jpg\" class=\"attachment-thumbnail size-thumbnail\" alt=\"\" srcset=\"https:\/\/bosnjacki.rs\/wp-content\/uploads\/2017\/01\/arredoclassic-donatello-living-sofa-set-tv-composition-b-300x300.jpg 300w, https:\/\/bosnjacki.rs\/wp-content\/uploads\/2017\/01\/arredoclassic-donatello-living-sofa-set-tv-composition-b-72x72.jpg 72w\" sizes=\"auto, (max-width: 300px) 100vw, 300px\" \/><\/a>\n\t\t\t<\/div><\/figure><figure class='gallery-item'>\n\t\t\t<div class='gallery-icon landscape'>\n\t\t\t\t<a href='https:\/\/bosnjacki.rs\/wp-content\/uploads\/2017\/01\/arredoclassic-donatello-living-corner-sofa-tv-set-b.jpg'><img loading=\"lazy\" decoding=\"async\" width=\"300\" height=\"300\" src=\"https:\/\/bosnjacki.rs\/wp-content\/uploads\/2017\/01\/arredoclassic-donatello-living-corner-sofa-tv-set-b-300x300.jpg\" class=\"attachment-thumbnail size-thumbnail\" alt=\"\" srcset=\"https:\/\/bosnjacki.rs\/wp-content\/uploads\/2017\/01\/arredoclassic-donatello-living-corner-sofa-tv-set-b-300x300.jpg 300w, https:\/\/bosnjacki.rs\/wp-content\/uploads\/2017\/01\/arredoclassic-donatello-living-corner-sofa-tv-set-b-72x72.jpg 72w\" sizes=\"auto, (max-width: 300px) 100vw, 300px\" \/><\/a>\n\t\t\t<\/div><\/figure>\n\t\t<\/div>\n<br \/>\n<\/p>","protected":false},"excerpt":{"rendered":"Opis proizvoda: Mebl \u0161tof po izboru. Opcije: \u00a0trosed, dvosed, trosed i dvosed na razvla\u010denje, ugaona garnitura ve\u0107a i manja. Tehni\u010dke specifikacije: Materijali: \u0161tof, parena bukva, ru\u010dno radjena pozlata. Dostupnost proizvoda: Po porud\u017ebini. &nbsp;","protected":false},"author":2,"featured_media":7339,"parent":62,"menu_order":0,"comment_status":"open","ping_status":"closed","template":"page-product.php","meta":{"footnotes":""},"class_list":["post-7322","page","type-page","status-publish","has-post-thumbnail","hentry"],"_links":{"self":[{"href":"https:\/\/bosnjacki.rs\/ru\/wp-json\/wp\/v2\/pages\/7322","targetHints":{"allow":["GET"]}}],"collection":[{"href":"https:\/\/bosnjacki.rs\/ru\/wp-json\/wp\/v2\/pages"}],"about":[{"href":"https:\/\/bosnjacki.rs\/ru\/wp-json\/wp\/v2\/types\/page"}],"author":[{"embeddable":true,"href":"https:\/\/bosnjacki.rs\/ru\/wp-json\/wp\/v2\/users\/2"}],"replies":[{"embeddable":true,"href":"https:\/\/bosnjacki.rs\/ru\/wp-json\/wp\/v2\/comments?post=7322"}],"version-history":[{"count":3,"href":"https:\/\/bosnjacki.rs\/ru\/wp-json\/wp\/v2\/pages\/7322\/revisions"}],"predecessor-version":[{"id":7340,"href":"https:\/\/bosnjacki.rs\/ru\/wp-json\/wp\/v2\/pages\/7322\/revisions\/7340"}],"up":[{"embeddable":true,"href":"https:\/\/bosnjacki.rs\/ru\/wp-json\/wp\/v2\/pages\/62"}],"wp:featuredmedia":[{"embeddable":true,"href":"https:\/\/bosnjacki.rs\/ru\/wp-json\/wp\/v2\/media\/7339"}],"wp:attachment":[{"href":"https:\/\/bosnjacki.rs\/ru\/wp-json\/wp\/v2\/media?parent=7322"}],"curies":[{"name":"wp","href":"https:\/\/api.w.org\/{rel}","templated":true}]}}