{"id":7468,"date":"2017-02-20T13:29:32","date_gmt":"2017-02-20T12:29:32","guid":{"rendered":"https:\/\/bosnjacki.rs\/?page_id=7468"},"modified":"2017-02-20T13:29:32","modified_gmt":"2017-02-20T12:29:32","slug":"luisa","status":"publish","type":"page","link":"https:\/\/bosnjacki.rs\/ru\/dnevne-sobe\/taburei\/luisa\/","title":{"rendered":"\u041b\u0443\u0438\u0441\u0430"},"content":{"rendered":"<p><div id='gallery-3' class='gallery galleryid-7468 gallery-columns-3 gallery-size-thumbnail'><figure class='gallery-item'>\n\t\t\t<div class='gallery-icon landscape'>\n\t\t\t\t<a href='https:\/\/bosnjacki.rs\/wp-content\/uploads\/2017\/02\/Luisa-2.jpg'><img loading=\"lazy\" decoding=\"async\" width=\"300\" height=\"300\" src=\"https:\/\/bosnjacki.rs\/wp-content\/uploads\/2017\/02\/Luisa-2-300x300.jpg\" class=\"attachment-thumbnail size-thumbnail\" alt=\"\" srcset=\"https:\/\/bosnjacki.rs\/wp-content\/uploads\/2017\/02\/Luisa-2-300x300.jpg 300w, https:\/\/bosnjacki.rs\/wp-content\/uploads\/2017\/02\/Luisa-2-72x72.jpg 72w, https:\/\/bosnjacki.rs\/wp-content\/uploads\/2017\/02\/Luisa-2.jpg 720w\" sizes=\"auto, (max-width: 300px) 100vw, 300px\" \/><\/a>\n\t\t\t<\/div><\/figure><figure class='gallery-item'>\n\t\t\t<div class='gallery-icon landscape'>\n\t\t\t\t<a href='https:\/\/bosnjacki.rs\/wp-content\/uploads\/2017\/02\/Luisa-3.jpg'><img loading=\"lazy\" decoding=\"async\" width=\"300\" height=\"300\" src=\"https:\/\/bosnjacki.rs\/wp-content\/uploads\/2017\/02\/Luisa-3-300x300.jpg\" class=\"attachment-thumbnail size-thumbnail\" alt=\"\" srcset=\"https:\/\/bosnjacki.rs\/wp-content\/uploads\/2017\/02\/Luisa-3-300x300.jpg 300w, https:\/\/bosnjacki.rs\/wp-content\/uploads\/2017\/02\/Luisa-3-72x72.jpg 72w, https:\/\/bosnjacki.rs\/wp-content\/uploads\/2017\/02\/Luisa-3.jpg 720w\" sizes=\"auto, (max-width: 300px) 100vw, 300px\" \/><\/a>\n\t\t\t<\/div><\/figure><figure class='gallery-item'>\n\t\t\t<div class='gallery-icon landscape'>\n\t\t\t\t<a href='https:\/\/bosnjacki.rs\/wp-content\/uploads\/2017\/02\/Luisa-4.jpg'><img loading=\"lazy\" decoding=\"async\" width=\"300\" height=\"300\" src=\"https:\/\/bosnjacki.rs\/wp-content\/uploads\/2017\/02\/Luisa-4-300x300.jpg\" class=\"attachment-thumbnail size-thumbnail\" alt=\"\" srcset=\"https:\/\/bosnjacki.rs\/wp-content\/uploads\/2017\/02\/Luisa-4-300x300.jpg 300w, https:\/\/bosnjacki.rs\/wp-content\/uploads\/2017\/02\/Luisa-4-72x72.jpg 72w, https:\/\/bosnjacki.rs\/wp-content\/uploads\/2017\/02\/Luisa-4.jpg 720w\" sizes=\"auto, (max-width: 300px) 100vw, 300px\" \/><\/a>\n\t\t\t<\/div><\/figure><figure class='gallery-item'>\n\t\t\t<div class='gallery-icon landscape'>\n\t\t\t\t<a href='https:\/\/bosnjacki.rs\/wp-content\/uploads\/2017\/02\/Luisa.jpg'><img loading=\"lazy\" decoding=\"async\" width=\"300\" height=\"300\" src=\"https:\/\/bosnjacki.rs\/wp-content\/uploads\/2017\/02\/Luisa-300x300.jpg\" class=\"attachment-thumbnail size-thumbnail\" alt=\"\" srcset=\"https:\/\/bosnjacki.rs\/wp-content\/uploads\/2017\/02\/Luisa-300x300.jpg 300w, https:\/\/bosnjacki.rs\/wp-content\/uploads\/2017\/02\/Luisa-72x72.jpg 72w, https:\/\/bosnjacki.rs\/wp-content\/uploads\/2017\/02\/Luisa.jpg 720w\" sizes=\"auto, (max-width: 300px) 100vw, 300px\" \/><\/a>\n\t\t\t<\/div><\/figure>\n\t\t<\/div>\n<br \/>\n<\/p>","protected":false},"excerpt":{"rendered":"Opis proizvoda: Mebl \u0161tof ili ko\u017ea. Boja drveta po izboru. Dim. 124x54x52h Tehni\u010dke specifikacije: Materijali: \u0161tof, ko\u017ea, masiv parena bukva. Dostupnost proizvoda: Po porud\u017ebini &nbsp;","protected":false},"author":2,"featured_media":7472,"parent":52,"menu_order":0,"comment_status":"open","ping_status":"closed","template":"page-product.php","meta":{"footnotes":""},"class_list":["post-7468","page","type-page","status-publish","has-post-thumbnail","hentry"],"_links":{"self":[{"href":"https:\/\/bosnjacki.rs\/ru\/wp-json\/wp\/v2\/pages\/7468","targetHints":{"allow":["GET"]}}],"collection":[{"href":"https:\/\/bosnjacki.rs\/ru\/wp-json\/wp\/v2\/pages"}],"about":[{"href":"https:\/\/bosnjacki.rs\/ru\/wp-json\/wp\/v2\/types\/page"}],"author":[{"embeddable":true,"href":"https:\/\/bosnjacki.rs\/ru\/wp-json\/wp\/v2\/users\/2"}],"replies":[{"embeddable":true,"href":"https:\/\/bosnjacki.rs\/ru\/wp-json\/wp\/v2\/comments?post=7468"}],"version-history":[{"count":1,"href":"https:\/\/bosnjacki.rs\/ru\/wp-json\/wp\/v2\/pages\/7468\/revisions"}],"predecessor-version":[{"id":7473,"href":"https:\/\/bosnjacki.rs\/ru\/wp-json\/wp\/v2\/pages\/7468\/revisions\/7473"}],"up":[{"embeddable":true,"href":"https:\/\/bosnjacki.rs\/ru\/wp-json\/wp\/v2\/pages\/52"}],"wp:featuredmedia":[{"embeddable":true,"href":"https:\/\/bosnjacki.rs\/ru\/wp-json\/wp\/v2\/media\/7472"}],"wp:attachment":[{"href":"https:\/\/bosnjacki.rs\/ru\/wp-json\/wp\/v2\/media?parent=7468"}],"curies":[{"name":"wp","href":"https:\/\/api.w.org\/{rel}","templated":true}]}}