{"id":7474,"date":"2017-02-20T13:34:48","date_gmt":"2017-02-20T12:34:48","guid":{"rendered":"https:\/\/bosnjacki.rs\/?page_id=7474"},"modified":"2017-02-20T13:34:48","modified_gmt":"2017-02-20T12:34:48","slug":"sibina","status":"publish","type":"page","link":"https:\/\/bosnjacki.rs\/ru\/dnevne-sobe\/taburei\/sibina\/","title":{"rendered":"\u0421\u0438\u0431\u0438\u043d\u0430"},"content":{"rendered":"<p><div id='gallery-3' class='gallery galleryid-7474 gallery-columns-3 gallery-size-thumbnail'><figure class='gallery-item'>\n\t\t\t<div class='gallery-icon landscape'>\n\t\t\t\t<a href='https:\/\/bosnjacki.rs\/wp-content\/uploads\/2017\/02\/Sibina-2.jpg'><img loading=\"lazy\" decoding=\"async\" width=\"300\" height=\"300\" src=\"https:\/\/bosnjacki.rs\/wp-content\/uploads\/2017\/02\/Sibina-2-300x300.jpg\" class=\"attachment-thumbnail size-thumbnail\" alt=\"\" srcset=\"https:\/\/bosnjacki.rs\/wp-content\/uploads\/2017\/02\/Sibina-2-300x300.jpg 300w, https:\/\/bosnjacki.rs\/wp-content\/uploads\/2017\/02\/Sibina-2-72x72.jpg 72w, https:\/\/bosnjacki.rs\/wp-content\/uploads\/2017\/02\/Sibina-2.jpg 720w\" sizes=\"auto, (max-width: 300px) 100vw, 300px\" \/><\/a>\n\t\t\t<\/div><\/figure><figure class='gallery-item'>\n\t\t\t<div class='gallery-icon landscape'>\n\t\t\t\t<a href='https:\/\/bosnjacki.rs\/wp-content\/uploads\/2017\/02\/Sibina-3.jpg'><img loading=\"lazy\" decoding=\"async\" width=\"300\" height=\"300\" src=\"https:\/\/bosnjacki.rs\/wp-content\/uploads\/2017\/02\/Sibina-3-300x300.jpg\" class=\"attachment-thumbnail size-thumbnail\" alt=\"\" srcset=\"https:\/\/bosnjacki.rs\/wp-content\/uploads\/2017\/02\/Sibina-3-300x300.jpg 300w, https:\/\/bosnjacki.rs\/wp-content\/uploads\/2017\/02\/Sibina-3-768x768.jpg 768w, https:\/\/bosnjacki.rs\/wp-content\/uploads\/2017\/02\/Sibina-3-72x72.jpg 72w, https:\/\/bosnjacki.rs\/wp-content\/uploads\/2017\/02\/Sibina-3.jpg 770w\" sizes=\"auto, (max-width: 300px) 100vw, 300px\" \/><\/a>\n\t\t\t<\/div><\/figure><figure class='gallery-item'>\n\t\t\t<div class='gallery-icon landscape'>\n\t\t\t\t<a href='https:\/\/bosnjacki.rs\/wp-content\/uploads\/2017\/02\/Sibina.jpg'><img loading=\"lazy\" decoding=\"async\" width=\"300\" height=\"300\" src=\"https:\/\/bosnjacki.rs\/wp-content\/uploads\/2017\/02\/Sibina-300x300.jpg\" class=\"attachment-thumbnail size-thumbnail\" alt=\"\" srcset=\"https:\/\/bosnjacki.rs\/wp-content\/uploads\/2017\/02\/Sibina-300x300.jpg 300w, https:\/\/bosnjacki.rs\/wp-content\/uploads\/2017\/02\/Sibina-72x72.jpg 72w, https:\/\/bosnjacki.rs\/wp-content\/uploads\/2017\/02\/Sibina.jpg 720w\" sizes=\"auto, (max-width: 300px) 100vw, 300px\" \/><\/a>\n\t\t\t<\/div><\/figure>\n\t\t<\/div>\n<br \/>\n<\/p>","protected":false},"excerpt":{"rendered":"Opis proizvoda: Mebl \u0161tof ili ko\u017ea. Boja drveta po izboru. Dim. 120x50x50h Tehni\u010dke specifikacije: Materijali: \u0161tof, ko\u017ea, masiv parena bukva. Dostupnost proizvoda: Po porud\u017ebini &nbsp;","protected":false},"author":2,"featured_media":7477,"parent":52,"menu_order":0,"comment_status":"open","ping_status":"closed","template":"page-product.php","meta":{"footnotes":""},"class_list":["post-7474","page","type-page","status-publish","has-post-thumbnail","hentry"],"_links":{"self":[{"href":"https:\/\/bosnjacki.rs\/ru\/wp-json\/wp\/v2\/pages\/7474","targetHints":{"allow":["GET"]}}],"collection":[{"href":"https:\/\/bosnjacki.rs\/ru\/wp-json\/wp\/v2\/pages"}],"about":[{"href":"https:\/\/bosnjacki.rs\/ru\/wp-json\/wp\/v2\/types\/page"}],"author":[{"embeddable":true,"href":"https:\/\/bosnjacki.rs\/ru\/wp-json\/wp\/v2\/users\/2"}],"replies":[{"embeddable":true,"href":"https:\/\/bosnjacki.rs\/ru\/wp-json\/wp\/v2\/comments?post=7474"}],"version-history":[{"count":2,"href":"https:\/\/bosnjacki.rs\/ru\/wp-json\/wp\/v2\/pages\/7474\/revisions"}],"predecessor-version":[{"id":7479,"href":"https:\/\/bosnjacki.rs\/ru\/wp-json\/wp\/v2\/pages\/7474\/revisions\/7479"}],"up":[{"embeddable":true,"href":"https:\/\/bosnjacki.rs\/ru\/wp-json\/wp\/v2\/pages\/52"}],"wp:featuredmedia":[{"embeddable":true,"href":"https:\/\/bosnjacki.rs\/ru\/wp-json\/wp\/v2\/media\/7477"}],"wp:attachment":[{"href":"https:\/\/bosnjacki.rs\/ru\/wp-json\/wp\/v2\/media?parent=7474"}],"curies":[{"name":"wp","href":"https:\/\/api.w.org\/{rel}","templated":true}]}}